{"id":4704,"date":"2023-07-11T16:44:57","date_gmt":"2023-07-11T14:44:57","guid":{"rendered":"https:\/\/spolchemie.two.testovaciverze.cz\/company-and-surroundings\/"},"modified":"2025-08-24T14:41:49","modified_gmt":"2025-08-24T12:41:49","slug":"company-and-surroundings","status":"publish","type":"page","link":"https:\/\/spolchemie.two.testovaciverze.cz\/en\/responsible-company\/sustainable-development\/company-and-surroundings\/","title":{"rendered":"Company and surroundings"},"content":{"rendered":"\t\t<div data-elementor-type=\"wp-page\" data-elementor-id=\"4704\" class=\"elementor elementor-4704 elementor-2339\" data-elementor-post-type=\"page\">\n\t\t\t\t<div data-dce-background-image-url=\"https:\/\/spolchemie.two.testovaciverze.cz\/wp-content\/uploads\/2023\/07\/spolecnost-1.jpeg\" class=\"elementor-element elementor-element-c5dbf5f e-con-full e-flex e-con e-parent\" data-id=\"c5dbf5f\" data-element_type=\"container\" data-settings=\"{&quot;background_background&quot;:&quot;classic&quot;}\">\n\t\t\t\t<\/div>\n\t\t<div class=\"elementor-element elementor-element-3d2c651c e-flex e-con-boxed e-con e-parent\" data-id=\"3d2c651c\" data-element_type=\"container\" data-settings=\"{&quot;background_background&quot;:&quot;classic&quot;}\">\n\t\t\t\t\t<div class=\"e-con-inner\">\n\t\t<div class=\"elementor-element elementor-element-12e3cbb0 e-flex e-con-boxed e-con e-child\" data-id=\"12e3cbb0\" data-element_type=\"container\">\n\t\t\t\t\t<div class=\"e-con-inner\">\n\t\t\t\t<div class=\"elementor-element elementor-element-37d0b633 elementor-widget elementor-widget-sp-breadcrumbs\" data-id=\"37d0b633\" data-element_type=\"widget\" data-widget_type=\"sp-breadcrumbs.default\">\n\t\t\t\t<div class=\"elementor-widget-container\">\n\t\t\t\t\t<nav  aria-label=\"breadcrumb\"><ol class=\"breadcrumb\" itemscope itemtype=\"https:\/\/schema.org\/BreadcrumbList\"><li class=\"breadcrumb-item active\" aria-current=\"page\" itemprop=\"itemListElement\" itemscope itemtype=\"https:\/\/schema.org\/ListItem\"><span itemprop=\"name\">Spolchemie<\/span><meta itemprop=\"position\" content=\"1\"><\/li><\/ol><\/nav>\t\t\t\t<\/div>\n\t\t\t\t<\/div>\n\t\t\t\t<div class=\"elementor-element elementor-element-7cd8a94f elementor-widget elementor-widget-heading\" data-id=\"7cd8a94f\" data-element_type=\"widget\" data-widget_type=\"heading.default\">\n\t\t\t\t\t<h1 class=\"elementor-heading-title elementor-size-default\">Company and surroundings<\/h1>\t\t\t\t<\/div>\n\t\t\t\t\t<\/div>\n\t\t\t\t<\/div>\n\t\t\t\t\t<\/div>\n\t\t\t\t<\/div>\n\t\t<div class=\"elementor-element elementor-element-42313957 e-flex e-con-boxed e-con e-parent\" data-id=\"42313957\" data-element_type=\"container\" data-settings=\"{&quot;background_background&quot;:&quot;gradient&quot;}\">\n\t\t\t\t\t<div class=\"e-con-inner\">\n\t\t<div class=\"elementor-element elementor-element-3d67af19 e-flex e-con-boxed e-con e-child\" data-id=\"3d67af19\" data-element_type=\"container\">\n\t\t\t\t\t<div class=\"e-con-inner\">\n\t\t\t\t<div class=\"elementor-element elementor-element-21daa390 elementor-widget elementor-widget-heading\" data-id=\"21daa390\" data-element_type=\"widget\" data-widget_type=\"heading.default\">\n\t\t\t\t\t<h2 class=\"elementor-heading-title elementor-size-default\">Long tradition of chemical production in \u00dast\u00ed nad Labem<\/h2>\t\t\t\t<\/div>\n\t\t\t\t<div class=\"elementor-element elementor-element-7d6f90f3 elementor-widget elementor-widget-text-editor\" data-id=\"7d6f90f3\" data-element_type=\"widget\" data-widget_type=\"text-editor.default\">\n\t\t\t\t\t\t\t\t\t<p>Chemical production in \u00dast\u00ed nad Labem began in 1865. The town grew and prospered thanks to it. SPOLCHEMIE was and is an important part of Czech industry and is a major employer in the region.<\/p>\n\t\t\t\t\t\t\t\t<\/div>\n\t\t\t\t\t<\/div>\n\t\t\t\t<\/div>\n\t\t<div class=\"elementor-element elementor-element-3b1981e5 e-flex e-con-boxed e-con e-child\" data-id=\"3b1981e5\" data-element_type=\"container\">\n\t\t\t\t\t<div class=\"e-con-inner\">\n\t\t\t\t<div class=\"elementor-element elementor-element-6fcfb7f1 elementor-widget elementor-widget-image\" data-id=\"6fcfb7f1\" data-element_type=\"widget\" id=\"add-mask-left\" data-widget_type=\"image.default\">\n\t\t\t\t\t\t\t\t\t\t\t\t\t\t\t<img fetchpriority=\"high\" decoding=\"async\" width=\"518\" height=\"325\" src=\"https:\/\/spolchemie.two.testovaciverze.cz\/wp-content\/uploads\/2023\/07\/spolecnost-2.jpeg\" class=\"attachment-large size-large wp-image-4294\" alt=\"\" srcset=\"https:\/\/spolchemie.two.testovaciverze.cz\/wp-content\/uploads\/2023\/07\/spolecnost-2.jpeg 518w, https:\/\/spolchemie.two.testovaciverze.cz\/wp-content\/uploads\/2023\/07\/spolecnost-2-300x188.jpeg 300w\" sizes=\"(max-width: 518px) 100vw, 518px\" \/>\t\t\t\t\t\t\t\t\t\t\t\t\t\t\t<\/div>\n\t\t\t\t\t<\/div>\n\t\t\t\t<\/div>\n\t\t\t\t\t<\/div>\n\t\t\t\t<\/div>\n\t\t<div class=\"elementor-element elementor-element-2ddc9b61 e-flex e-con-boxed e-con e-parent\" data-id=\"2ddc9b61\" data-element_type=\"container\" data-settings=\"{&quot;background_background&quot;:&quot;classic&quot;}\">\n\t\t\t\t\t<div class=\"e-con-inner\">\n\t\t<div class=\"elementor-element elementor-element-765f018b e-flex e-con-boxed e-con e-child\" data-id=\"765f018b\" data-element_type=\"container\">\n\t\t\t\t\t<div class=\"e-con-inner\">\n\t\t\t\t<div class=\"elementor-element elementor-element-35cf6673 elementor-widget__width-initial elementor-widget elementor-widget-text-editor\" data-id=\"35cf6673\" data-element_type=\"widget\" data-widget_type=\"text-editor.default\">\n\t\t\t\t\t\t\t\t\t<h2>Stable, perspective and reliable employer<\/h2>\n<p>We are a major employer in \u00dast\u00ed and the region. For our employees and their families, our company represents not only social security and material support, but also an opportunity for career development and growth. Due to the size and manufacturing nature of the company <a href=\"https:\/\/spolchemie.two.testovaciverze.cz\/kariera\/\">, we offer employment in many different fields<\/a>, whether it be in management, administration, research and development or production.<\/p>\n\t\t\t\t\t\t\t\t<\/div>\n\t\t\t\t\t<\/div>\n\t\t\t\t<\/div>\n\t\t\t\t\t<\/div>\n\t\t\t\t<\/div>\n\t\t<div class=\"elementor-element elementor-element-2c3a02b e-flex e-con-boxed e-con e-parent\" data-id=\"2c3a02b\" data-element_type=\"container\" data-settings=\"{&quot;background_background&quot;:&quot;classic&quot;}\">\n\t\t\t\t\t<div class=\"e-con-inner\">\n\t\t<div class=\"elementor-element elementor-element-eb168b3 e-flex e-con-boxed e-con e-child\" data-id=\"eb168b3\" data-element_type=\"container\">\n\t\t\t\t\t<div class=\"e-con-inner\">\n\t\t\t\t<div class=\"elementor-element elementor-element-6207f94 elementor-widget__width-initial elementor-widget elementor-widget-text-editor\" data-id=\"6207f94\" data-element_type=\"widget\" data-widget_type=\"text-editor.default\">\n\t\t\t\t\t\t\t\t\t<h2>COOPERATION AND ENVIRONMENTAL SUPPORT<\/h2><p data-start=\"192\" data-end=\"363\"><strong>We aim to be a good neighbour to the city of \u00dast\u00ed nad Labem, the region, and its residents. That is why we work closely with both the city and the \u00dast\u00ed nad Labem Region.<\/strong><\/p><p data-start=\"365\" data-end=\"763\">Supporting regional activities and communities is an important part of who we are. Since the very beginning, we have <strong>proudly partnered with the \u00dast\u00ed Running Festival<\/strong>\u2014whose route uniquely passes through our premises\u2014and we are also the <strong>general partner of the Czech Para Cycling Cup.<\/strong> The half marathon has become a much-loved tradition, regularly joined by many of our employees.<\/p><p data-start=\"765\" data-end=\"985\">We are also a proud partner of the annual cultural and social event <strong><em data-start=\"833\" data-end=\"849\">\u00dasteck\u00e9 V\u00e1noce<\/em><\/strong> (\u00dast\u00ed Christmas) and <strong><em>Mikul\u00e1\u0161 se SPOLCHEMI\u00cd<\/em><\/strong>\u2014festivities designed for the whole families to enjoy.<\/p><p data-start=\"141\" data-end=\"340\">Our <strong data-start=\"145\" data-end=\"167\">Minigrants Program<\/strong> has been providing financial support since 2017 for sports, physical and educational activities, as well as initiatives focused on environmental protection in our region.<\/p><p data-start=\"342\" data-end=\"529\">We also take part in the <strong data-start=\"367\" data-end=\"393\">European Heritage Days<\/strong>, during which we offer visitors the unique opportunity to see the interiors of our administration building, constructed in the 1930s.<\/p><p data-start=\"531\" data-end=\"673\">We support our former employees as well \u2013 both through financial contributions to their club activities and by helping them organize events.<\/p><p data-start=\"675\" data-end=\"752\">Learn more about our cooperation with schools in the <a href=\"https:\/\/spolchemie.two.testovaciverze.cz\/odpovedna-firma\/vzdelavani\/\"><strong data-start=\"728\" data-end=\"741\">Education<\/strong> <\/a>section.<\/p>\t\t\t\t\t\t\t\t<\/div>\n\t\t\t\t\t<\/div>\n\t\t\t\t<\/div>\n\t\t\t\t\t<\/div>\n\t\t\t\t<\/div>\n\t\t<div class=\"elementor-element elementor-element-5f5075b3 e-flex e-con-boxed e-con e-parent\" data-id=\"5f5075b3\" data-element_type=\"container\" data-settings=\"{&quot;background_background&quot;:&quot;gradient&quot;}\">\n\t\t\t\t\t<div class=\"e-con-inner\">\n\t\t<div class=\"elementor-element elementor-element-6d7ce11a e-flex e-con-boxed e-con e-child\" data-id=\"6d7ce11a\" data-element_type=\"container\">\n\t\t\t\t\t<div class=\"e-con-inner\">\n\t\t\t\t<div class=\"elementor-element elementor-element-70f2105d elementor-widget elementor-widget-heading\" data-id=\"70f2105d\" data-element_type=\"widget\" data-widget_type=\"heading.default\">\n\t\t\t\t\t<h2 class=\"elementor-heading-title elementor-size-default\">\u00dast\u00ed Running Festival<\/h2>\t\t\t\t<\/div>\n\t\t\t\t<div class=\"elementor-element elementor-element-1ca50f5c elementor-widget elementor-widget-text-editor\" data-id=\"1ca50f5c\" data-element_type=\"widget\" data-widget_type=\"text-editor.default\">\n\t\t\t\t\t\t\t\t\t<p data-start=\"82\" data-end=\"311\">We are a proud partner of this unique race, which runs right through the chemical plant \u2013 a true world-class rarity. The event also hosts the Czech Para-Cycling Cup, where we are the general partner.<\/p><p data-start=\"313\" data-end=\"567\">In 2025, the 15th edition of this popular regional running event will take place. Thanks to its fast and almost completely flat course, it has earned the nickname <em data-start=\"476\" data-end=\"503\">\u201cthe Ferrari among races\u201d<\/em> \u2013 and it\u2019s no surprise, as records are regularly broken here!<\/p>\t\t\t\t\t\t\t\t<\/div>\n\t\t\t\t\t<\/div>\n\t\t\t\t<\/div>\n\t\t<div class=\"elementor-element elementor-element-7bc869e2 e-flex e-con-boxed e-con e-child\" data-id=\"7bc869e2\" data-element_type=\"container\" id=\"add-mask\">\n\t\t\t\t\t<div class=\"e-con-inner\">\n\t\t\t\t<div class=\"elementor-element elementor-element-20008ff elementor-widget elementor-widget-image\" data-id=\"20008ff\" data-element_type=\"widget\" data-widget_type=\"image.default\">\n\t\t\t\t\t\t\t\t\t\t\t\t\t\t\t<img decoding=\"async\" width=\"800\" height=\"533\" src=\"https:\/\/spolchemie.two.testovaciverze.cz\/wp-content\/uploads\/2023\/07\/spolecnost-3-1024x682.jpeg\" class=\"attachment-large size-large wp-image-4296\" alt=\"\" srcset=\"https:\/\/spolchemie.two.testovaciverze.cz\/wp-content\/uploads\/2023\/07\/spolecnost-3-1024x682.jpeg 1024w, https:\/\/spolchemie.two.testovaciverze.cz\/wp-content\/uploads\/2023\/07\/spolecnost-3-300x200.jpeg 300w, https:\/\/spolchemie.two.testovaciverze.cz\/wp-content\/uploads\/2023\/07\/spolecnost-3-768x511.jpeg 768w, https:\/\/spolchemie.two.testovaciverze.cz\/wp-content\/uploads\/2023\/07\/spolecnost-3-1536x1022.jpeg 1536w, https:\/\/spolchemie.two.testovaciverze.cz\/wp-content\/uploads\/2023\/07\/spolecnost-3.jpeg 2048w\" sizes=\"(max-width: 800px) 100vw, 800px\" \/>\t\t\t\t\t\t\t\t\t\t\t\t\t\t\t<\/div>\n\t\t\t\t\t<\/div>\n\t\t\t\t<\/div>\n\t\t\t\t\t<\/div>\n\t\t\t\t<\/div>\n\t\t<div class=\"elementor-element elementor-element-5a76b9d2 e-flex e-con-boxed e-con e-parent\" data-id=\"5a76b9d2\" data-element_type=\"container\" data-settings=\"{&quot;background_background&quot;:&quot;classic&quot;}\">\n\t\t\t\t\t<div class=\"e-con-inner\">\n\t\t<div class=\"elementor-element elementor-element-5d2b4334 e-flex e-con-boxed e-con e-child\" data-id=\"5d2b4334\" data-element_type=\"container\">\n\t\t\t\t\t<div class=\"e-con-inner\">\n\t\t\t\t<div class=\"elementor-element elementor-element-6dc5bc26 elementor-widget__width-initial elementor-widget elementor-widget-text-editor\" data-id=\"6dc5bc26\" data-element_type=\"widget\" data-widget_type=\"text-editor.default\">\n\t\t\t\t\t\t\t\t\t<p>Header photo by Ladislav Faigl, <a href=\"https:\/\/creativecommons.org\/licenses\/by-sa\/3.0\">CC BY-SA 3.0<\/a>, via Wikimedia Commons<\/p>\n\t\t\t\t\t\t\t\t<\/div>\n\t\t\t\t\t<\/div>\n\t\t\t\t<\/div>\n\t\t\t\t\t<\/div>\n\t\t\t\t<\/div>\n\t\t\t\t<\/div>\n\t\t","protected":false},"excerpt":{"rendered":"<p>Spolchemie Long tradition of chemical production in \u00dast\u00ed nad Labem Chemical production in \u00dast\u00ed nad Labem began in 1865. The town grew and prospered thanks to it. SPOLCHEMIE was and is an important part of Czech industry and is a major employer in the region. Stable, perspective and reliable employer We are a major employer [&hellip;]<\/p>\n","protected":false},"author":1,"featured_media":0,"parent":5103,"menu_order":0,"comment_status":"closed","ping_status":"closed","template":"","meta":{"_acf_changed":false,"_seopress_robots_primary_cat":"","_seopress_titles_title":"","_seopress_titles_desc":"","_seopress_robots_index":"","footnotes":"","_links_to":"","_links_to_target":""},"class_list":["post-4704","page","type-page","status-publish","hentry"],"acf":[],"_links":{"self":[{"href":"https:\/\/spolchemie.two.testovaciverze.cz\/en\/wp-json\/wp\/v2\/pages\/4704","targetHints":{"allow":["GET"]}}],"collection":[{"href":"https:\/\/spolchemie.two.testovaciverze.cz\/en\/wp-json\/wp\/v2\/pages"}],"about":[{"href":"https:\/\/spolchemie.two.testovaciverze.cz\/en\/wp-json\/wp\/v2\/types\/page"}],"author":[{"embeddable":true,"href":"https:\/\/spolchemie.two.testovaciverze.cz\/en\/wp-json\/wp\/v2\/users\/1"}],"replies":[{"embeddable":true,"href":"https:\/\/spolchemie.two.testovaciverze.cz\/en\/wp-json\/wp\/v2\/comments?post=4704"}],"version-history":[{"count":8,"href":"https:\/\/spolchemie.two.testovaciverze.cz\/en\/wp-json\/wp\/v2\/pages\/4704\/revisions"}],"predecessor-version":[{"id":102298,"href":"https:\/\/spolchemie.two.testovaciverze.cz\/en\/wp-json\/wp\/v2\/pages\/4704\/revisions\/102298"}],"up":[{"embeddable":true,"href":"https:\/\/spolchemie.two.testovaciverze.cz\/en\/wp-json\/wp\/v2\/pages\/5103"}],"wp:attachment":[{"href":"https:\/\/spolchemie.two.testovaciverze.cz\/en\/wp-json\/wp\/v2\/media?parent=4704"}],"curies":[{"name":"wp","href":"https:\/\/api.w.org\/{rel}","templated":true}]}}