{"id":5143,"date":"2023-03-30T10:27:07","date_gmt":"2023-03-30T08:27:07","guid":{"rendered":"https:\/\/spolchemie.two.testovaciverze.cz\/verantwortliches-unternehmen\/"},"modified":"2023-08-06T19:50:50","modified_gmt":"2023-08-06T17:50:50","slug":"verantwortliches-unternehmen","status":"publish","type":"page","link":"https:\/\/spolchemie.two.testovaciverze.cz\/de\/verantwortliches-unternehmen\/","title":{"rendered":"Verantwortliches Unternehmen"},"content":{"rendered":"\t\t<div data-elementor-type=\"wp-page\" data-elementor-id=\"5143\" class=\"elementor elementor-5143 elementor-404\" data-elementor-post-type=\"page\">\n\t\t\t\t<div data-dce-background-image-url=\"https:\/\/spolchemie.two.testovaciverze.cz\/wp-content\/uploads\/2023\/03\/show-image-14.jpg\" class=\"elementor-element elementor-element-2a200a5a e-con-full e-flex e-con e-parent\" data-id=\"2a200a5a\" data-element_type=\"container\" data-settings=\"{&quot;background_background&quot;:&quot;classic&quot;}\">\n\t\t\t\t<\/div>\n\t\t<div class=\"elementor-element elementor-element-2e30fae6 e-flex e-con-boxed e-con e-parent\" data-id=\"2e30fae6\" data-element_type=\"container\" data-settings=\"{&quot;background_background&quot;:&quot;classic&quot;}\">\n\t\t\t\t\t<div class=\"e-con-inner\">\n\t\t<div class=\"elementor-element elementor-element-28d551fc e-flex e-con-boxed e-con e-parent\" data-id=\"28d551fc\" data-element_type=\"container\">\n\t\t\t\t\t<div class=\"e-con-inner\">\n\t\t\t\t<div class=\"elementor-element elementor-element-77a04e72 elementor-widget elementor-widget-sp-breadcrumbs\" data-id=\"77a04e72\" data-element_type=\"widget\" data-widget_type=\"sp-breadcrumbs.default\">\n\t\t\t\t<div class=\"elementor-widget-container\">\n\t\t\t\t\t<nav  aria-label=\"breadcrumb\"><ol class=\"breadcrumb\" itemscope itemtype=\"https:\/\/schema.org\/BreadcrumbList\"><li class=\"breadcrumb-item active\" aria-current=\"page\" itemprop=\"itemListElement\" itemscope itemtype=\"https:\/\/schema.org\/ListItem\"><span itemprop=\"name\">Spolchemie<\/span><meta itemprop=\"position\" content=\"1\"><\/li><\/ol><\/nav>\t\t\t\t<\/div>\n\t\t\t\t<\/div>\n\t\t\t\t<div class=\"elementor-element elementor-element-680f5616 elementor-widget elementor-widget-heading\" data-id=\"680f5616\" data-element_type=\"widget\" data-widget_type=\"heading.default\">\n\t\t\t\t\t<h1 class=\"elementor-heading-title elementor-size-default\">Verantwortliches Unternehmen<\/h1>\t\t\t\t<\/div>\n\t\t\t\t\t<\/div>\n\t\t\t\t<\/div>\n\t\t\t\t\t<\/div>\n\t\t\t\t<\/div>\n\t\t<div class=\"elementor-element elementor-element-18f6ecd3 e-flex e-con-boxed e-con e-parent\" data-id=\"18f6ecd3\" data-element_type=\"container\" data-settings=\"{&quot;background_background&quot;:&quot;classic&quot;}\">\n\t\t\t\t\t<div class=\"e-con-inner\">\n\t\t<div class=\"elementor-element elementor-element-6cb1d1d9 e-flex e-con-boxed e-con e-parent\" data-id=\"6cb1d1d9\" data-element_type=\"container\">\n\t\t\t\t\t<div class=\"e-con-inner\">\n\t\t\t\t<div class=\"elementor-element elementor-element-703c5d3b elementor-widget elementor-widget-text-editor\" data-id=\"703c5d3b\" data-element_type=\"widget\" data-widget_type=\"text-editor.default\">\n\t\t\t\t\t\t\t\t\t<p>Wir bei SPOLCHEMIA sind uns bewusst, dass es f\u00fcr die Zukunftssicherung unserer Gesellschaft und der menschlichen Gesellschaft insgesamt wichtig ist, Sch\u00e4den an Natur, Klima und menschlicher Gesundheit wirksam zu verhindern, moderne, wirtschaftliche und umweltfreundliche Technologien und Produkte zu entwickeln und Ressourcen effizient zu nutzen. F\u00fcr uns sind soziale Verantwortung und nachhaltige Entwicklung keine leeren Worte, sondern Ph\u00e4nomene, die reale Aktivit\u00e4ten unserer Gesellschaft f\u00fcr ein verantwortungsvolles Verhalten gegen\u00fcber der Umwelt, der Umgebung und den Menschen beinhalten.<\/p>\n<p>Wir haben bereits viele Schritte in Richtung einer umweltfreundlicheren Produktion unternommen &#8211; beispielsweise haben wir die Emissionen seit dem Jahr 2000 um mehr als 90 % gesenkt, verwenden nach M\u00f6glichkeit erneuerbare Rohstoffe f\u00fcr unsere Produkte (Epoxidharze, Epichlorhydrin, Alkydharze), bewerten wichtige Produkte anhand von \u00d6kobilanzen, verwenden ausschlie\u00dflich emissionsfreien Strom (aus Kernenergie), beteiligen uns an Projekten zur Nutzung des von uns produzierten Wasserstoffs, nehmen an der Initiative Responsible Care teil und evaluieren die Nachhaltigkeit von Ecovadis.<\/p>\n<p><strong>Zu Beginn des Jahres 2022 wurde unser Nachhaltigkeitsansatz durch das neu formulierte Konzept der nachhaltigen Entwicklung von SPOLCHEMIE abgedeckt, das auf drei Haupts\u00e4ulen basiert, wobei der Schwerpunkt auf den menschlichen Ressourcen, unseren Mitarbeitern, liegt.<\/strong><\/p>\n\t\t\t\t\t\t\t\t<\/div>\n\t\t\t\t\t<\/div>\n\t\t\t\t<\/div>\n\t\t\t\t\t<\/div>\n\t\t\t\t<\/div>\n\t\t<div class=\"elementor-element elementor-element-43d3bab4 e-flex e-con-boxed e-con e-parent\" data-id=\"43d3bab4\" data-element_type=\"container\">\n\t\t\t\t\t<div class=\"e-con-inner\">\n\t\t<div class=\"elementor-element elementor-element-42a6ee56 e-flex e-con-boxed e-con e-parent\" data-id=\"42a6ee56\" data-element_type=\"container\">\n\t\t\t\t\t<div class=\"e-con-inner\">\n\t\t\t\t<div class=\"elementor-element elementor-element-32668890 elementor-widget elementor-widget-image\" data-id=\"32668890\" data-element_type=\"widget\" data-widget_type=\"image.default\">\n\t\t\t\t\t\t\t\t\t\t\t\t\t\t\t\t<a href=\"https:\/\/spolchemie.two.testovaciverze.cz\/de\/unsere-werte\/\">\n\t\t\t\t\t\t\t<img fetchpriority=\"high\" decoding=\"async\" width=\"800\" height=\"600\" src=\"https:\/\/spolchemie.two.testovaciverze.cz\/wp-content\/uploads\/2023\/03\/show-image-16-1.jpg\" class=\"attachment-large size-large wp-image-4049\" alt=\"\" srcset=\"https:\/\/spolchemie.two.testovaciverze.cz\/wp-content\/uploads\/2023\/03\/show-image-16-1.jpg 800w, https:\/\/spolchemie.two.testovaciverze.cz\/wp-content\/uploads\/2023\/03\/show-image-16-1-300x225.jpg 300w, https:\/\/spolchemie.two.testovaciverze.cz\/wp-content\/uploads\/2023\/03\/show-image-16-1-768x576.jpg 768w\" sizes=\"(max-width: 800px) 100vw, 800px\" \/>\t\t\t\t\t\t\t\t<\/a>\n\t\t\t\t\t\t\t\t\t\t\t\t\t\t\t<\/div>\n\t\t\t\t<div class=\"elementor-element elementor-element-7c139dac elementor-widget elementor-widget-heading\" data-id=\"7c139dac\" data-element_type=\"widget\" data-widget_type=\"heading.default\">\n\t\t\t\t\t<h2 class=\"elementor-heading-title elementor-size-default\"><a href=\"https:\/\/spolchemie.two.testovaciverze.cz\/de\/unsere-werte\/\">Unsere Werte<\/a><\/h2>\t\t\t\t<\/div>\n\t\t\t\t\t<\/div>\n\t\t\t\t<\/div>\n\t\t<div class=\"elementor-element elementor-element-7f65dfb8 e-flex e-con-boxed e-con e-parent\" data-id=\"7f65dfb8\" data-element_type=\"container\">\n\t\t\t\t\t<div class=\"e-con-inner\">\n\t\t\t\t<div class=\"elementor-element elementor-element-62cf42a8 elementor-widget elementor-widget-image\" data-id=\"62cf42a8\" data-element_type=\"widget\" data-widget_type=\"image.default\">\n\t\t\t\t\t\t\t\t\t\t\t\t\t\t\t\t<a href=\"https:\/\/spolchemie.two.testovaciverze.cz\/de\/nachhaltige-entwicklung\/\">\n\t\t\t\t\t\t\t<img decoding=\"async\" width=\"800\" height=\"600\" src=\"https:\/\/spolchemie.two.testovaciverze.cz\/wp-content\/uploads\/2023\/03\/show-image-7.jpg\" class=\"attachment-large size-large wp-image-4017\" alt=\"\" srcset=\"https:\/\/spolchemie.two.testovaciverze.cz\/wp-content\/uploads\/2023\/03\/show-image-7.jpg 800w, https:\/\/spolchemie.two.testovaciverze.cz\/wp-content\/uploads\/2023\/03\/show-image-7-300x225.jpg 300w, https:\/\/spolchemie.two.testovaciverze.cz\/wp-content\/uploads\/2023\/03\/show-image-7-768x576.jpg 768w\" sizes=\"(max-width: 800px) 100vw, 800px\" \/>\t\t\t\t\t\t\t\t<\/a>\n\t\t\t\t\t\t\t\t\t\t\t\t\t\t\t<\/div>\n\t\t\t\t<div class=\"elementor-element elementor-element-617b090f elementor-widget elementor-widget-heading\" data-id=\"617b090f\" data-element_type=\"widget\" data-widget_type=\"heading.default\">\n\t\t\t\t\t<h2 class=\"elementor-heading-title elementor-size-default\"><a href=\"https:\/\/spolchemie.two.testovaciverze.cz\/de\/nachhaltige-entwicklung\/\">Nachhaltige Entwicklung<\/a><\/h2>\t\t\t\t<\/div>\n\t\t\t\t\t<\/div>\n\t\t\t\t<\/div>\n\t\t<div class=\"elementor-element elementor-element-73b3dc03 e-flex e-con-boxed e-con e-parent\" data-id=\"73b3dc03\" data-element_type=\"container\">\n\t\t\t\t\t<div class=\"e-con-inner\">\n\t\t\t\t<div class=\"elementor-element elementor-element-758f1e02 elementor-widget elementor-widget-image\" data-id=\"758f1e02\" data-element_type=\"widget\" data-widget_type=\"image.default\">\n\t\t\t\t\t\t\t\t\t\t\t\t\t\t\t\t<a href=\"https:\/\/spolchemie.two.testovaciverze.cz\/de\/unternehmen-und-umgebung\/\">\n\t\t\t\t\t\t\t<img decoding=\"async\" width=\"769\" height=\"577\" src=\"https:\/\/spolchemie.two.testovaciverze.cz\/wp-content\/uploads\/2023\/03\/show-image-17.jpg\" class=\"attachment-large size-large wp-image-4051\" alt=\"\" srcset=\"https:\/\/spolchemie.two.testovaciverze.cz\/wp-content\/uploads\/2023\/03\/show-image-17.jpg 769w, https:\/\/spolchemie.two.testovaciverze.cz\/wp-content\/uploads\/2023\/03\/show-image-17-300x225.jpg 300w\" sizes=\"(max-width: 769px) 100vw, 769px\" \/>\t\t\t\t\t\t\t\t<\/a>\n\t\t\t\t\t\t\t\t\t\t\t\t\t\t\t<\/div>\n\t\t\t\t<div class=\"elementor-element elementor-element-5efc180a elementor-widget elementor-widget-heading\" data-id=\"5efc180a\" data-element_type=\"widget\" data-widget_type=\"heading.default\">\n\t\t\t\t\t<h2 class=\"elementor-heading-title elementor-size-default\"><a href=\"https:\/\/spolchemie.two.testovaciverze.cz\/de\/unternehmen-und-umgebung\/\">Unterst\u00fctzung des Viertels und der Region<\/a><\/h2>\t\t\t\t<\/div>\n\t\t\t\t\t<\/div>\n\t\t\t\t<\/div>\n\t\t<div class=\"elementor-element elementor-element-43a0c2e e-flex e-con-boxed e-con e-parent\" data-id=\"43a0c2e\" data-element_type=\"container\">\n\t\t\t\t\t<div class=\"e-con-inner\">\n\t\t\t\t<div class=\"elementor-element elementor-element-52819fe elementor-widget elementor-widget-image\" data-id=\"52819fe\" data-element_type=\"widget\" data-widget_type=\"image.default\">\n\t\t\t\t\t\t\t\t\t\t\t\t\t\t\t\t<a href=\"https:\/\/spolchemie.two.testovaciverze.cz\/de\/bildung\/\">\n\t\t\t\t\t\t\t<img loading=\"lazy\" decoding=\"async\" width=\"769\" height=\"577\" src=\"https:\/\/spolchemie.two.testovaciverze.cz\/wp-content\/uploads\/2023\/03\/show-image-18.jpg\" class=\"attachment-large size-large wp-image-4053\" alt=\"\" srcset=\"https:\/\/spolchemie.two.testovaciverze.cz\/wp-content\/uploads\/2023\/03\/show-image-18.jpg 769w, https:\/\/spolchemie.two.testovaciverze.cz\/wp-content\/uploads\/2023\/03\/show-image-18-300x225.jpg 300w\" sizes=\"(max-width: 769px) 100vw, 769px\" \/>\t\t\t\t\t\t\t\t<\/a>\n\t\t\t\t\t\t\t\t\t\t\t\t\t\t\t<\/div>\n\t\t\t\t<div class=\"elementor-element elementor-element-e34229e elementor-widget elementor-widget-heading\" data-id=\"e34229e\" data-element_type=\"widget\" data-widget_type=\"heading.default\">\n\t\t\t\t\t<h2 class=\"elementor-heading-title elementor-size-default\"><a href=\"https:\/\/spolchemie.two.testovaciverze.cz\/de\/bildung\/\">Bildung<\/a><\/h2>\t\t\t\t<\/div>\n\t\t\t\t\t<\/div>\n\t\t\t\t<\/div>\n\t\t<div class=\"elementor-element elementor-element-352e43ec e-flex e-con-boxed e-con e-parent\" data-id=\"352e43ec\" data-element_type=\"container\">\n\t\t\t\t\t<div class=\"e-con-inner\">\n\t\t\t\t<div class=\"elementor-element elementor-element-2f0b6577 elementor-widget elementor-widget-image\" data-id=\"2f0b6577\" data-element_type=\"widget\" data-widget_type=\"image.default\">\n\t\t\t\t\t\t\t\t\t\t\t\t\t\t\t\t<a href=\"https:\/\/spolchemie.two.testovaciverze.cz\/de\/patenschaft\/\">\n\t\t\t\t\t\t\t<img loading=\"lazy\" decoding=\"async\" width=\"800\" height=\"600\" src=\"https:\/\/spolchemie.two.testovaciverze.cz\/wp-content\/uploads\/2023\/03\/show-image-2.png\" class=\"attachment-large size-large wp-image-4055\" alt=\"\" srcset=\"https:\/\/spolchemie.two.testovaciverze.cz\/wp-content\/uploads\/2023\/03\/show-image-2.png 800w, https:\/\/spolchemie.two.testovaciverze.cz\/wp-content\/uploads\/2023\/03\/show-image-2-300x225.png 300w, https:\/\/spolchemie.two.testovaciverze.cz\/wp-content\/uploads\/2023\/03\/show-image-2-768x576.png 768w\" sizes=\"(max-width: 800px) 100vw, 800px\" \/>\t\t\t\t\t\t\t\t<\/a>\n\t\t\t\t\t\t\t\t\t\t\t\t\t\t\t<\/div>\n\t\t\t\t<div class=\"elementor-element elementor-element-224324dd elementor-widget elementor-widget-heading\" data-id=\"224324dd\" data-element_type=\"widget\" data-widget_type=\"heading.default\">\n\t\t\t\t\t<h2 class=\"elementor-heading-title elementor-size-default\"><a href=\"https:\/\/spolchemie.two.testovaciverze.cz\/de\/patenschaft\/\">Patenschaft<\/a><\/h2>\t\t\t\t<\/div>\n\t\t\t\t\t<\/div>\n\t\t\t\t<\/div>\n\t\t\t\t\t<\/div>\n\t\t\t\t<\/div>\n\t\t<div class=\"elementor-element elementor-element-650e14f3 e-flex e-con-boxed e-con e-parent\" data-id=\"650e14f3\" data-element_type=\"container\" data-settings=\"{&quot;background_background&quot;:&quot;gradient&quot;}\">\n\t\t\t\t\t<div class=\"e-con-inner\">\n\t\t<div class=\"elementor-element elementor-element-5bc75ff9 e-flex e-con-boxed e-con e-parent\" data-id=\"5bc75ff9\" data-element_type=\"container\">\n\t\t\t\t\t<div class=\"e-con-inner\">\n\t\t\t\t<div class=\"elementor-element elementor-element-6f2f8cd4 elementor-widget elementor-widget-heading\" data-id=\"6f2f8cd4\" data-element_type=\"widget\" data-widget_type=\"heading.default\">\n\t\t\t\t\t<h2 class=\"elementor-heading-title elementor-size-default\">90% neue Technologien\n<\/h2>\t\t\t\t<\/div>\n\t\t\t\t<div class=\"elementor-element elementor-element-7e0dfe8d elementor-widget elementor-widget-text-editor\" data-id=\"7e0dfe8d\" data-element_type=\"widget\" data-widget_type=\"text-editor.default\">\n\t\t\t\t\t\t\t\t\t<p>Um die Sicherheits- und Umweltstandards zu erf\u00fcllen, werden die Produktionstechnologien st\u00e4ndig erneuert. Die <strong>Rohstoffe f\u00fcr die Produktion sind haupts\u00e4chlich reines Wasser und Salz<\/strong>. 90 % der Produktionstechnologie wurde nach 2000 entwickelt.<\/p>\n\t\t\t\t\t\t\t\t<\/div>\n\t\t\t\t\t<\/div>\n\t\t\t\t<\/div>\n\t\t<div class=\"elementor-element elementor-element-48bcbd28 e-flex e-con-boxed e-con e-parent\" data-id=\"48bcbd28\" data-element_type=\"container\" id=\"add-mask\">\n\t\t\t\t\t<div class=\"e-con-inner\">\n\t\t\t\t<div class=\"elementor-element elementor-element-13d4aa49 elementor-widget elementor-widget-image\" data-id=\"13d4aa49\" data-element_type=\"widget\" data-widget_type=\"image.default\">\n\t\t\t\t\t\t\t\t\t\t\t\t\t\t\t<img loading=\"lazy\" decoding=\"async\" width=\"800\" height=\"447\" src=\"https:\/\/spolchemie.two.testovaciverze.cz\/wp-content\/uploads\/2023\/03\/show-image-15.jpg\" class=\"attachment-large size-large wp-image-4045\" alt=\"\" srcset=\"https:\/\/spolchemie.two.testovaciverze.cz\/wp-content\/uploads\/2023\/03\/show-image-15.jpg 999w, https:\/\/spolchemie.two.testovaciverze.cz\/wp-content\/uploads\/2023\/03\/show-image-15-300x168.jpg 300w, https:\/\/spolchemie.two.testovaciverze.cz\/wp-content\/uploads\/2023\/03\/show-image-15-768x429.jpg 768w\" sizes=\"(max-width: 800px) 100vw, 800px\" \/>\t\t\t\t\t\t\t\t\t\t\t\t\t\t\t<\/div>\n\t\t\t\t\t<\/div>\n\t\t\t\t<\/div>\n\t\t\t\t\t<\/div>\n\t\t\t\t<\/div>\n\t\t\t\t<\/div>\n\t\t","protected":false},"excerpt":{"rendered":"<p>\u00davodn\u00ed Wir bei SPOLCHEMIA sind uns bewusst, dass es f\u00fcr die Zukunftssicherung unserer Gesellschaft und der menschlichen Gesellschaft insgesamt wichtig ist, Sch\u00e4den an Natur, Klima und menschlicher Gesundheit wirksam zu verhindern, moderne, wirtschaftliche und umweltfreundliche Technologien und Produkte zu entwickeln und Ressourcen effizient zu nutzen. F\u00fcr uns sind soziale Verantwortung und nachhaltige Entwicklung keine leeren [&hellip;]<\/p>\n","protected":false},"author":1,"featured_media":0,"parent":0,"menu_order":0,"comment_status":"closed","ping_status":"closed","template":"","meta":{"_acf_changed":false,"_seopress_robots_primary_cat":"","_seopress_titles_title":"","_seopress_titles_desc":"","_seopress_robots_index":"","footnotes":"","_links_to":"","_links_to_target":""},"class_list":["post-5143","page","type-page","status-publish","hentry"],"acf":[],"_links":{"self":[{"href":"https:\/\/spolchemie.two.testovaciverze.cz\/de\/wp-json\/wp\/v2\/pages\/5143","targetHints":{"allow":["GET"]}}],"collection":[{"href":"https:\/\/spolchemie.two.testovaciverze.cz\/de\/wp-json\/wp\/v2\/pages"}],"about":[{"href":"https:\/\/spolchemie.two.testovaciverze.cz\/de\/wp-json\/wp\/v2\/types\/page"}],"author":[{"embeddable":true,"href":"https:\/\/spolchemie.two.testovaciverze.cz\/de\/wp-json\/wp\/v2\/users\/1"}],"replies":[{"embeddable":true,"href":"https:\/\/spolchemie.two.testovaciverze.cz\/de\/wp-json\/wp\/v2\/comments?post=5143"}],"version-history":[{"count":1,"href":"https:\/\/spolchemie.two.testovaciverze.cz\/de\/wp-json\/wp\/v2\/pages\/5143\/revisions"}],"predecessor-version":[{"id":5146,"href":"https:\/\/spolchemie.two.testovaciverze.cz\/de\/wp-json\/wp\/v2\/pages\/5143\/revisions\/5146"}],"wp:attachment":[{"href":"https:\/\/spolchemie.two.testovaciverze.cz\/de\/wp-json\/wp\/v2\/media?parent=5143"}],"curies":[{"name":"wp","href":"https:\/\/api.w.org\/{rel}","templated":true}]}}