{"id":5122,"date":"2023-06-26T12:51:49","date_gmt":"2023-06-26T10:51:49","guid":{"rendered":"https:\/\/spolchemie.two.testovaciverze.cz\/karriere\/vorteile\/"},"modified":"2023-08-06T19:50:48","modified_gmt":"2023-08-06T17:50:48","slug":"vorteile","status":"publish","type":"page","link":"https:\/\/spolchemie.two.testovaciverze.cz\/de\/karriere\/vorteile\/","title":{"rendered":"Vorteile"},"content":{"rendered":"\t\t<div data-elementor-type=\"wp-page\" data-elementor-id=\"5122\" class=\"elementor elementor-5122 elementor-2219\" data-elementor-post-type=\"page\">\n\t\t\t\t<div data-dce-background-image-url=\"https:\/\/spolchemie.two.testovaciverze.cz\/wp-content\/uploads\/2023\/07\/benefity-1.jpeg\" class=\"elementor-element elementor-element-1ad942d e-con-full e-flex e-con e-parent\" data-id=\"1ad942d\" data-element_type=\"container\" data-settings=\"{&quot;background_background&quot;:&quot;classic&quot;}\">\n\t\t\t\t<\/div>\n\t\t<div class=\"elementor-element elementor-element-302254b7 e-flex e-con-boxed e-con e-parent\" data-id=\"302254b7\" data-element_type=\"container\" data-settings=\"{&quot;background_background&quot;:&quot;classic&quot;}\">\n\t\t\t\t\t<div class=\"e-con-inner\">\n\t\t<div class=\"elementor-element elementor-element-77ef8887 e-flex e-con-boxed e-con e-parent\" data-id=\"77ef8887\" data-element_type=\"container\">\n\t\t\t\t\t<div class=\"e-con-inner\">\n\t\t\t\t<div class=\"elementor-element elementor-element-66dd80ee elementor-widget elementor-widget-sp-breadcrumbs\" data-id=\"66dd80ee\" data-element_type=\"widget\" data-widget_type=\"sp-breadcrumbs.default\">\n\t\t\t\t<div class=\"elementor-widget-container\">\n\t\t\t\t\t<nav  aria-label=\"breadcrumb\"><ol class=\"breadcrumb\" itemscope itemtype=\"https:\/\/schema.org\/BreadcrumbList\"><li class=\"breadcrumb-item active\" aria-current=\"page\" itemprop=\"itemListElement\" itemscope itemtype=\"https:\/\/schema.org\/ListItem\"><span itemprop=\"name\">Spolchemie<\/span><meta itemprop=\"position\" content=\"1\"><\/li><\/ol><\/nav>\t\t\t\t<\/div>\n\t\t\t\t<\/div>\n\t\t\t\t<div class=\"elementor-element elementor-element-419368d2 elementor-widget elementor-widget-heading\" data-id=\"419368d2\" data-element_type=\"widget\" data-widget_type=\"heading.default\">\n\t\t\t\t\t<h1 class=\"elementor-heading-title elementor-size-default\">Vorteile<\/h1>\t\t\t\t<\/div>\n\t\t\t\t\t<\/div>\n\t\t\t\t<\/div>\n\t\t\t\t\t<\/div>\n\t\t\t\t<\/div>\n\t\t<div class=\"elementor-element elementor-element-68c707a9 e-flex e-con-boxed e-con e-parent\" data-id=\"68c707a9\" data-element_type=\"container\" data-settings=\"{&quot;background_background&quot;:&quot;gradient&quot;}\">\n\t\t\t\t\t<div class=\"e-con-inner\">\n\t\t<div class=\"elementor-element elementor-element-ec2bd5e e-flex e-con-boxed e-con e-parent\" data-id=\"ec2bd5e\" data-element_type=\"container\">\n\t\t\t\t\t<div class=\"e-con-inner\">\n\t\t\t\t<div class=\"elementor-element elementor-element-6d0c7837 elementor-widget elementor-widget-text-editor\" data-id=\"6d0c7837\" data-element_type=\"widget\" data-widget_type=\"text-editor.default\">\n\t\t\t\t\t\t\t\t\t<p>Wir wissen, dass <strong>das Humankapital einer<br \/><\/strong> der<strong>wichtigsten Faktoren<\/strong> <strong>ist<\/strong><strong>, die den Erfolg des gesamten Unternehmens beeinflussen<\/strong>. Unser Ziel ist es, den Mitarbeitern eine hervorragende Betreuung zu bieten, die den aktuellen Anforderungen eines modernen Arbeitsumfelds entspricht.<\/p>\n\t\t\t\t\t\t\t\t<\/div>\n\t\t\t\t\t<\/div>\n\t\t\t\t<\/div>\n\t\t<div class=\"elementor-element elementor-element-32dcba8d e-flex e-con-boxed e-con e-parent\" data-id=\"32dcba8d\" data-element_type=\"container\">\n\t\t\t\t\t<div class=\"e-con-inner\">\n\t\t\t\t<div class=\"elementor-element elementor-element-5616bca5 elementor-widget elementor-widget-image\" data-id=\"5616bca5\" data-element_type=\"widget\" id=\"add-mask-left\" data-widget_type=\"image.default\">\n\t\t\t\t\t\t\t\t\t\t\t\t\t\t\t<img fetchpriority=\"high\" decoding=\"async\" width=\"800\" height=\"448\" src=\"https:\/\/spolchemie.two.testovaciverze.cz\/wp-content\/uploads\/2023\/07\/benefity-2-1024x574.jpeg\" class=\"attachment-large size-large wp-image-4321\" alt=\"\" srcset=\"https:\/\/spolchemie.two.testovaciverze.cz\/wp-content\/uploads\/2023\/07\/benefity-2-1024x574.jpeg 1024w, https:\/\/spolchemie.two.testovaciverze.cz\/wp-content\/uploads\/2023\/07\/benefity-2-300x168.jpeg 300w, https:\/\/spolchemie.two.testovaciverze.cz\/wp-content\/uploads\/2023\/07\/benefity-2-768x431.jpeg 768w, https:\/\/spolchemie.two.testovaciverze.cz\/wp-content\/uploads\/2023\/07\/benefity-2.jpeg 1200w\" sizes=\"(max-width: 800px) 100vw, 800px\" \/>\t\t\t\t\t\t\t\t\t\t\t\t\t\t\t<\/div>\n\t\t\t\t\t<\/div>\n\t\t\t\t<\/div>\n\t\t\t\t\t<\/div>\n\t\t\t\t<\/div>\n\t\t<div class=\"elementor-element elementor-element-334160e2 e-flex e-con-boxed e-con e-parent\" data-id=\"334160e2\" data-element_type=\"container\" data-settings=\"{&quot;background_background&quot;:&quot;classic&quot;}\">\n\t\t\t\t\t<div class=\"e-con-inner\">\n\t\t<div class=\"elementor-element elementor-element-4e706185 e-flex e-con-boxed e-con e-parent\" data-id=\"4e706185\" data-element_type=\"container\">\n\t\t\t\t\t<div class=\"e-con-inner\">\n\t\t\t\t<div class=\"elementor-element elementor-element-6e382feb elementor-widget elementor-widget-text-editor\" data-id=\"6e382feb\" data-element_type=\"widget\" data-widget_type=\"text-editor.default\">\n\t\t\t\t\t\t\t\t\t<div class=\"column\">\n<div class=\"html\">\n<ul>\n<li>Reduzierte Arbeitszeit &#8211; 37,5 Stunden pro Woche<\/li>\n<li>Flexible Arbeitszeiten<\/li>\n<li>Zus\u00e4tzliche Urlaubswoche &#8211; 5 Wochen<\/li>\n<li>N\u00fctzliches Home Office<\/li>\n<li>Cafeteria SPOLCHEMIE &#8211; Wahl der Leistungen nach eigenem Ermessen  <\/li>\n<li>Teambuilding SPOLCHEMIE &#8211; finanzielle Unterst\u00fctzung f\u00fcr Teamaktivit\u00e4ten au\u00dferhalb der Arbeit  <\/li>\n<li>Rentenbeitrag &#8211; <strong>1.000<\/strong> <strong>CZK<\/strong> pro Monat  <\/li>\n<li>Werte in Aktion &#8211; Belohnung von Mitarbeitern, deren Handeln die Umsetzung der Unternehmenswerte unterst\u00fctzt<\/li>\n<\/ul>\n<\/div>\n<\/div>\n<div class=\"column\">\n<div class=\"html\">\n<ul>\n<li>Finanzielle Belohnung f\u00fcr die erfolgreiche Empfehlung eines neuen Mitarbeiters &#8211; bis zu <strong>60 000 CZK<\/strong><\/li>\n<li>Treuepr\u00e4mie f\u00fcr langj\u00e4hrige Betriebszugeh\u00f6rigkeit &#8211; bis zu <strong>8.000 CZK<\/strong> pro Jahr<\/li>\n<li>Kundenkarte f\u00fcr Makro<\/li>\n<li>Finanzielle Belohnung f\u00fcr Blutspender<\/li>\n<li>Rennverpflegung &#8211; Mittagessen ab <strong>21 CZK<\/strong>, Auswahl aus 6 Gerichten<\/li>\n<li>Erholungsm\u00f6glichkeiten in Bergh\u00fctten in Rokytnice nad Jizerou oder Spindleruv Ml\u00fdn zu g\u00fcnstigen Preisen  <\/li>\n<li>Gute Erreichbarkeit des Arbeitsplatzes (im Stadtzentrum, in der N\u00e4he der \u00f6ffentlichen Verkehrsmittel und des Bahnhofs der \u010cD, eigener Parkplatz f\u00fcr Autos)<\/li>\n<\/ul>\n<\/div>\n<\/div>\n\t\t\t\t\t\t\t\t<\/div>\n\t\t\t\t\t<\/div>\n\t\t\t\t<\/div>\n\t\t\t\t\t<\/div>\n\t\t\t\t<\/div>\n\t\t\t\t<\/div>\n\t\t","protected":false},"excerpt":{"rendered":"<p>\u00davodn\u00ed Wir wissen, dass das Humankapital einer derwichtigsten Faktoren ist, die den Erfolg des gesamten Unternehmens beeinflussen. Unser Ziel ist es, den Mitarbeitern eine hervorragende Betreuung zu bieten, die den aktuellen Anforderungen eines modernen Arbeitsumfelds entspricht. Reduzierte Arbeitszeit &#8211; 37,5 Stunden pro Woche Flexible Arbeitszeiten Zus\u00e4tzliche Urlaubswoche &#8211; 5 Wochen N\u00fctzliches Home Office Cafeteria SPOLCHEMIE [&hellip;]<\/p>\n","protected":false},"author":1,"featured_media":0,"parent":5092,"menu_order":0,"comment_status":"closed","ping_status":"closed","template":"","meta":{"_acf_changed":false,"_seopress_robots_primary_cat":"","_seopress_titles_title":"","_seopress_titles_desc":"","_seopress_robots_index":"","footnotes":"","_links_to":"","_links_to_target":""},"class_list":["post-5122","page","type-page","status-publish","hentry"],"acf":[],"_links":{"self":[{"href":"https:\/\/spolchemie.two.testovaciverze.cz\/de\/wp-json\/wp\/v2\/pages\/5122","targetHints":{"allow":["GET"]}}],"collection":[{"href":"https:\/\/spolchemie.two.testovaciverze.cz\/de\/wp-json\/wp\/v2\/pages"}],"about":[{"href":"https:\/\/spolchemie.two.testovaciverze.cz\/de\/wp-json\/wp\/v2\/types\/page"}],"author":[{"embeddable":true,"href":"https:\/\/spolchemie.two.testovaciverze.cz\/de\/wp-json\/wp\/v2\/users\/1"}],"replies":[{"embeddable":true,"href":"https:\/\/spolchemie.two.testovaciverze.cz\/de\/wp-json\/wp\/v2\/comments?post=5122"}],"version-history":[{"count":1,"href":"https:\/\/spolchemie.two.testovaciverze.cz\/de\/wp-json\/wp\/v2\/pages\/5122\/revisions"}],"predecessor-version":[{"id":5126,"href":"https:\/\/spolchemie.two.testovaciverze.cz\/de\/wp-json\/wp\/v2\/pages\/5122\/revisions\/5126"}],"up":[{"embeddable":true,"href":"https:\/\/spolchemie.two.testovaciverze.cz\/de\/wp-json\/wp\/v2\/pages\/5092"}],"wp:attachment":[{"href":"https:\/\/spolchemie.two.testovaciverze.cz\/de\/wp-json\/wp\/v2\/media?parent=5122"}],"curies":[{"name":"wp","href":"https:\/\/api.w.org\/{rel}","templated":true}]}}