{"id":5087,"date":"2023-07-11T16:44:37","date_gmt":"2023-07-11T14:44:37","guid":{"rendered":"https:\/\/spolchemie.two.testovaciverze.cz\/umwelt-gruene-spolchemie\/"},"modified":"2023-08-06T19:50:12","modified_gmt":"2023-08-06T17:50:12","slug":"umwelt-gruene-spolchemie","status":"publish","type":"page","link":"https:\/\/spolchemie.two.testovaciverze.cz\/de\/verantwortliches-unternehmen\/nachhaltige-entwicklung\/umwelt-gruene-spolchemie\/","title":{"rendered":"Umwelt &amp; Gr\u00fcne Spolchemie"},"content":{"rendered":"\t\t<div data-elementor-type=\"wp-page\" data-elementor-id=\"5087\" class=\"elementor elementor-5087 elementor-2337\" data-elementor-post-type=\"page\">\n\t\t\t\t<div data-dce-background-image-url=\"https:\/\/spolchemie.two.testovaciverze.cz\/wp-content\/uploads\/2023\/07\/skupina-1.jpeg\" class=\"elementor-element elementor-element-48ec021 e-con-full e-flex e-con e-parent\" data-id=\"48ec021\" data-element_type=\"container\" data-settings=\"{&quot;background_background&quot;:&quot;classic&quot;}\">\n\t\t\t\t<\/div>\n\t\t<div class=\"elementor-element elementor-element-333ac3a0 e-flex e-con-boxed e-con e-parent\" data-id=\"333ac3a0\" data-element_type=\"container\" data-settings=\"{&quot;background_background&quot;:&quot;classic&quot;}\">\n\t\t\t\t\t<div class=\"e-con-inner\">\n\t\t<div class=\"elementor-element elementor-element-75796933 e-flex e-con-boxed e-con e-parent\" data-id=\"75796933\" data-element_type=\"container\">\n\t\t\t\t\t<div class=\"e-con-inner\">\n\t\t\t\t<div class=\"elementor-element elementor-element-309c9d27 elementor-widget elementor-widget-sp-breadcrumbs\" data-id=\"309c9d27\" data-element_type=\"widget\" data-widget_type=\"sp-breadcrumbs.default\">\n\t\t\t\t<div class=\"elementor-widget-container\">\n\t\t\t\t\t<nav  aria-label=\"breadcrumb\"><ol class=\"breadcrumb\" itemscope itemtype=\"https:\/\/schema.org\/BreadcrumbList\"><li class=\"breadcrumb-item active\" aria-current=\"page\" itemprop=\"itemListElement\" itemscope itemtype=\"https:\/\/schema.org\/ListItem\"><span itemprop=\"name\">Spolchemie<\/span><meta itemprop=\"position\" content=\"1\"><\/li><\/ol><\/nav>\t\t\t\t<\/div>\n\t\t\t\t<\/div>\n\t\t\t\t<div class=\"elementor-element elementor-element-1ca66291 elementor-widget elementor-widget-heading\" data-id=\"1ca66291\" data-element_type=\"widget\" data-widget_type=\"heading.default\">\n\t\t\t\t\t<h1 class=\"elementor-heading-title elementor-size-default\">Umwelt &amp; Gr\u00fcne Spolchemie<\/h1>\t\t\t\t<\/div>\n\t\t\t\t\t<\/div>\n\t\t\t\t<\/div>\n\t\t\t\t\t<\/div>\n\t\t\t\t<\/div>\n\t\t<div class=\"elementor-element elementor-element-70bc069b e-flex e-con-boxed e-con e-parent\" data-id=\"70bc069b\" data-element_type=\"container\" data-settings=\"{&quot;background_background&quot;:&quot;classic&quot;}\">\n\t\t\t\t\t<div class=\"e-con-inner\">\n\t\t<div class=\"elementor-element elementor-element-1c424838 e-flex e-con-boxed e-con e-parent\" data-id=\"1c424838\" data-element_type=\"container\">\n\t\t\t\t\t<div class=\"e-con-inner\">\n\t\t\t\t<div class=\"elementor-element elementor-element-21f814f1 elementor-widget elementor-widget-text-editor\" data-id=\"21f814f1\" data-element_type=\"widget\" data-widget_type=\"text-editor.default\">\n\t\t\t\t\t\t\t\t\t<div id=\"block_9739\" class=\"page_block individual_font_size_1 text_align_left vertical_align_top special_image_vertical_align_top block_template_100\">\n<article class=\"block_template_100\">\n<div class=\"html\">\n<p><strong>Der Schutz der Umwelt ist Teil unserer t\u00e4glichen Arbeit. Wir sind uns unserer Verantwortung gegen\u00fcber unserer Umgebung und ihren Bewohnern, gegen\u00fcber der Natur und der Landschaft um uns herum und gegen\u00fcber dem Klima bewusst.  <\/strong><\/p>\n<p>Wir bem\u00fchen uns, die negativen Auswirkungen unserer Aktivit\u00e4ten zu minimieren und unseren \u00f6kologischen Fu\u00dfabdruck zu verringern, um eine hochwertige Umwelt und nat\u00fcrliche Ressourcen f\u00fcr k\u00fcnftige Generationen zu erhalten. Wir setzen die neuesten Technologien und Verfahren ein und entwickeln Produkte, die die Natur und die Menschen schonen. Wir verwenden erneuerbare Rohstoffe und Ressourcen und bem\u00fchen uns um Energieeffizienz. Wir f\u00fchren eine gr\u00fcndliche \u00dcberwachung von Emissionen, Abw\u00e4ssern und Abf\u00e4llen durch. Wir trennen Abf\u00e4lle so weit wie m\u00f6glich, einschlie\u00dflich elektrischer Ger\u00e4te in der Produktion, in Lagern und B\u00fcros.<\/p>\n<p>Unsere Umweltaktivit\u00e4ten sind Teil des Programms Green Co-operation.<\/p>\n<\/p>\n<\/div>\n<\/article>\n<\/div>\n<div id=\"block_9741\" class=\"page_block individual_font_size_1 text_align_left vertical_align_top special_image_vertical_align_top block_template_100\">\n<article class=\"block_template_100\">\n<div class=\"html\">\n<h3>DIE HAUPTZIELE DES GR\u00dcNEN KOOPERATIONSKONZEPTS<\/h3>\n<ul>\n<li>Minimierung der negativen Umweltauswirkungen<\/li>\n<li>Ein proaktiver Ansatz zur Verwirklichung eines Green Deal f\u00fcr Europa  <\/li>\n<li>Sicherheit auf dem Campus, in der Stadt und in der weiteren Umgebung  <\/li>\n<li>Bereitstellung von Produkten und Dienstleistungen, die hohen Sicherheits- und Nachhaltigkeitsstandards gen\u00fcgen  <\/li>\n<li>Hohe Nachhaltigkeitsstandards von unseren Lieferanten einfordern<\/li>\n<\/ul>\n<\/div>\n<\/article>\n<\/div>\n\t\t\t\t\t\t\t\t<\/div>\n\t\t\t\t\t<\/div>\n\t\t\t\t<\/div>\n\t\t\t\t\t<\/div>\n\t\t\t\t<\/div>\n\t\t<div data-dce-background-color=\"#EAEAEA\" class=\"elementor-element elementor-element-3d01ec1a e-flex e-con-boxed e-con e-parent\" data-id=\"3d01ec1a\" data-element_type=\"container\" data-settings=\"{&quot;background_background&quot;:&quot;classic&quot;}\">\n\t\t\t\t\t<div class=\"e-con-inner\">\n\t\t<div class=\"elementor-element elementor-element-5256283a e-flex e-con-boxed e-con e-parent\" data-id=\"5256283a\" data-element_type=\"container\">\n\t\t\t\t\t<div class=\"e-con-inner\">\n\t\t\t\t<div class=\"elementor-element elementor-element-292c9603 elementor-widget elementor-widget-text-editor\" data-id=\"292c9603\" data-element_type=\"widget\" data-widget_type=\"text-editor.default\">\n\t\t\t\t\t\t\t\t\t<h3>WIR MODERNISIEREN INTENSIV<\/h3>\n<p>Wir setzen die neuesten Technologien und Verfahren ein, die die Natur und die Menschen schonen. In den letzten 15 Jahren haben wir mehr als 5 Milliarden CZK in neue Technologien investiert. Derzeit werden mehr als 90 % unserer Produktion in Anlagen durchgef\u00fchrt, die nach 2000 in Betrieb genommen wurden. Diese hochmodernen Technologien erf\u00fcllen hohe Anforderungen an den Umweltschutz, den Rohstoff- und Energieverbrauch und die Betriebssicherheit.<br \/><strong>Einfach gesagt: Sie helfen uns, effizient, nachhaltig und sicher zu produzieren.<\/strong><\/p>\n\t\t\t\t\t\t\t\t<\/div>\n\t\t\t\t\t<\/div>\n\t\t\t\t<\/div>\n\t\t\t\t\t<\/div>\n\t\t\t\t<\/div>\n\t\t<div class=\"elementor-element elementor-element-22cf4d1 e-flex e-con-boxed e-con e-parent\" data-id=\"22cf4d1\" data-element_type=\"container\" data-settings=\"{&quot;background_background&quot;:&quot;classic&quot;}\">\n\t\t\t\t\t<div class=\"e-con-inner\">\n\t\t<div class=\"elementor-element elementor-element-ff1280f e-con-full e-flex e-con e-parent\" data-id=\"ff1280f\" data-element_type=\"container\">\n\t\t\t\t<div class=\"elementor-element elementor-element-9fdca28 elementor-widget elementor-widget-text-editor\" data-id=\"9fdca28\" data-element_type=\"widget\" data-widget_type=\"text-editor.default\">\n\t\t\t\t\t\t\t\t\t<h3>WIR REDUZIEREN DEN ENERGIEVERBRAUCH UND VERWENDEN AUSSCHLIESSLICH EMISSIONSFREIEN STROM<\/h3>\n<p>Von 2004 bis 2021 haben wir unseren spezifischen Energieverbrauch um 40 % gesenkt. Ab der zweiten Jahresh\u00e4lfte 2021 werden wir von \u010cEZ ESCO ausschlie\u00dflich emissionsfreien Strom aus tschechischen Kernkraftwerken beziehen. Bei einem Verbrauch von etwa 280 GWh pro Jahr werden wir bis 2023 etwa 480.000 Tonnen<sub>CO2<\/sub> einsparen.  <\/p>\n\t\t\t\t\t\t\t\t<\/div>\n\t\t\t\t<\/div>\n\t\t<div class=\"elementor-element elementor-element-7e67fb6 e-con-full e-flex e-con e-parent\" data-id=\"7e67fb6\" data-element_type=\"container\">\n\t\t\t\t<div class=\"elementor-element elementor-element-985c487 elementor-widget elementor-widget-image\" data-id=\"985c487\" data-element_type=\"widget\" data-widget_type=\"image.default\">\n\t\t\t\t\t\t\t\t\t\t\t\t\t\t\t\t<a href=\"https:\/\/spolchemie.two.testovaciverze.cz\/wp-content\/uploads\/2023\/07\/zelena-1.jpeg\" data-elementor-open-lightbox=\"yes\" data-elementor-lightbox-title=\"zelena-1\" data-e-action-hash=\"#elementor-action%3Aaction%3Dlightbox%26settings%3DeyJpZCI6NDI4MSwidXJsIjoiaHR0cHM6XC9cL3Nwb2xjaGVtaWUudHdvLnRlc3RvdmFjaXZlcnplLmN6XC93cC1jb250ZW50XC91cGxvYWRzXC8yMDIzXC8wN1wvemVsZW5hLTEuanBlZyJ9\">\n\t\t\t\t\t\t\t<img fetchpriority=\"high\" decoding=\"async\" width=\"800\" height=\"600\" src=\"https:\/\/spolchemie.two.testovaciverze.cz\/wp-content\/uploads\/2023\/07\/zelena-1-1024x768.jpeg\" class=\"attachment-large size-large wp-image-4281\" alt=\"\" srcset=\"https:\/\/spolchemie.two.testovaciverze.cz\/wp-content\/uploads\/2023\/07\/zelena-1-1024x768.jpeg 1024w, https:\/\/spolchemie.two.testovaciverze.cz\/wp-content\/uploads\/2023\/07\/zelena-1-300x225.jpeg 300w, https:\/\/spolchemie.two.testovaciverze.cz\/wp-content\/uploads\/2023\/07\/zelena-1-768x576.jpeg 768w, https:\/\/spolchemie.two.testovaciverze.cz\/wp-content\/uploads\/2023\/07\/zelena-1-1536x1152.jpeg 1536w, https:\/\/spolchemie.two.testovaciverze.cz\/wp-content\/uploads\/2023\/07\/zelena-1.jpeg 1564w\" sizes=\"(max-width: 800px) 100vw, 800px\" \/>\t\t\t\t\t\t\t\t<\/a>\n\t\t\t\t\t\t\t\t\t\t\t\t\t\t\t<\/div>\n\t\t\t\t<\/div>\n\t\t\t\t\t<\/div>\n\t\t\t\t<\/div>\n\t\t<div class=\"elementor-element elementor-element-c6d56ce e-flex e-con-boxed e-con e-parent\" data-id=\"c6d56ce\" data-element_type=\"container\" data-settings=\"{&quot;background_background&quot;:&quot;classic&quot;}\">\n\t\t\t\t\t<div class=\"e-con-inner\">\n\t\t<div class=\"elementor-element elementor-element-a973feb e-con-full e-flex e-con e-parent\" data-id=\"a973feb\" data-element_type=\"container\">\n\t\t\t\t<div class=\"elementor-element elementor-element-e5a4bb1 elementor-widget elementor-widget-text-editor\" data-id=\"e5a4bb1\" data-element_type=\"widget\" data-widget_type=\"text-editor.default\">\n\t\t\t\t\t\t\t\t\t<h3>MEMBRANELEKTROLYSE &#8211; QUECKSILBERFREIE PRODUKTION<\/h3>\n<p>Im Jahr 2017 haben wir ein neues Membranelektrolysesystem in Betrieb genommen, das Quecksilber aus der Hydroxid- und Chlorproduktion eliminiert, den spezifischen Energieverbrauch deutlich reduziert und gleichzeitig eine h\u00f6here Produktion von Wasserstoff erm\u00f6glicht, der als emissionsfreie Energiequelle genutzt werden kann, z. B. als Kraftstoff f\u00fcr Transportfahrzeuge<\/p>\n\t\t\t\t\t\t\t\t<\/div>\n\t\t\t\t<\/div>\n\t\t<div class=\"elementor-element elementor-element-2a2674c e-con-full e-flex e-con e-parent\" data-id=\"2a2674c\" data-element_type=\"container\">\n\t\t\t\t<div class=\"elementor-element elementor-element-093fab8 elementor-widget elementor-widget-image\" data-id=\"093fab8\" data-element_type=\"widget\" data-widget_type=\"image.default\">\n\t\t\t\t\t\t\t\t\t\t\t\t\t\t\t<img decoding=\"async\" width=\"800\" height=\"533\" src=\"https:\/\/spolchemie.two.testovaciverze.cz\/wp-content\/uploads\/2023\/07\/zelena-2.jpeg\" class=\"attachment-large size-large wp-image-4283\" alt=\"\" srcset=\"https:\/\/spolchemie.two.testovaciverze.cz\/wp-content\/uploads\/2023\/07\/zelena-2.jpeg 901w, https:\/\/spolchemie.two.testovaciverze.cz\/wp-content\/uploads\/2023\/07\/zelena-2-300x200.jpeg 300w, https:\/\/spolchemie.two.testovaciverze.cz\/wp-content\/uploads\/2023\/07\/zelena-2-768x511.jpeg 768w\" sizes=\"(max-width: 800px) 100vw, 800px\" \/>\t\t\t\t\t\t\t\t\t\t\t\t\t\t\t<\/div>\n\t\t\t\t<\/div>\n\t\t\t\t\t<\/div>\n\t\t\t\t<\/div>\n\t\t<div class=\"elementor-element elementor-element-33f438c e-flex e-con-boxed e-con e-parent\" data-id=\"33f438c\" data-element_type=\"container\" data-settings=\"{&quot;background_background&quot;:&quot;classic&quot;}\">\n\t\t\t\t\t<div class=\"e-con-inner\">\n\t\t<div class=\"elementor-element elementor-element-99114e5 e-con-full e-flex e-con e-parent\" data-id=\"99114e5\" data-element_type=\"container\">\n\t\t\t\t<div class=\"elementor-element elementor-element-dafae2e elementor-widget elementor-widget-text-editor\" data-id=\"dafae2e\" data-element_type=\"widget\" data-widget_type=\"text-editor.default\">\n\t\t\t\t\t\t\t\t\t<h3>GUIDE<\/h3>\n<p>Wasserstoff wird als Nebenprodukt unserer elektrolytischen Produktion erzeugt. Wir arbeiten derzeit an mehreren Projekten, um sie f\u00fcr den Antrieb von Fahrzeugen zu nutzen. Wir arbeiten mit den Verkehrsbetrieben von \u00dast\u00ed nad Labem zusammen, um am Rande unseres Gel\u00e4ndes eine Wasserstofftankstelle f\u00fcr st\u00e4dtische Wasserstoffbusse zu errichten. Wir arbeiten auch mit ARRIVA CZ und \u010cEPRO an einem <a href=\"https:\/\/spolchemie.two.testovaciverze.cz\/aktuality\/95-vyuziti-vodiku-v-zeleznicni-doprave\/\">Projekt f\u00fcr Wasserstoffz\u00fcge<\/a>, die in Zukunft Diesellokomotiven auf nicht elektrifizierten Strecken in der Region ersetzen k\u00f6nnten.  <\/p>\n\t\t\t\t\t\t\t\t<\/div>\n\t\t\t\t<\/div>\n\t\t<div class=\"elementor-element elementor-element-a6227bc e-con-full e-flex e-con e-parent\" data-id=\"a6227bc\" data-element_type=\"container\">\n\t\t\t\t<div class=\"elementor-element elementor-element-72be441 elementor-widget elementor-widget-image\" data-id=\"72be441\" data-element_type=\"widget\" data-widget_type=\"image.default\">\n\t\t\t\t\t\t\t\t\t\t\t\t\t\t\t<img decoding=\"async\" width=\"461\" height=\"346\" src=\"https:\/\/spolchemie.two.testovaciverze.cz\/wp-content\/uploads\/2023\/07\/zelena-3.png\" class=\"attachment-large size-large wp-image-4285\" alt=\"\" srcset=\"https:\/\/spolchemie.two.testovaciverze.cz\/wp-content\/uploads\/2023\/07\/zelena-3.png 461w, https:\/\/spolchemie.two.testovaciverze.cz\/wp-content\/uploads\/2023\/07\/zelena-3-300x225.png 300w\" sizes=\"(max-width: 461px) 100vw, 461px\" \/>\t\t\t\t\t\t\t\t\t\t\t\t\t\t\t<\/div>\n\t\t\t\t<\/div>\n\t\t\t\t\t<\/div>\n\t\t\t\t<\/div>\n\t\t<div class=\"elementor-element elementor-element-b53b38d e-flex e-con-boxed e-con e-parent\" data-id=\"b53b38d\" data-element_type=\"container\" data-settings=\"{&quot;background_background&quot;:&quot;classic&quot;}\">\n\t\t\t\t\t<div class=\"e-con-inner\">\n\t\t<div class=\"elementor-element elementor-element-e243457 e-con-full e-flex e-con e-parent\" data-id=\"e243457\" data-element_type=\"container\">\n\t\t\t\t<div class=\"elementor-element elementor-element-c338d45 elementor-widget elementor-widget-image\" data-id=\"c338d45\" data-element_type=\"widget\" data-widget_type=\"image.default\">\n\t\t\t\t\t\t\t\t\t\t\t\t\t\t\t<img loading=\"lazy\" decoding=\"async\" width=\"546\" height=\"410\" src=\"https:\/\/spolchemie.two.testovaciverze.cz\/wp-content\/uploads\/2023\/07\/zelena-4.jpeg\" class=\"attachment-large size-large wp-image-4287\" alt=\"\" srcset=\"https:\/\/spolchemie.two.testovaciverze.cz\/wp-content\/uploads\/2023\/07\/zelena-4.jpeg 546w, https:\/\/spolchemie.two.testovaciverze.cz\/wp-content\/uploads\/2023\/07\/zelena-4-300x225.jpeg 300w\" sizes=\"(max-width: 546px) 100vw, 546px\" \/>\t\t\t\t\t\t\t\t\t\t\t\t\t\t\t<\/div>\n\t\t\t\t<\/div>\n\t\t<div class=\"elementor-element elementor-element-09c8fcd e-con-full e-flex e-con e-parent\" data-id=\"09c8fcd\" data-element_type=\"container\">\n\t\t\t\t<div class=\"elementor-element elementor-element-3b09410 elementor-widget elementor-widget-text-editor\" data-id=\"3b09410\" data-element_type=\"widget\" data-widget_type=\"text-editor.default\">\n\t\t\t\t\t\t\t\t\t<h3>WIR HABEN DIE EMISSIONEN SEIT 2000 UM 90 % REDUZIERT.<\/h3>\nDank der Einf\u00fchrung neuer Technologien und der Stilllegung oder Modernisierung veralteter Produktionsanlagen konnten wir die Luftemissionen seit 2010 um mehr als 57 % senken.  <strong>Im Vergleich zum Jahr 2000 betr\u00e4gt dieser R\u00fcckgang sogar mehr als 90 %.<\/strong>\t\t\t\t\t\t\t\t<\/div>\n\t\t\t\t<\/div>\n\t\t\t\t\t<\/div>\n\t\t\t\t<\/div>\n\t\t<div class=\"elementor-element elementor-element-cb34678 e-flex e-con-boxed e-con e-parent\" data-id=\"cb34678\" data-element_type=\"container\" data-settings=\"{&quot;background_background&quot;:&quot;classic&quot;}\">\n\t\t\t\t\t<div class=\"e-con-inner\">\n\t\t<div class=\"elementor-element elementor-element-6b1dc66 e-con-full e-flex e-con e-parent\" data-id=\"6b1dc66\" data-element_type=\"container\">\n\t\t\t\t<div class=\"elementor-element elementor-element-27ceaf0 elementor-widget elementor-widget-image\" data-id=\"27ceaf0\" data-element_type=\"widget\" data-widget_type=\"image.default\">\n\t\t\t\t\t\t\t\t\t\t\t\t\t\t\t<img loading=\"lazy\" decoding=\"async\" width=\"800\" height=\"600\" src=\"https:\/\/spolchemie.two.testovaciverze.cz\/wp-content\/uploads\/2023\/07\/zelena-5.jpeg\" class=\"attachment-large size-large wp-image-4289\" alt=\"\" srcset=\"https:\/\/spolchemie.two.testovaciverze.cz\/wp-content\/uploads\/2023\/07\/zelena-5.jpeg 800w, https:\/\/spolchemie.two.testovaciverze.cz\/wp-content\/uploads\/2023\/07\/zelena-5-300x225.jpeg 300w, https:\/\/spolchemie.two.testovaciverze.cz\/wp-content\/uploads\/2023\/07\/zelena-5-768x576.jpeg 768w\" sizes=\"(max-width: 800px) 100vw, 800px\" \/>\t\t\t\t\t\t\t\t\t\t\t\t\t\t\t<\/div>\n\t\t\t\t<\/div>\n\t\t<div class=\"elementor-element elementor-element-99e399a e-con-full e-flex e-con e-parent\" data-id=\"99e399a\" data-element_type=\"container\">\n\t\t\t\t<div class=\"elementor-element elementor-element-673fb7b elementor-widget elementor-widget-text-editor\" data-id=\"673fb7b\" data-element_type=\"widget\" data-widget_type=\"text-editor.default\">\n\t\t\t\t\t\t\t\t\t<h3>VERRINGERUNG DES CO2-FUSSABDRUCKS  <\/h3>\n<p>Wir bewerten regelm\u00e4\u00dfig die Umweltauswirkungen unserer wichtigsten Produkte mithilfe der Lebenszyklusanalyse (LCA). Wir haben 2010 unsere erste \u00d6kobilanz durchgef\u00fchrt, um die Auswirkungen unserer beiden Produkte, Epichlorhydrin und niedermolekulares Harz, zu vergleichen, wenn sie aus zwei verschiedenen Quellen hergestellt werden &#8211; einer begrenzten fossilen Quelle (Propylen) und einer erneuerbaren Quelle (Glycerin). Wir konnten zeigen, dass die Auswirkungen der Herstellung von Epichlorhydrin aus Glycerin und dem daraus hergestellten Harz deutlich geringer sind als die der Herstellung aus Propylen. Die Analysen f\u00fcr Harze mit niedrigem Molekulargewicht wurden regelm\u00e4\u00dfig wiederholt. Wir entwickeln und erneuern auch andere Produkte, wo immer dies m\u00f6glich ist, um ihre Umweltauswirkungen zu verringern. F\u00fcr 2021-2022 planen wir eine \u00d6kobilanz, die eine Bewertung der Auswirkungen des gesamten Unternehmens sowie der wichtigsten Produkte umfassen wird.  <\/p>\n\t\t\t\t\t\t\t\t<\/div>\n\t\t\t\t<\/div>\n\t\t\t\t\t<\/div>\n\t\t\t\t<\/div>\n\t\t<div class=\"elementor-element elementor-element-dd43e53 e-flex e-con-boxed e-con e-parent\" data-id=\"dd43e53\" data-element_type=\"container\" data-settings=\"{&quot;background_background&quot;:&quot;gradient&quot;}\">\n\t\t\t\t\t<div class=\"e-con-inner\">\n\t\t<div class=\"elementor-element elementor-element-fc4cd83 e-flex e-con-boxed e-con e-parent\" data-id=\"fc4cd83\" data-element_type=\"container\">\n\t\t\t\t\t<div class=\"e-con-inner\">\n\t\t\t\t<div class=\"elementor-element elementor-element-04c27a4 elementor-widget elementor-widget-heading\" data-id=\"04c27a4\" data-element_type=\"widget\" data-widget_type=\"heading.default\">\n\t\t\t\t\t<h2 class=\"elementor-heading-title elementor-size-default\">Verantwortungsbewusstes Handeln in der Chemie<\/h2>\t\t\t\t<\/div>\n\t\t\t\t<div class=\"elementor-element elementor-element-5d9aab4 elementor-widget elementor-widget-text-editor\" data-id=\"5d9aab4\" data-element_type=\"widget\" data-widget_type=\"text-editor.default\">\n\t\t\t\t\t\t\t\t\t<p>Als eines der ersten tschechischen Chemieunternehmen haben wir uns bereits 1994 zu den Grunds\u00e4tzen der weltweiten freiwilligen Initiative <strong>Responsible Care &#8211; <span style=\"text-decoration: underline;\">Responsible Business in Chemistry<\/span><\/strong> &#8211; bekannt <strong>.<\/strong><\/p>\n\t\t\t\t\t\t\t\t<\/div>\n\t\t\t\t\t<\/div>\n\t\t\t\t<\/div>\n\t\t<div class=\"elementor-element elementor-element-2096e4f e-flex e-con-boxed e-con e-parent\" data-id=\"2096e4f\" data-element_type=\"container\">\n\t\t\t\t\t<div class=\"e-con-inner\">\n\t\t\t\t<div class=\"elementor-element elementor-element-4408cc7 elementor-widget elementor-widget-image\" data-id=\"4408cc7\" data-element_type=\"widget\" data-widget_type=\"image.default\">\n\t\t\t\t\t\t\t\t\t\t\t\t\t\t\t<img loading=\"lazy\" decoding=\"async\" width=\"567\" height=\"290\" src=\"https:\/\/spolchemie.two.testovaciverze.cz\/wp-content\/uploads\/2023\/03\/show-image-1.png\" class=\"attachment-large size-large wp-image-4013\" alt=\"\" srcset=\"https:\/\/spolchemie.two.testovaciverze.cz\/wp-content\/uploads\/2023\/03\/show-image-1.png 567w, https:\/\/spolchemie.two.testovaciverze.cz\/wp-content\/uploads\/2023\/03\/show-image-1-300x153.png 300w\" sizes=\"(max-width: 567px) 100vw, 567px\" \/>\t\t\t\t\t\t\t\t\t\t\t\t\t\t\t<\/div>\n\t\t\t\t\t<\/div>\n\t\t\t\t<\/div>\n\t\t\t\t\t<\/div>\n\t\t\t\t<\/div>\n\t\t<div class=\"elementor-element elementor-element-35c0981 e-flex e-con-boxed e-con e-parent\" data-id=\"35c0981\" data-element_type=\"container\" data-settings=\"{&quot;background_background&quot;:&quot;classic&quot;}\">\n\t\t\t\t\t<div class=\"e-con-inner\">\n\t\t<div class=\"elementor-element elementor-element-df90f7d e-flex e-con-boxed e-con e-parent\" data-id=\"df90f7d\" data-element_type=\"container\">\n\t\t\t\t\t<div class=\"e-con-inner\">\n\t\t\t\t<div class=\"elementor-element elementor-element-26a1d19 elementor-widget elementor-widget-text-editor\" data-id=\"26a1d19\" data-element_type=\"widget\" data-widget_type=\"text-editor.default\">\n\t\t\t\t\t\t\t\t\t<p>Unsere Grundwerte, Ziele und Praktiken definieren <strong><br \/>\n  <a href=\"https:\/\/spolchemie.two.testovaciverze.cz\/zodpovedna-firma-1\/\">Umweltpolitik<\/a><br \/>\n<\/strong> und wir fassen unsere Ergebnisse j\u00e4hrlich im <strong><br \/>\n  <a href=\"https:\/\/spolchemie.two.testovaciverze.cz\/zodpovedna-firma-1\/\">Umweltbericht zusammen. <\/a><br \/>\n<\/strong> <\/p>\n\t\t\t\t\t\t\t\t<\/div>\n\t\t\t\t\t<\/div>\n\t\t\t\t<\/div>\n\t\t\t\t\t<\/div>\n\t\t\t\t<\/div>\n\t\t<div data-dce-background-image-url=\"https:\/\/spolchemie.two.testovaciverze.cz\/wp-content\/uploads\/2023\/07\/zelena-topfooter.jpeg\" class=\"elementor-element elementor-element-3e2d88eb e-flex e-con-boxed e-con e-parent\" data-id=\"3e2d88eb\" data-element_type=\"container\" data-settings=\"{&quot;background_background&quot;:&quot;classic&quot;}\">\n\t\t\t\t\t<div class=\"e-con-inner\">\n\t\t<div class=\"elementor-element elementor-element-42c2baf8 e-flex e-con-boxed e-con e-parent\" data-id=\"42c2baf8\" data-element_type=\"container\">\n\t\t\t\t\t<div class=\"e-con-inner\">\n\t\t\t\t<div class=\"elementor-element elementor-element-5e11ee58 elementor-widget elementor-widget-text-editor\" data-id=\"5e11ee58\" data-element_type=\"widget\" data-widget_type=\"text-editor.default\">\n\t\t\t\t\t\t\t\t\t<h3><strong>Wenn Sie weitere Informationen \u00fcber unser GREEN COMMUNITY-Konzept w\u00fcnschen, wenden Sie sich bitte an uns: <\/strong><a href=\"mailto:zelena@spolchemie.two.testovaciverze.cz\">zelena@spolchemie.two.testovaciverze.cz.<\/a><\/h3>\n\t\t\t\t\t\t\t\t<\/div>\n\t\t\t\t\t<\/div>\n\t\t\t\t<\/div>\n\t\t\t\t\t<\/div>\n\t\t\t\t<\/div>\n\t\t\t\t<\/div>\n\t\t","protected":false},"excerpt":{"rendered":"<p>\u00davodn\u00ed Der Schutz der Umwelt ist Teil unserer t\u00e4glichen Arbeit. Wir sind uns unserer Verantwortung gegen\u00fcber unserer Umgebung und ihren Bewohnern, gegen\u00fcber der Natur und der Landschaft um uns herum und gegen\u00fcber dem Klima bewusst. Wir bem\u00fchen uns, die negativen Auswirkungen unserer Aktivit\u00e4ten zu minimieren und unseren \u00f6kologischen Fu\u00dfabdruck zu verringern, um eine hochwertige Umwelt [&hellip;]<\/p>\n","protected":false},"author":1,"featured_media":0,"parent":5119,"menu_order":0,"comment_status":"closed","ping_status":"closed","template":"","meta":{"_acf_changed":false,"_seopress_robots_primary_cat":"","_seopress_titles_title":"","_seopress_titles_desc":"","_seopress_robots_index":"","footnotes":"","_links_to":"","_links_to_target":""},"class_list":["post-5087","page","type-page","status-publish","hentry"],"acf":[],"_links":{"self":[{"href":"https:\/\/spolchemie.two.testovaciverze.cz\/de\/wp-json\/wp\/v2\/pages\/5087","targetHints":{"allow":["GET"]}}],"collection":[{"href":"https:\/\/spolchemie.two.testovaciverze.cz\/de\/wp-json\/wp\/v2\/pages"}],"about":[{"href":"https:\/\/spolchemie.two.testovaciverze.cz\/de\/wp-json\/wp\/v2\/types\/page"}],"author":[{"embeddable":true,"href":"https:\/\/spolchemie.two.testovaciverze.cz\/de\/wp-json\/wp\/v2\/users\/1"}],"replies":[{"embeddable":true,"href":"https:\/\/spolchemie.two.testovaciverze.cz\/de\/wp-json\/wp\/v2\/comments?post=5087"}],"version-history":[{"count":1,"href":"https:\/\/spolchemie.two.testovaciverze.cz\/de\/wp-json\/wp\/v2\/pages\/5087\/revisions"}],"predecessor-version":[{"id":5089,"href":"https:\/\/spolchemie.two.testovaciverze.cz\/de\/wp-json\/wp\/v2\/pages\/5087\/revisions\/5089"}],"up":[{"embeddable":true,"href":"https:\/\/spolchemie.two.testovaciverze.cz\/de\/wp-json\/wp\/v2\/pages\/5119"}],"wp:attachment":[{"href":"https:\/\/spolchemie.two.testovaciverze.cz\/de\/wp-json\/wp\/v2\/media?parent=5087"}],"curies":[{"name":"wp","href":"https:\/\/api.w.org\/{rel}","templated":true}]}}