{"id":5078,"date":"2023-07-11T16:44:57","date_gmt":"2023-07-11T14:44:57","guid":{"rendered":"https:\/\/spolchemie.two.testovaciverze.cz\/unternehmen-und-umgebung\/"},"modified":"2023-08-06T19:50:12","modified_gmt":"2023-08-06T17:50:12","slug":"unternehmen-und-umgebung","status":"publish","type":"page","link":"https:\/\/spolchemie.two.testovaciverze.cz\/de\/verantwortliches-unternehmen\/nachhaltige-entwicklung\/unternehmen-und-umgebung\/","title":{"rendered":"Unternehmen und Umgebung"},"content":{"rendered":"\t\t<div data-elementor-type=\"wp-page\" data-elementor-id=\"5078\" class=\"elementor elementor-5078 elementor-2339\" data-elementor-post-type=\"page\">\n\t\t\t\t<div data-dce-background-image-url=\"https:\/\/spolchemie.two.testovaciverze.cz\/wp-content\/uploads\/2023\/07\/spolecnost-1.jpeg\" class=\"elementor-element elementor-element-c5dbf5f e-con-full e-flex e-con e-parent\" data-id=\"c5dbf5f\" data-element_type=\"container\" data-settings=\"{&quot;background_background&quot;:&quot;classic&quot;}\">\n\t\t\t\t<\/div>\n\t\t<div class=\"elementor-element elementor-element-3d2c651c e-flex e-con-boxed e-con e-parent\" data-id=\"3d2c651c\" data-element_type=\"container\" data-settings=\"{&quot;background_background&quot;:&quot;classic&quot;}\">\n\t\t\t\t\t<div class=\"e-con-inner\">\n\t\t<div class=\"elementor-element elementor-element-12e3cbb0 e-flex e-con-boxed e-con e-parent\" data-id=\"12e3cbb0\" data-element_type=\"container\">\n\t\t\t\t\t<div class=\"e-con-inner\">\n\t\t\t\t<div class=\"elementor-element elementor-element-37d0b633 elementor-widget elementor-widget-sp-breadcrumbs\" data-id=\"37d0b633\" data-element_type=\"widget\" data-widget_type=\"sp-breadcrumbs.default\">\n\t\t\t\t<div class=\"elementor-widget-container\">\n\t\t\t\t\t<nav  aria-label=\"breadcrumb\"><ol class=\"breadcrumb\" itemscope itemtype=\"https:\/\/schema.org\/BreadcrumbList\"><li class=\"breadcrumb-item active\" aria-current=\"page\" itemprop=\"itemListElement\" itemscope itemtype=\"https:\/\/schema.org\/ListItem\"><span itemprop=\"name\">Spolchemie<\/span><meta itemprop=\"position\" content=\"1\"><\/li><\/ol><\/nav>\t\t\t\t<\/div>\n\t\t\t\t<\/div>\n\t\t\t\t<div class=\"elementor-element elementor-element-7cd8a94f elementor-widget elementor-widget-heading\" data-id=\"7cd8a94f\" data-element_type=\"widget\" data-widget_type=\"heading.default\">\n\t\t\t\t\t<h1 class=\"elementor-heading-title elementor-size-default\">Unternehmen und Umgebung<\/h1>\t\t\t\t<\/div>\n\t\t\t\t\t<\/div>\n\t\t\t\t<\/div>\n\t\t\t\t\t<\/div>\n\t\t\t\t<\/div>\n\t\t<div class=\"elementor-element elementor-element-42313957 e-flex e-con-boxed e-con e-parent\" data-id=\"42313957\" data-element_type=\"container\" data-settings=\"{&quot;background_background&quot;:&quot;gradient&quot;}\">\n\t\t\t\t\t<div class=\"e-con-inner\">\n\t\t<div class=\"elementor-element elementor-element-3d67af19 e-flex e-con-boxed e-con e-parent\" data-id=\"3d67af19\" data-element_type=\"container\">\n\t\t\t\t\t<div class=\"e-con-inner\">\n\t\t\t\t<div class=\"elementor-element elementor-element-21daa390 elementor-widget elementor-widget-heading\" data-id=\"21daa390\" data-element_type=\"widget\" data-widget_type=\"heading.default\">\n\t\t\t\t\t<h2 class=\"elementor-heading-title elementor-size-default\">Lange Tradition der chemischen Produktion in \u00dast\u00ed nad Labem<\/h2>\t\t\t\t<\/div>\n\t\t\t\t<div class=\"elementor-element elementor-element-7d6f90f3 elementor-widget elementor-widget-text-editor\" data-id=\"7d6f90f3\" data-element_type=\"widget\" data-widget_type=\"text-editor.default\">\n\t\t\t\t\t\t\t\t\t<p>Die chemische Produktion in \u00dast\u00ed nad Labem begann im Jahr 1865. Die Stadt wuchs und gedieh dank ihr. SPOLCHEMIE war und ist ein wichtiger Bestandteil der tschechischen Industrie und ein bedeutender Arbeitgeber in der Region.<\/p>\n\t\t\t\t\t\t\t\t<\/div>\n\t\t\t\t\t<\/div>\n\t\t\t\t<\/div>\n\t\t<div class=\"elementor-element elementor-element-3b1981e5 e-flex e-con-boxed e-con e-parent\" data-id=\"3b1981e5\" data-element_type=\"container\">\n\t\t\t\t\t<div class=\"e-con-inner\">\n\t\t\t\t<div class=\"elementor-element elementor-element-6fcfb7f1 elementor-widget elementor-widget-image\" data-id=\"6fcfb7f1\" data-element_type=\"widget\" id=\"add-mask-left\" data-widget_type=\"image.default\">\n\t\t\t\t\t\t\t\t\t\t\t\t\t\t\t<img fetchpriority=\"high\" decoding=\"async\" width=\"518\" height=\"325\" src=\"https:\/\/spolchemie.two.testovaciverze.cz\/wp-content\/uploads\/2023\/07\/spolecnost-2.jpeg\" class=\"attachment-large size-large wp-image-4295\" alt=\"\" srcset=\"https:\/\/spolchemie.two.testovaciverze.cz\/wp-content\/uploads\/2023\/07\/spolecnost-2.jpeg 518w, https:\/\/spolchemie.two.testovaciverze.cz\/wp-content\/uploads\/2023\/07\/spolecnost-2-300x188.jpeg 300w\" sizes=\"(max-width: 518px) 100vw, 518px\" \/>\t\t\t\t\t\t\t\t\t\t\t\t\t\t\t<\/div>\n\t\t\t\t\t<\/div>\n\t\t\t\t<\/div>\n\t\t\t\t\t<\/div>\n\t\t\t\t<\/div>\n\t\t<div class=\"elementor-element elementor-element-2ddc9b61 e-flex e-con-boxed e-con e-parent\" data-id=\"2ddc9b61\" data-element_type=\"container\" data-settings=\"{&quot;background_background&quot;:&quot;classic&quot;}\">\n\t\t\t\t\t<div class=\"e-con-inner\">\n\t\t<div class=\"elementor-element elementor-element-765f018b e-flex e-con-boxed e-con e-parent\" data-id=\"765f018b\" data-element_type=\"container\">\n\t\t\t\t\t<div class=\"e-con-inner\">\n\t\t\t\t<div class=\"elementor-element elementor-element-35cf6673 elementor-widget__width-initial elementor-widget elementor-widget-text-editor\" data-id=\"35cf6673\" data-element_type=\"widget\" data-widget_type=\"text-editor.default\">\n\t\t\t\t\t\t\t\t\t<h2>Stabiler, perspektivischer und zuverl\u00e4ssiger Arbeitgeber<\/h2>\n<p>Wir sind ein wichtiger Arbeitgeber in \u00dast\u00ed und der Region. F\u00fcr unsere Mitarbeiter und ihre Familien bedeutet unser Unternehmen nicht nur soziale Sicherheit und materielle Unterst\u00fctzung, sondern auch eine Chance f\u00fcr berufliche Entwicklung und Wachstum. Aufgrund der Gr\u00f6\u00dfe und des Fertigungscharakters des Unternehmens <a href=\"https:\/\/spolchemie.two.testovaciverze.cz\/kariera\/\">bieten wir Arbeitspl\u00e4tze in vielen verschiedenen Bereichen<\/a>, sei es im Management, in der Verwaltung, in Forschung und Entwicklung oder in der Produktion.<\/p>\n\t\t\t\t\t\t\t\t<\/div>\n\t\t\t\t\t<\/div>\n\t\t\t\t<\/div>\n\t\t\t\t\t<\/div>\n\t\t\t\t<\/div>\n\t\t<div class=\"elementor-element elementor-element-2c3a02b e-flex e-con-boxed e-con e-parent\" data-id=\"2c3a02b\" data-element_type=\"container\" data-settings=\"{&quot;background_background&quot;:&quot;classic&quot;}\">\n\t\t\t\t\t<div class=\"e-con-inner\">\n\t\t<div class=\"elementor-element elementor-element-eb168b3 e-flex e-con-boxed e-con e-parent\" data-id=\"eb168b3\" data-element_type=\"container\">\n\t\t\t\t\t<div class=\"e-con-inner\">\n\t\t\t\t<div class=\"elementor-element elementor-element-6207f94 elementor-widget__width-initial elementor-widget elementor-widget-text-editor\" data-id=\"6207f94\" data-element_type=\"widget\" data-widget_type=\"text-editor.default\">\n\t\t\t\t\t\t\t\t\t<h2>ZUSAMMENARBEIT UND UNTERST\u00dcTZUNG F\u00dcR DIE UMWELT<\/h2>\n<p><strong>Wir wollen ein guter Nachbar f\u00fcr die Stadt \u00dast\u00ed und die Region und ihre Bewohner sein. Unsere Verwaltung arbeitet eng mit der Stadt \u00dast\u00ed nad Labem und der Region \u00dast\u00ed nad Labem zusammen.  <\/strong><\/p>\n<p>Wir unterst\u00fctzen regionale Aktivit\u00e4ten und Gemeinschaften. Seit Beginn der Veranstaltung sind wir stolzer <strong>Partner des \u00dast\u00ed-Halbmarathons<\/strong>, dessen Strecke auch durch unser Gel\u00e4nde f\u00fchrt, und <strong>Generalpartner des Handbike-Rennens<\/strong> f\u00fcr behinderte Sportler. Der Halbmarathon ist eine traditionelle Veranstaltung, an der viele unserer Mitarbeiter teilnehmen.<\/p>\n<p>Wir sind ein wichtiger Partner der j\u00e4hrlichen kulturellen und gesellschaftlichen Veranstaltung \u00dasteck\u00fd <strong>V\u00e1noce <\/strong>und im Jahr 2022 auch der Veranstaltung \u00dasteck\u00fd <strong>Velikonoce<\/strong>, die f\u00fcr die breite \u00d6ffentlichkeit bestimmt ist.  <\/p>\n<p>Unser Programm <strong><br \/>\n  <a href=\"https:\/\/spolchemie.two.testovaciverze.cz\/sponzoring\/\">Minigranten <\/a><br \/>\n<\/strong>unterst\u00fctzt \u00f6ffentlich Sport, k\u00f6rperliche Aktivit\u00e4t und Bildung in der Region.  <\/p>\n<p>Wir arbeiten bei den <strong>Europ\u00e4ischen Tagen des Denkmals<\/strong> mit und bieten die M\u00f6glichkeit, die einzigartigen Innenr\u00e4ume unseres Verwaltungsgeb\u00e4udes zu besichtigen.<\/p>\n<p>Wir unterst\u00fctzen unsere ehemaligen Mitarbeiter, die jetzt Senioren sind, sowohl durch finanzielle Beitr\u00e4ge zu ihren Clubaktivit\u00e4ten als auch durch Hilfe bei der Organisation von Veranstaltungen.<\/p>\n<p>Mehr \u00fcber unsere Zusammenarbeit mit Schulen finden Sie im Abschnitt Bildung.<\/p>\n\t\t\t\t\t\t\t\t<\/div>\n\t\t\t\t\t<\/div>\n\t\t\t\t<\/div>\n\t\t\t\t\t<\/div>\n\t\t\t\t<\/div>\n\t\t<div class=\"elementor-element elementor-element-5f5075b3 e-flex e-con-boxed e-con e-parent\" data-id=\"5f5075b3\" data-element_type=\"container\" data-settings=\"{&quot;background_background&quot;:&quot;gradient&quot;}\">\n\t\t\t\t\t<div class=\"e-con-inner\">\n\t\t<div class=\"elementor-element elementor-element-6d7ce11a e-flex e-con-boxed e-con e-parent\" data-id=\"6d7ce11a\" data-element_type=\"container\">\n\t\t\t\t\t<div class=\"e-con-inner\">\n\t\t\t\t<div class=\"elementor-element elementor-element-70f2105d elementor-widget elementor-widget-heading\" data-id=\"70f2105d\" data-element_type=\"widget\" data-widget_type=\"heading.default\">\n\t\t\t\t\t<h2 class=\"elementor-heading-title elementor-size-default\">\u00dast\u00ed nad Labem Halbmarathon<\/h2>\t\t\t\t<\/div>\n\t\t\t\t<div class=\"elementor-element elementor-element-1ca50f5c elementor-widget elementor-widget-text-editor\" data-id=\"1ca50f5c\" data-element_type=\"widget\" data-widget_type=\"text-editor.default\">\n\t\t\t\t\t\t\t\t\t<p>Die 12. Ausgabe wird im Jahr 2022 stattfinden. Jahr dieses regionalen Cross-Country-Rennens, das den Spitznamen<strong>&#8222;Ferrari der Rennen<\/strong>&#8220; tr\u00e4gt, weil hier dank der flachen Strecke traditionell Rekorde aufgestellt werden!  <\/p>\n\t\t\t\t\t\t\t\t<\/div>\n\t\t\t\t\t<\/div>\n\t\t\t\t<\/div>\n\t\t<div class=\"elementor-element elementor-element-7bc869e2 e-flex e-con-boxed e-con e-parent\" data-id=\"7bc869e2\" data-element_type=\"container\" id=\"add-mask\">\n\t\t\t\t\t<div class=\"e-con-inner\">\n\t\t\t\t<div class=\"elementor-element elementor-element-20008ff elementor-widget elementor-widget-image\" data-id=\"20008ff\" data-element_type=\"widget\" data-widget_type=\"image.default\">\n\t\t\t\t\t\t\t\t\t\t\t\t\t\t\t<img decoding=\"async\" width=\"800\" height=\"533\" src=\"https:\/\/spolchemie.two.testovaciverze.cz\/wp-content\/uploads\/2023\/07\/spolecnost-3-1024x682.jpeg\" class=\"attachment-large size-large wp-image-4297\" alt=\"\" srcset=\"https:\/\/spolchemie.two.testovaciverze.cz\/wp-content\/uploads\/2023\/07\/spolecnost-3-1024x682.jpeg 1024w, https:\/\/spolchemie.two.testovaciverze.cz\/wp-content\/uploads\/2023\/07\/spolecnost-3-300x200.jpeg 300w, https:\/\/spolchemie.two.testovaciverze.cz\/wp-content\/uploads\/2023\/07\/spolecnost-3-768x511.jpeg 768w, https:\/\/spolchemie.two.testovaciverze.cz\/wp-content\/uploads\/2023\/07\/spolecnost-3-1536x1022.jpeg 1536w, https:\/\/spolchemie.two.testovaciverze.cz\/wp-content\/uploads\/2023\/07\/spolecnost-3.jpeg 2048w\" sizes=\"(max-width: 800px) 100vw, 800px\" \/>\t\t\t\t\t\t\t\t\t\t\t\t\t\t\t<\/div>\n\t\t\t\t\t<\/div>\n\t\t\t\t<\/div>\n\t\t\t\t\t<\/div>\n\t\t\t\t<\/div>\n\t\t<div class=\"elementor-element elementor-element-5a76b9d2 e-flex e-con-boxed e-con e-parent\" data-id=\"5a76b9d2\" data-element_type=\"container\" data-settings=\"{&quot;background_background&quot;:&quot;classic&quot;}\">\n\t\t\t\t\t<div class=\"e-con-inner\">\n\t\t<div class=\"elementor-element elementor-element-5d2b4334 e-flex e-con-boxed e-con e-parent\" data-id=\"5d2b4334\" data-element_type=\"container\">\n\t\t\t\t\t<div class=\"e-con-inner\">\n\t\t\t\t<div class=\"elementor-element elementor-element-6dc5bc26 elementor-widget__width-initial elementor-widget elementor-widget-text-editor\" data-id=\"6dc5bc26\" data-element_type=\"widget\" data-widget_type=\"text-editor.default\">\n\t\t\t\t\t\t\t\t\t<p>Titelfoto von Ladislav Faigl, <a href=\"https:\/\/creativecommons.org\/licenses\/by-sa\/3.0\">CC BY-SA 3.0<\/a>, via Wikimedia Commons<\/p>\n\t\t\t\t\t\t\t\t<\/div>\n\t\t\t\t\t<\/div>\n\t\t\t\t<\/div>\n\t\t\t\t\t<\/div>\n\t\t\t\t<\/div>\n\t\t\t\t<\/div>\n\t\t","protected":false},"excerpt":{"rendered":"<p>\u00davodn\u00ed Lange Tradition der chemischen Produktion in \u00dast\u00ed nad Labem Die chemische Produktion in \u00dast\u00ed nad Labem begann im Jahr 1865. Die Stadt wuchs und gedieh dank ihr. SPOLCHEMIE war und ist ein wichtiger Bestandteil der tschechischen Industrie und ein bedeutender Arbeitgeber in der Region. Stabiler, perspektivischer und zuverl\u00e4ssiger Arbeitgeber Wir sind ein wichtiger Arbeitgeber [&hellip;]<\/p>\n","protected":false},"author":1,"featured_media":0,"parent":5119,"menu_order":0,"comment_status":"closed","ping_status":"closed","template":"","meta":{"_acf_changed":false,"_seopress_robots_primary_cat":"","_seopress_titles_title":"","_seopress_titles_desc":"","_seopress_robots_index":"","footnotes":"","_links_to":"","_links_to_target":""},"class_list":["post-5078","page","type-page","status-publish","hentry"],"acf":[],"_links":{"self":[{"href":"https:\/\/spolchemie.two.testovaciverze.cz\/de\/wp-json\/wp\/v2\/pages\/5078","targetHints":{"allow":["GET"]}}],"collection":[{"href":"https:\/\/spolchemie.two.testovaciverze.cz\/de\/wp-json\/wp\/v2\/pages"}],"about":[{"href":"https:\/\/spolchemie.two.testovaciverze.cz\/de\/wp-json\/wp\/v2\/types\/page"}],"author":[{"embeddable":true,"href":"https:\/\/spolchemie.two.testovaciverze.cz\/de\/wp-json\/wp\/v2\/users\/1"}],"replies":[{"embeddable":true,"href":"https:\/\/spolchemie.two.testovaciverze.cz\/de\/wp-json\/wp\/v2\/comments?post=5078"}],"version-history":[{"count":1,"href":"https:\/\/spolchemie.two.testovaciverze.cz\/de\/wp-json\/wp\/v2\/pages\/5078\/revisions"}],"predecessor-version":[{"id":5080,"href":"https:\/\/spolchemie.two.testovaciverze.cz\/de\/wp-json\/wp\/v2\/pages\/5078\/revisions\/5080"}],"up":[{"embeddable":true,"href":"https:\/\/spolchemie.two.testovaciverze.cz\/de\/wp-json\/wp\/v2\/pages\/5119"}],"wp:attachment":[{"href":"https:\/\/spolchemie.two.testovaciverze.cz\/de\/wp-json\/wp\/v2\/media?parent=5078"}],"curies":[{"name":"wp","href":"https:\/\/api.w.org\/{rel}","templated":true}]}}