{"id":5069,"date":"2023-07-11T16:44:09","date_gmt":"2023-07-11T14:44:09","guid":{"rendered":"https:\/\/spolchemie.two.testovaciverze.cz\/unsere-werte\/"},"modified":"2023-08-06T19:50:12","modified_gmt":"2023-08-06T17:50:12","slug":"unsere-werte","status":"publish","type":"page","link":"https:\/\/spolchemie.two.testovaciverze.cz\/de\/verantwortliches-unternehmen\/unsere-werte\/","title":{"rendered":"Unsere Werte"},"content":{"rendered":"\t\t<div data-elementor-type=\"wp-page\" data-elementor-id=\"5069\" class=\"elementor elementor-5069 elementor-2335\" data-elementor-post-type=\"page\">\n\t\t\t\t<div data-dce-background-image-url=\"https:\/\/spolchemie.two.testovaciverze.cz\/wp-content\/uploads\/2023\/07\/skupina-1.jpeg\" class=\"elementor-element elementor-element-161f2bb4 e-con-full e-flex e-con e-parent\" data-id=\"161f2bb4\" data-element_type=\"container\" data-settings=\"{&quot;background_background&quot;:&quot;classic&quot;}\">\n\t\t\t\t<\/div>\n\t\t<div class=\"elementor-element elementor-element-67cc9cf e-flex e-con-boxed e-con e-parent\" data-id=\"67cc9cf\" data-element_type=\"container\" data-settings=\"{&quot;background_background&quot;:&quot;classic&quot;}\">\n\t\t\t\t\t<div class=\"e-con-inner\">\n\t\t<div class=\"elementor-element elementor-element-34b9ede2 e-flex e-con-boxed e-con e-parent\" data-id=\"34b9ede2\" data-element_type=\"container\">\n\t\t\t\t\t<div class=\"e-con-inner\">\n\t\t\t\t<div class=\"elementor-element elementor-element-6d46fe6e elementor-widget elementor-widget-sp-breadcrumbs\" data-id=\"6d46fe6e\" data-element_type=\"widget\" data-widget_type=\"sp-breadcrumbs.default\">\n\t\t\t\t<div class=\"elementor-widget-container\">\n\t\t\t\t\t<nav  aria-label=\"breadcrumb\"><ol class=\"breadcrumb\" itemscope itemtype=\"https:\/\/schema.org\/BreadcrumbList\"><li class=\"breadcrumb-item active\" aria-current=\"page\" itemprop=\"itemListElement\" itemscope itemtype=\"https:\/\/schema.org\/ListItem\"><span itemprop=\"name\">Spolchemie<\/span><meta itemprop=\"position\" content=\"1\"><\/li><\/ol><\/nav>\t\t\t\t<\/div>\n\t\t\t\t<\/div>\n\t\t\t\t<div class=\"elementor-element elementor-element-48e6a506 elementor-widget elementor-widget-heading\" data-id=\"48e6a506\" data-element_type=\"widget\" data-widget_type=\"heading.default\">\n\t\t\t\t\t<h1 class=\"elementor-heading-title elementor-size-default\">Unsere Werte<\/h1>\t\t\t\t<\/div>\n\t\t\t\t\t<\/div>\n\t\t\t\t<\/div>\n\t\t\t\t\t<\/div>\n\t\t\t\t<\/div>\n\t\t<div class=\"elementor-element elementor-element-31229f12 e-flex e-con-boxed e-con e-parent\" data-id=\"31229f12\" data-element_type=\"container\" data-settings=\"{&quot;background_background&quot;:&quot;gradient&quot;}\">\n\t\t\t\t\t<div class=\"e-con-inner\">\n\t\t<div class=\"elementor-element elementor-element-717e6b38 e-flex e-con-boxed e-con e-parent\" data-id=\"717e6b38\" data-element_type=\"container\">\n\t\t\t\t\t<div class=\"e-con-inner\">\n\t\t\t\t<div class=\"elementor-element elementor-element-5191670 elementor-widget elementor-widget-heading\" data-id=\"5191670\" data-element_type=\"widget\" data-widget_type=\"heading.default\">\n\t\t\t\t\t<h2 class=\"elementor-heading-title elementor-size-default\">Offenheit, Vertrauen und Zusammenarbeit<\/h2>\t\t\t\t<\/div>\n\t\t\t\t<div class=\"elementor-element elementor-element-1daf936f elementor-widget elementor-widget-text-editor\" data-id=\"1daf936f\" data-element_type=\"widget\" data-widget_type=\"text-editor.default\">\n\t\t\t\t\t\t\t\t\t<p>Wir verpflichten uns zu Chancengleichheit ohne Diskriminierung, Rechtm\u00e4\u00dfigkeit, Offenheit und professionellem Verhalten unserer Mitarbeiter. Wir f\u00f6rdern Eigenverantwortung, gegenseitiges Vertrauen und Teamarbeit.<\/p>\n\t\t\t\t\t\t\t\t<\/div>\n\t\t\t\t\t<\/div>\n\t\t\t\t<\/div>\n\t\t<div class=\"elementor-element elementor-element-3a1e3906 e-flex e-con-boxed e-con e-parent\" data-id=\"3a1e3906\" data-element_type=\"container\">\n\t\t\t\t\t<div class=\"e-con-inner\">\n\t\t\t\t<div class=\"elementor-element elementor-element-1f58125d elementor-widget elementor-widget-image\" data-id=\"1f58125d\" data-element_type=\"widget\" id=\"add-mask-left\" data-widget_type=\"image.default\">\n\t\t\t\t\t\t\t\t\t\t\t\t\t\t\t<img fetchpriority=\"high\" decoding=\"async\" width=\"800\" height=\"449\" src=\"https:\/\/spolchemie.two.testovaciverze.cz\/wp-content\/uploads\/2023\/07\/hodnoty-1-1024x575.jpeg\" class=\"attachment-large size-large wp-image-4275\" alt=\"\" srcset=\"https:\/\/spolchemie.two.testovaciverze.cz\/wp-content\/uploads\/2023\/07\/hodnoty-1-1024x575.jpeg 1024w, https:\/\/spolchemie.two.testovaciverze.cz\/wp-content\/uploads\/2023\/07\/hodnoty-1-300x168.jpeg 300w, https:\/\/spolchemie.two.testovaciverze.cz\/wp-content\/uploads\/2023\/07\/hodnoty-1-768x431.jpeg 768w, https:\/\/spolchemie.two.testovaciverze.cz\/wp-content\/uploads\/2023\/07\/hodnoty-1-1536x862.jpeg 1536w, https:\/\/spolchemie.two.testovaciverze.cz\/wp-content\/uploads\/2023\/07\/hodnoty-1.jpeg 1600w\" sizes=\"(max-width: 800px) 100vw, 800px\" \/>\t\t\t\t\t\t\t\t\t\t\t\t\t\t\t<\/div>\n\t\t\t\t\t<\/div>\n\t\t\t\t<\/div>\n\t\t\t\t\t<\/div>\n\t\t\t\t<\/div>\n\t\t<div class=\"elementor-element elementor-element-943cc6d e-flex e-con-boxed e-con e-parent\" data-id=\"943cc6d\" data-element_type=\"container\" data-settings=\"{&quot;background_background&quot;:&quot;classic&quot;}\">\n\t\t\t\t\t<div class=\"e-con-inner\">\n\t\t<div class=\"elementor-element elementor-element-c11f5c4 e-con-full e-flex e-con e-parent\" data-id=\"c11f5c4\" data-element_type=\"container\">\n\t\t\t\t<div class=\"elementor-element elementor-element-d204935 elementor-widget elementor-widget-text-editor\" data-id=\"d204935\" data-element_type=\"widget\" data-widget_type=\"text-editor.default\">\n\t\t\t\t\t\t\t\t\t<h2>UNSERE GRUNDWERTE<\/h2>\n<p><strong>EXPERTISE<\/strong><br \/>Wir sind stolz auf unser langj\u00e4hriges technisches Know-how, das fundierte Kenntnisse der Chemie mit einer qualitativ hochwertigen Verarbeitung verbindet.  <\/p>\n<p><strong>MITVERANTWORTUNG<\/strong> <br \/>Wir beteiligen uns aktiv an der Suche nach L\u00f6sungen, \u00fcbernehmen die Verantwortung f\u00fcr die von uns getroffenen Entscheidungen und f\u00fcr das Erreichen der von uns zugesagten Ergebnisse. Wir sind uns unserer Verantwortung f\u00fcr die Vermeidung von Unf\u00e4llen und den Schutz der Umwelt, der Gesundheit der Mitarbeiter und der Einwohner der Stadt bewusst.  <\/p>\n<p><strong>INNOVATION<\/strong><br \/>Wir vertiefen und erweitern st\u00e4ndig unsere Kenntnisse und F\u00e4higkeiten. Wir sind bestrebt, neue Produkte und Technologien zu entwickeln und unsere Arbeitsabl\u00e4ufe kontinuierlich zu verbessern.  <\/p>\n<p><strong>KUNDENORIENTIERUNG<\/strong><br \/>Wir gehen auf unsere Kunden ein, reagieren flexibel und erf\u00fcllen unsere Verpflichtungen, damit sie bei uns bleiben und uns ihren Gesch\u00e4ftspartnern weiterempfehlen.  <\/p>\n<p><strong>TEAMWORK<\/strong><br \/>Wir sch\u00e4tzen unsere Kollegen. Wir ziehen an einem Strang und tun alles, was wir k\u00f6nnen, um f\u00fcr unsere Kunden, Lieferanten und die \u00d6ffentlichkeit ein vertrauensw\u00fcrdiger Partner zu sein.  <\/p>\n\t\t\t\t\t\t\t\t<\/div>\n\t\t\t\t<\/div>\n\t\t<div class=\"elementor-element elementor-element-5f7cdee e-con-full e-flex e-con e-parent\" data-id=\"5f7cdee\" data-element_type=\"container\">\n\t\t\t\t<div class=\"elementor-element elementor-element-be3896e elementor-widget elementor-widget-image\" data-id=\"be3896e\" data-element_type=\"widget\" data-widget_type=\"image.default\">\n\t\t\t\t\t\t\t\t\t\t\t\t\t\t\t<img decoding=\"async\" width=\"800\" height=\"533\" src=\"https:\/\/spolchemie.two.testovaciverze.cz\/wp-content\/uploads\/2023\/07\/hodnoty-2.jpeg\" class=\"attachment-large size-large wp-image-4277\" alt=\"\" srcset=\"https:\/\/spolchemie.two.testovaciverze.cz\/wp-content\/uploads\/2023\/07\/hodnoty-2.jpeg 900w, https:\/\/spolchemie.two.testovaciverze.cz\/wp-content\/uploads\/2023\/07\/hodnoty-2-300x200.jpeg 300w, https:\/\/spolchemie.two.testovaciverze.cz\/wp-content\/uploads\/2023\/07\/hodnoty-2-768x512.jpeg 768w\" sizes=\"(max-width: 800px) 100vw, 800px\" \/>\t\t\t\t\t\t\t\t\t\t\t\t\t\t\t<\/div>\n\t\t\t\t<\/div>\n\t\t\t\t\t<\/div>\n\t\t\t\t<\/div>\n\t\t<div data-dce-background-color=\"#EAEAEA\" class=\"elementor-element elementor-element-8b4a2b0 e-flex e-con-boxed e-con e-parent\" data-id=\"8b4a2b0\" data-element_type=\"container\" data-settings=\"{&quot;background_background&quot;:&quot;classic&quot;}\">\n\t\t\t\t\t<div class=\"e-con-inner\">\n\t\t<div class=\"elementor-element elementor-element-986a962 e-flex e-con-boxed e-con e-parent\" data-id=\"986a962\" data-element_type=\"container\">\n\t\t\t\t\t<div class=\"e-con-inner\">\n\t\t\t\t<div class=\"elementor-element elementor-element-43604d1 elementor-widget elementor-widget-text-editor\" data-id=\"43604d1\" data-element_type=\"widget\" data-widget_type=\"text-editor.default\">\n\t\t\t\t\t\t\t\t\t<p><strong>MISE<\/strong><br \/>Gemeinsam verbessern wir die Lebensqualit\u00e4t der Menschen durch Innovationen in der Chemie.<\/p>\n<p><strong>VIZE<\/strong><br \/>Ein modernes, auf Forschung und Innovation ausgerichtetes Chemieunternehmen zu sein, ein f\u00fchrender Hersteller von Hydroxiden, fortschrittlichen Chlorderivaten und einer der f\u00fchrenden Produzenten von Kunstharzen in Europa.<\/p>\n\t\t\t\t\t\t\t\t<\/div>\n\t\t\t\t\t<\/div>\n\t\t\t\t<\/div>\n\t\t\t\t\t<\/div>\n\t\t\t\t<\/div>\n\t\t<div data-dce-background-image-url=\"https:\/\/spolchemie.two.testovaciverze.cz\/wp-content\/uploads\/2023\/03\/show-image-13.jpg\" class=\"elementor-element elementor-element-37b69a2 e-flex e-con-boxed e-con e-parent\" data-id=\"37b69a2\" data-element_type=\"container\" data-settings=\"{&quot;background_background&quot;:&quot;classic&quot;}\">\n\t\t\t\t\t<div class=\"e-con-inner\">\n\t\t<div class=\"elementor-element elementor-element-f26e8d1 e-flex e-con-boxed e-con e-parent\" data-id=\"f26e8d1\" data-element_type=\"container\">\n\t\t\t\t\t<div class=\"e-con-inner\">\n\t\t\t\t<div class=\"elementor-element elementor-element-93d934a elementor-widget elementor-widget-text-editor\" data-id=\"93d934a\" data-element_type=\"widget\" data-widget_type=\"text-editor.default\">\n\t\t\t\t\t\t\t\t\t<h3>ETHISCHER KODEX<\/h3>\n\t\t\t\t\t\t\t\t<\/div>\n\t\t\t\t<div class=\"elementor-element elementor-element-f4b8292 elementor-widget elementor-widget-text-editor\" data-id=\"f4b8292\" data-element_type=\"widget\" data-widget_type=\"text-editor.default\">\n\t\t\t\t\t\t\t\t\t<p>Wir haben folgenden Verhaltenskodex angenommen und wenden ihn in unserer t\u00e4glichen Arbeit an <strong><br \/>\n  <a href=\"https:\/\/spolchemie.two.testovaciverze.cz\/de\/ethischer-kodex\/\">Kodex der Ethik<\/a><br \/>\n<\/strong>der den<strong>grundlegenden Rahmen f\u00fcr das Verhalten unserer Mitarbeiter und F\u00fchrungskr\u00e4fte<\/strong> bildet<strong>.<\/strong><\/p>\n\t\t\t\t\t\t\t\t<\/div>\n\t\t\t\t\t<\/div>\n\t\t\t\t<\/div>\n\t\t\t\t\t<\/div>\n\t\t\t\t<\/div>\n\t\t\t\t<\/div>\n\t\t","protected":false},"excerpt":{"rendered":"<p>\u00davodn\u00ed Offenheit, Vertrauen und Zusammenarbeit Wir verpflichten uns zu Chancengleichheit ohne Diskriminierung, Rechtm\u00e4\u00dfigkeit, Offenheit und professionellem Verhalten unserer Mitarbeiter. Wir f\u00f6rdern Eigenverantwortung, gegenseitiges Vertrauen und Teamarbeit. UNSERE GRUNDWERTE EXPERTISEWir sind stolz auf unser langj\u00e4hriges technisches Know-how, das fundierte Kenntnisse der Chemie mit einer qualitativ hochwertigen Verarbeitung verbindet. MITVERANTWORTUNG Wir beteiligen uns aktiv an der Suche [&hellip;]<\/p>\n","protected":false},"author":1,"featured_media":0,"parent":5143,"menu_order":0,"comment_status":"closed","ping_status":"closed","template":"","meta":{"_acf_changed":false,"_seopress_robots_primary_cat":"","_seopress_titles_title":"","_seopress_titles_desc":"","_seopress_robots_index":"","footnotes":"","_links_to":"","_links_to_target":""},"class_list":["post-5069","page","type-page","status-publish","hentry"],"acf":[],"_links":{"self":[{"href":"https:\/\/spolchemie.two.testovaciverze.cz\/de\/wp-json\/wp\/v2\/pages\/5069","targetHints":{"allow":["GET"]}}],"collection":[{"href":"https:\/\/spolchemie.two.testovaciverze.cz\/de\/wp-json\/wp\/v2\/pages"}],"about":[{"href":"https:\/\/spolchemie.two.testovaciverze.cz\/de\/wp-json\/wp\/v2\/types\/page"}],"author":[{"embeddable":true,"href":"https:\/\/spolchemie.two.testovaciverze.cz\/de\/wp-json\/wp\/v2\/users\/1"}],"replies":[{"embeddable":true,"href":"https:\/\/spolchemie.two.testovaciverze.cz\/de\/wp-json\/wp\/v2\/comments?post=5069"}],"version-history":[{"count":2,"href":"https:\/\/spolchemie.two.testovaciverze.cz\/de\/wp-json\/wp\/v2\/pages\/5069\/revisions"}],"predecessor-version":[{"id":5076,"href":"https:\/\/spolchemie.two.testovaciverze.cz\/de\/wp-json\/wp\/v2\/pages\/5069\/revisions\/5076"}],"up":[{"embeddable":true,"href":"https:\/\/spolchemie.two.testovaciverze.cz\/de\/wp-json\/wp\/v2\/pages\/5143"}],"wp:attachment":[{"href":"https:\/\/spolchemie.two.testovaciverze.cz\/de\/wp-json\/wp\/v2\/media?parent=5069"}],"curies":[{"name":"wp","href":"https:\/\/api.w.org\/{rel}","templated":true}]}}