{"id":4691,"date":"2023-07-11T16:45:39","date_gmt":"2023-07-11T14:45:39","guid":{"rendered":"https:\/\/spolchemie.two.testovaciverze.cz\/wirtschaftlichkeit-und-produktqualitaet\/"},"modified":"2023-08-06T19:47:48","modified_gmt":"2023-08-06T17:47:48","slug":"wirtschaftlichkeit-und-produktqualitaet","status":"publish","type":"page","link":"https:\/\/spolchemie.two.testovaciverze.cz\/de\/verantwortliches-unternehmen\/nachhaltige-entwicklung\/wirtschaftlichkeit-und-produktqualitaet\/","title":{"rendered":"Wirtschaftlichkeit und Produktqualit\u00e4t"},"content":{"rendered":"\t\t<div data-elementor-type=\"wp-page\" data-elementor-id=\"4691\" class=\"elementor elementor-4691 elementor-2343\" data-elementor-post-type=\"page\">\n\t\t\t\t<div data-dce-background-image-url=\"https:\/\/spolchemie.two.testovaciverze.cz\/wp-content\/uploads\/2023\/07\/skupina-1.jpeg\" class=\"elementor-element elementor-element-7c3e6c13 e-con-full e-flex e-con e-parent\" data-id=\"7c3e6c13\" data-element_type=\"container\" data-settings=\"{&quot;background_background&quot;:&quot;classic&quot;}\">\n\t\t\t\t<\/div>\n\t\t<div class=\"elementor-element elementor-element-2e109e5e e-flex e-con-boxed e-con e-parent\" data-id=\"2e109e5e\" data-element_type=\"container\" data-settings=\"{&quot;background_background&quot;:&quot;classic&quot;}\">\n\t\t\t\t\t<div class=\"e-con-inner\">\n\t\t<div class=\"elementor-element elementor-element-1318be76 e-flex e-con-boxed e-con e-parent\" data-id=\"1318be76\" data-element_type=\"container\">\n\t\t\t\t\t<div class=\"e-con-inner\">\n\t\t\t\t<div class=\"elementor-element elementor-element-58341cb9 elementor-widget elementor-widget-sp-breadcrumbs\" data-id=\"58341cb9\" data-element_type=\"widget\" data-widget_type=\"sp-breadcrumbs.default\">\n\t\t\t\t<div class=\"elementor-widget-container\">\n\t\t\t\t\t<nav  aria-label=\"breadcrumb\"><ol class=\"breadcrumb\" itemscope itemtype=\"https:\/\/schema.org\/BreadcrumbList\"><li class=\"breadcrumb-item active\" aria-current=\"page\" itemprop=\"itemListElement\" itemscope itemtype=\"https:\/\/schema.org\/ListItem\"><span itemprop=\"name\">Spolchemie<\/span><meta itemprop=\"position\" content=\"1\"><\/li><\/ol><\/nav>\t\t\t\t<\/div>\n\t\t\t\t<\/div>\n\t\t\t\t<div class=\"elementor-element elementor-element-1243e574 elementor-widget elementor-widget-heading\" data-id=\"1243e574\" data-element_type=\"widget\" data-widget_type=\"heading.default\">\n\t\t\t\t\t<h1 class=\"elementor-heading-title elementor-size-default\">Wirtschaftlichkeit und Produktqualit\u00e4t<\/h1>\t\t\t\t<\/div>\n\t\t\t\t\t<\/div>\n\t\t\t\t<\/div>\n\t\t\t\t\t<\/div>\n\t\t\t\t<\/div>\n\t\t<div class=\"elementor-element elementor-element-5aa4132b e-flex e-con-boxed e-con e-parent\" data-id=\"5aa4132b\" data-element_type=\"container\" data-settings=\"{&quot;background_background&quot;:&quot;classic&quot;}\">\n\t\t\t\t\t<div class=\"e-con-inner\">\n\t\t<div class=\"elementor-element elementor-element-3cd5d4c6 e-flex e-con-boxed e-con e-parent\" data-id=\"3cd5d4c6\" data-element_type=\"container\">\n\t\t\t\t\t<div class=\"e-con-inner\">\n\t\t\t\t<div class=\"elementor-element elementor-element-2c52bef3 elementor-widget elementor-widget-text-editor\" data-id=\"2c52bef3\" data-element_type=\"widget\" data-widget_type=\"text-editor.default\">\n\t\t\t\t\t\t\t\t\t<p><strong>Hohe Qualit\u00e4t und hervorragende Produkteigenschaften sind der Schl\u00fcssel zur Zufriedenheit unserer Kunden.  <\/strong><\/p>\n<p>Um die hohe Qualit\u00e4t unserer Produkte aufrechtzuerhalten, unterliegen unsere Prozesse einer st\u00e4ndigen Kontrolle und werden entsprechend den Kundenanforderungen und den geltenden Rechtsvorschriften weiterentwickelt und verbessert. Unser Qualit\u00e4tskontrollsystem basiert auf Kontrollpunkten in der Produktion und der Einhaltung vorgeschriebener Verfahren durch alle Mitarbeiter, wobei die Qualit\u00e4t des jeweiligen Produkts durch eine unabh\u00e4ngige Kontrolle sichergestellt wird. Abweichungen von den geforderten Werten werden analysiert und f\u00fcr weitere Ma\u00dfnahmen ber\u00fccksichtigt.<\/p>\n<p>Dank unserer Entwicklungsteams, unseres technischen Service und unserer erfahrenen Produktionsmitarbeiter entwickeln und fertigen wir eine Reihe unserer Produkte direkt nach spezifischen Kundenanforderungen. Unsere Produkte erf\u00fcllen nicht nur hohe Qualit\u00e4tsstandards, sondern auch alle gesetzlichen Anforderungen der europ\u00e4ischen und au\u00dfereurop\u00e4ischen L\u00e4nder, in die wir sie exportieren.<\/p>\n<p>Die wichtigsten Grunds\u00e4tze und Verfahren im Bereich der Qualit\u00e4t sind in unserer <a href=\"https:\/\/spolchemie.two.testovaciverze.cz\/zodpovedna-firma-1\/\">Qualit\u00e4tspolitik<\/a> festgelegt.<\/p>\n\t\t\t\t\t\t\t\t<\/div>\n\t\t\t\t\t<\/div>\n\t\t\t\t<\/div>\n\t\t\t\t\t<\/div>\n\t\t\t\t<\/div>\n\t\t<div class=\"elementor-element elementor-element-1f1e5244 e-flex e-con-boxed e-con e-parent\" data-id=\"1f1e5244\" data-element_type=\"container\" data-settings=\"{&quot;background_background&quot;:&quot;gradient&quot;}\">\n\t\t\t\t\t<div class=\"e-con-inner\">\n\t\t<div class=\"elementor-element elementor-element-61dea159 e-flex e-con-boxed e-con e-parent\" data-id=\"61dea159\" data-element_type=\"container\">\n\t\t\t\t\t<div class=\"e-con-inner\">\n\t\t\t\t<div class=\"elementor-element elementor-element-3ac9ed2e elementor-widget elementor-widget-heading\" data-id=\"3ac9ed2e\" data-element_type=\"widget\" data-widget_type=\"heading.default\">\n\t\t\t\t\t<h2 class=\"elementor-heading-title elementor-size-default\">Lieferkette<\/h2>\t\t\t\t<\/div>\n\t\t\t\t<div class=\"elementor-element elementor-element-911c9 elementor-widget elementor-widget-text-editor\" data-id=\"911c9\" data-element_type=\"widget\" data-widget_type=\"text-editor.default\">\n\t\t\t\t\t\t\t\t\t<p>Unsere Lieferanten von Rohstoffen und Dienstleistungen werden motiviert, \u00fcberwacht und anhand unserer Grunds\u00e4tze bewertet.<\/p>\n\t\t\t\t\t\t\t\t<\/div>\n\t\t\t\t\t<\/div>\n\t\t\t\t<\/div>\n\t\t<div class=\"elementor-element elementor-element-2250c8b0 e-flex e-con-boxed e-con e-parent\" data-id=\"2250c8b0\" data-element_type=\"container\">\n\t\t\t\t\t<div class=\"e-con-inner\">\n\t\t\t\t<div class=\"elementor-element elementor-element-1f927360 elementor-widget elementor-widget-image\" data-id=\"1f927360\" data-element_type=\"widget\" id=\"add-mask-left\" data-widget_type=\"image.default\">\n\t\t\t\t\t\t\t\t\t\t\t\t\t\t\t<img fetchpriority=\"high\" decoding=\"async\" width=\"800\" height=\"447\" src=\"https:\/\/spolchemie.two.testovaciverze.cz\/wp-content\/uploads\/2023\/07\/eko-1.jpeg\" class=\"attachment-large size-large wp-image-4305\" alt=\"\" srcset=\"https:\/\/spolchemie.two.testovaciverze.cz\/wp-content\/uploads\/2023\/07\/eko-1.jpeg 999w, https:\/\/spolchemie.two.testovaciverze.cz\/wp-content\/uploads\/2023\/07\/eko-1-300x168.jpeg 300w, https:\/\/spolchemie.two.testovaciverze.cz\/wp-content\/uploads\/2023\/07\/eko-1-768x429.jpeg 768w\" sizes=\"(max-width: 800px) 100vw, 800px\" \/>\t\t\t\t\t\t\t\t\t\t\t\t\t\t\t<\/div>\n\t\t\t\t\t<\/div>\n\t\t\t\t<\/div>\n\t\t\t\t\t<\/div>\n\t\t\t\t<\/div>\n\t\t<div data-dce-background-image-url=\"https:\/\/spolchemie.two.testovaciverze.cz\/wp-content\/uploads\/2023\/03\/show-image-13.jpg\" class=\"elementor-element elementor-element-85bdacf e-flex e-con-boxed e-con e-parent\" data-id=\"85bdacf\" data-element_type=\"container\" data-settings=\"{&quot;background_background&quot;:&quot;classic&quot;}\">\n\t\t\t\t\t<div class=\"e-con-inner\">\n\t\t<div class=\"elementor-element elementor-element-c226001 e-flex e-con-boxed e-con e-parent\" data-id=\"c226001\" data-element_type=\"container\">\n\t\t\t\t\t<div class=\"e-con-inner\">\n\t\t\t\t<div class=\"elementor-element elementor-element-57aefe2 elementor-widget elementor-widget-text-editor\" data-id=\"57aefe2\" data-element_type=\"widget\" data-widget_type=\"text-editor.default\">\n\t\t\t\t\t\t\t\t\t<h3>QUALIT\u00c4TSKONTROLLE<\/h3>\n\t\t\t\t\t\t\t\t<\/div>\n\t\t\t\t<div class=\"elementor-element elementor-element-0ba8bf3 elementor-widget elementor-widget-text-editor\" data-id=\"0ba8bf3\" data-element_type=\"widget\" data-widget_type=\"text-editor.default\">\n\t\t\t\t\t\t\t\t\t<p><strong>Unsere Prozesse werden st\u00e4ndig kontrolliert, weiterentwickelt und<\/strong> in \u00dcbereinstimmung mit den Kundenanforderungen und der geltenden Gesetzgebung <strong>verbessert<\/strong>. Alle Mitarbeiter sind sich der Notwendigkeit bewusst, die Verfahren zu befolgen und st\u00e4ndig zu verbessern, um die hohe Qualit\u00e4t unserer Produkte zu erhalten. Unser Qualit\u00e4tskontrollsystem basiert auf Produktionskontrollen und der Einhaltung der vorgeschriebenen Verfahren. Das Erreichen der geforderten Qualit\u00e4t wird dann durch eine unabh\u00e4ngige Pr\u00fcfung des spezifischen Produkts sichergestellt und Abweichungen von den geforderten Werten werden analysiert und bei unseren weiteren Aktivit\u00e4ten ber\u00fccksichtigt.<\/p>\n\t\t\t\t\t\t\t\t<\/div>\n\t\t\t\t\t<\/div>\n\t\t\t\t<\/div>\n\t\t\t\t\t<\/div>\n\t\t\t\t<\/div>\n\t\t\t\t<\/div>\n\t\t","protected":false},"excerpt":{"rendered":"<p>\u00davodn\u00ed Hohe Qualit\u00e4t und hervorragende Produkteigenschaften sind der Schl\u00fcssel zur Zufriedenheit unserer Kunden. Um die hohe Qualit\u00e4t unserer Produkte aufrechtzuerhalten, unterliegen unsere Prozesse einer st\u00e4ndigen Kontrolle und werden entsprechend den Kundenanforderungen und den geltenden Rechtsvorschriften weiterentwickelt und verbessert. Unser Qualit\u00e4tskontrollsystem basiert auf Kontrollpunkten in der Produktion und der Einhaltung vorgeschriebener Verfahren durch alle Mitarbeiter, wobei [&hellip;]<\/p>\n","protected":false},"author":1,"featured_media":0,"parent":5119,"menu_order":0,"comment_status":"closed","ping_status":"closed","template":"","meta":{"_acf_changed":false,"_seopress_robots_primary_cat":"","_seopress_titles_title":"","_seopress_titles_desc":"","_seopress_robots_index":"","footnotes":"","_links_to":"","_links_to_target":""},"class_list":["post-4691","page","type-page","status-publish","hentry"],"acf":[],"_links":{"self":[{"href":"https:\/\/spolchemie.two.testovaciverze.cz\/de\/wp-json\/wp\/v2\/pages\/4691","targetHints":{"allow":["GET"]}}],"collection":[{"href":"https:\/\/spolchemie.two.testovaciverze.cz\/de\/wp-json\/wp\/v2\/pages"}],"about":[{"href":"https:\/\/spolchemie.two.testovaciverze.cz\/de\/wp-json\/wp\/v2\/types\/page"}],"author":[{"embeddable":true,"href":"https:\/\/spolchemie.two.testovaciverze.cz\/de\/wp-json\/wp\/v2\/users\/1"}],"replies":[{"embeddable":true,"href":"https:\/\/spolchemie.two.testovaciverze.cz\/de\/wp-json\/wp\/v2\/comments?post=4691"}],"version-history":[{"count":1,"href":"https:\/\/spolchemie.two.testovaciverze.cz\/de\/wp-json\/wp\/v2\/pages\/4691\/revisions"}],"predecessor-version":[{"id":4693,"href":"https:\/\/spolchemie.two.testovaciverze.cz\/de\/wp-json\/wp\/v2\/pages\/4691\/revisions\/4693"}],"up":[{"embeddable":true,"href":"https:\/\/spolchemie.two.testovaciverze.cz\/de\/wp-json\/wp\/v2\/pages\/5119"}],"wp:attachment":[{"href":"https:\/\/spolchemie.two.testovaciverze.cz\/de\/wp-json\/wp\/v2\/media?parent=4691"}],"curies":[{"name":"wp","href":"https:\/\/api.w.org\/{rel}","templated":true}]}}