{"id":4685,"date":"2023-07-11T16:45:55","date_gmt":"2023-07-11T14:45:55","guid":{"rendered":"https:\/\/spolchemie.two.testovaciverze.cz\/ims\/"},"modified":"2023-12-19T11:20:29","modified_gmt":"2023-12-19T10:20:29","slug":"ims","status":"publish","type":"page","link":"https:\/\/spolchemie.two.testovaciverze.cz\/de\/verantwortliches-unternehmen\/nachhaltige-entwicklung\/ims\/","title":{"rendered":"IMS"},"content":{"rendered":"\t\t<div data-elementor-type=\"wp-page\" data-elementor-id=\"4685\" class=\"elementor elementor-4685 elementor-2345\" data-elementor-post-type=\"page\">\n\t\t\t\t<div data-dce-background-image-url=\"https:\/\/spolchemie.two.testovaciverze.cz\/wp-content\/uploads\/2023\/03\/show-image-9.jpg\" class=\"elementor-element elementor-element-28692854 e-con-full e-flex e-con e-parent\" data-id=\"28692854\" data-element_type=\"container\" data-settings=\"{&quot;background_background&quot;:&quot;classic&quot;}\">\n\t\t\t\t<\/div>\n\t\t<div class=\"elementor-element elementor-element-2c8c583e e-flex e-con-boxed e-con e-parent\" data-id=\"2c8c583e\" data-element_type=\"container\" data-settings=\"{&quot;background_background&quot;:&quot;classic&quot;}\">\n\t\t\t\t\t<div class=\"e-con-inner\">\n\t\t<div class=\"elementor-element elementor-element-477dcdf4 e-flex e-con-boxed e-con e-child\" data-id=\"477dcdf4\" data-element_type=\"container\">\n\t\t\t\t\t<div class=\"e-con-inner\">\n\t\t\t\t<div class=\"elementor-element elementor-element-6284a8db elementor-widget elementor-widget-sp-breadcrumbs\" data-id=\"6284a8db\" data-element_type=\"widget\" data-widget_type=\"sp-breadcrumbs.default\">\n\t\t\t\t<div class=\"elementor-widget-container\">\n\t\t\t\t\t<nav  aria-label=\"breadcrumb\"><ol class=\"breadcrumb\" itemscope itemtype=\"https:\/\/schema.org\/BreadcrumbList\"><li class=\"breadcrumb-item active\" aria-current=\"page\" itemprop=\"itemListElement\" itemscope itemtype=\"https:\/\/schema.org\/ListItem\"><span itemprop=\"name\">Spolchemie<\/span><meta itemprop=\"position\" content=\"1\"><\/li><\/ol><\/nav>\t\t\t\t<\/div>\n\t\t\t\t<\/div>\n\t\t\t\t<div class=\"elementor-element elementor-element-aeebf1c elementor-widget elementor-widget-heading\" data-id=\"aeebf1c\" data-element_type=\"widget\" data-widget_type=\"heading.default\">\n\t\t\t\t\t<h1 class=\"elementor-heading-title elementor-size-default\">IMS<\/h1>\t\t\t\t<\/div>\n\t\t\t\t\t<\/div>\n\t\t\t\t<\/div>\n\t\t\t\t\t<\/div>\n\t\t\t\t<\/div>\n\t\t<div class=\"elementor-element elementor-element-435987b6 e-flex e-con-boxed e-con e-parent\" data-id=\"435987b6\" data-element_type=\"container\" data-settings=\"{&quot;background_background&quot;:&quot;classic&quot;}\">\n\t\t\t\t\t<div class=\"e-con-inner\">\n\t\t<div class=\"elementor-element elementor-element-53ed46b2 e-flex e-con-boxed e-con e-child\" data-id=\"53ed46b2\" data-element_type=\"container\">\n\t\t\t\t\t<div class=\"e-con-inner\">\n\t\t\t\t<div class=\"elementor-element elementor-element-3f66c509 elementor-widget elementor-widget-text-editor\" data-id=\"3f66c509\" data-element_type=\"widget\" data-widget_type=\"text-editor.default\">\n\t\t\t\t\t\t\t\t\t<p><strong>Unser Unternehmen verf\u00fcgt \u00fcber ein wirksames integriertes Managementsystem (IMS), das vier Teilsysteme umfasst:<\/strong><\/p><ul><li><strong>Umwelt <\/strong><\/li><li><strong>Gesundheit und Sicherheit<\/strong><\/li><li><strong>Qualit\u00e4t<\/strong><\/li><li><strong> Energiemanagement<\/strong><\/li><\/ul><p>\u00a0<\/p><p>Viele unserer Aktivit\u00e4ten gehen \u00fcber die vorgeschriebenen Verfahren und Methoden hinaus. Unsere Prozesse und Aktivit\u00e4ten werden regelm\u00e4\u00dfig anhand von Standards \u00fcberpr\u00fcft:<\/p><p><a href=\"https:\/\/spolchemie.two.testovaciverze.cz\/wp-content\/uploads\/2023\/12\/9001-SPOLCHEMIE_de-1.pdf\"><strong>ISO 9001<\/strong><\/a> &#8211; f\u00fcr Qualit\u00e4t<br \/><strong><a href=\"https:\/\/spolchemie.two.testovaciverze.cz\/wp-content\/uploads\/2023\/12\/14001-SPOLCHEMIE_de-1.pdf\">ISO 14001<\/a> <\/strong>&#8211; f\u00fcr die Umwelt<br \/><strong><a href=\"https:\/\/spolchemie.two.testovaciverze.cz\/wp-content\/uploads\/2023\/12\/45001-SPOLCHEMIE_de-1-1.pdf\">ISO 45001<\/a> <\/strong>&#8211; f\u00fcr Gesundheit und Sicherheit<br \/><strong><a href=\"https:\/\/spolchemie.two.testovaciverze.cz\/wp-content\/uploads\/2023\/12\/50001-SPOLCHEMIE_de-1.pdf\">ISO 50001<\/a><\/strong> &#8211; f\u00fcr Energiemanagement<\/p>\t\t\t\t\t\t\t\t<\/div>\n\t\t\t\t\t<\/div>\n\t\t\t\t<\/div>\n\t\t\t\t\t<\/div>\n\t\t\t\t<\/div>\n\t\t\t\t<\/div>\n\t\t","protected":false},"excerpt":{"rendered":"<p>Spolchemie Unser Unternehmen verf\u00fcgt \u00fcber ein wirksames integriertes Managementsystem (IMS), das vier Teilsysteme umfasst: Umwelt Gesundheit und Sicherheit Qualit\u00e4t Energiemanagement \u00a0 Viele unserer Aktivit\u00e4ten gehen \u00fcber die vorgeschriebenen Verfahren und Methoden hinaus. Unsere Prozesse und Aktivit\u00e4ten werden regelm\u00e4\u00dfig anhand von Standards \u00fcberpr\u00fcft: ISO 9001 &#8211; f\u00fcr Qualit\u00e4tISO 14001 &#8211; f\u00fcr die UmweltISO 45001 &#8211; f\u00fcr [&hellip;]<\/p>\n","protected":false},"author":1,"featured_media":0,"parent":5119,"menu_order":0,"comment_status":"closed","ping_status":"closed","template":"","meta":{"_acf_changed":false,"_seopress_robots_primary_cat":"","_seopress_titles_title":"","_seopress_titles_desc":"","_seopress_robots_index":"","footnotes":"","_links_to":"","_links_to_target":""},"class_list":["post-4685","page","type-page","status-publish","hentry"],"acf":[],"_links":{"self":[{"href":"https:\/\/spolchemie.two.testovaciverze.cz\/de\/wp-json\/wp\/v2\/pages\/4685","targetHints":{"allow":["GET"]}}],"collection":[{"href":"https:\/\/spolchemie.two.testovaciverze.cz\/de\/wp-json\/wp\/v2\/pages"}],"about":[{"href":"https:\/\/spolchemie.two.testovaciverze.cz\/de\/wp-json\/wp\/v2\/types\/page"}],"author":[{"embeddable":true,"href":"https:\/\/spolchemie.two.testovaciverze.cz\/de\/wp-json\/wp\/v2\/users\/1"}],"replies":[{"embeddable":true,"href":"https:\/\/spolchemie.two.testovaciverze.cz\/de\/wp-json\/wp\/v2\/comments?post=4685"}],"version-history":[{"count":19,"href":"https:\/\/spolchemie.two.testovaciverze.cz\/de\/wp-json\/wp\/v2\/pages\/4685\/revisions"}],"predecessor-version":[{"id":54054,"href":"https:\/\/spolchemie.two.testovaciverze.cz\/de\/wp-json\/wp\/v2\/pages\/4685\/revisions\/54054"}],"up":[{"embeddable":true,"href":"https:\/\/spolchemie.two.testovaciverze.cz\/de\/wp-json\/wp\/v2\/pages\/5119"}],"wp:attachment":[{"href":"https:\/\/spolchemie.two.testovaciverze.cz\/de\/wp-json\/wp\/v2\/media?parent=4685"}],"curies":[{"name":"wp","href":"https:\/\/api.w.org\/{rel}","templated":true}]}}