{"id":4679,"date":"2023-07-11T16:47:14","date_gmt":"2023-07-11T14:47:14","guid":{"rendered":"https:\/\/spolchemie.two.testovaciverze.cz\/bildung\/"},"modified":"2023-08-06T19:47:42","modified_gmt":"2023-08-06T17:47:42","slug":"bildung","status":"publish","type":"page","link":"https:\/\/spolchemie.two.testovaciverze.cz\/de\/verantwortliches-unternehmen\/bildung\/","title":{"rendered":"Bildung"},"content":{"rendered":"\t\t<div data-elementor-type=\"wp-page\" data-elementor-id=\"4679\" class=\"elementor elementor-4679 elementor-2349\" data-elementor-post-type=\"page\">\n\t\t\t\t<div data-dce-background-image-url=\"https:\/\/spolchemie.two.testovaciverze.cz\/wp-content\/uploads\/2023\/03\/show-image-9.jpg\" class=\"elementor-element elementor-element-68e71fcc e-con-full e-flex e-con e-parent\" data-id=\"68e71fcc\" data-element_type=\"container\" data-settings=\"{&quot;background_background&quot;:&quot;classic&quot;}\">\n\t\t\t\t<\/div>\n\t\t<div class=\"elementor-element elementor-element-7ed35928 e-flex e-con-boxed e-con e-parent\" data-id=\"7ed35928\" data-element_type=\"container\" data-settings=\"{&quot;background_background&quot;:&quot;classic&quot;}\">\n\t\t\t\t\t<div class=\"e-con-inner\">\n\t\t<div class=\"elementor-element elementor-element-59198784 e-flex e-con-boxed e-con e-parent\" data-id=\"59198784\" data-element_type=\"container\">\n\t\t\t\t\t<div class=\"e-con-inner\">\n\t\t\t\t<div class=\"elementor-element elementor-element-212b3a2a elementor-widget elementor-widget-sp-breadcrumbs\" data-id=\"212b3a2a\" data-element_type=\"widget\" data-widget_type=\"sp-breadcrumbs.default\">\n\t\t\t\t<div class=\"elementor-widget-container\">\n\t\t\t\t\t<nav  aria-label=\"breadcrumb\"><ol class=\"breadcrumb\" itemscope itemtype=\"https:\/\/schema.org\/BreadcrumbList\"><li class=\"breadcrumb-item active\" aria-current=\"page\" itemprop=\"itemListElement\" itemscope itemtype=\"https:\/\/schema.org\/ListItem\"><span itemprop=\"name\">Spolchemie<\/span><meta itemprop=\"position\" content=\"1\"><\/li><\/ol><\/nav>\t\t\t\t<\/div>\n\t\t\t\t<\/div>\n\t\t\t\t<div class=\"elementor-element elementor-element-781777df elementor-widget elementor-widget-heading\" data-id=\"781777df\" data-element_type=\"widget\" data-widget_type=\"heading.default\">\n\t\t\t\t\t<h1 class=\"elementor-heading-title elementor-size-default\">Bildung<\/h1>\t\t\t\t<\/div>\n\t\t\t\t\t<\/div>\n\t\t\t\t<\/div>\n\t\t\t\t\t<\/div>\n\t\t\t\t<\/div>\n\t\t<div class=\"elementor-element elementor-element-3d4e9d4a e-flex e-con-boxed e-con e-parent\" data-id=\"3d4e9d4a\" data-element_type=\"container\" data-settings=\"{&quot;background_background&quot;:&quot;classic&quot;}\">\n\t\t\t\t\t<div class=\"e-con-inner\">\n\t\t<div class=\"elementor-element elementor-element-4862de0 e-flex e-con-boxed e-con e-parent\" data-id=\"4862de0\" data-element_type=\"container\">\n\t\t\t\t\t<div class=\"e-con-inner\">\n\t\t\t\t<div class=\"elementor-element elementor-element-48224bb elementor-widget elementor-widget-text-editor\" data-id=\"48224bb\" data-element_type=\"widget\" data-widget_type=\"text-editor.default\">\n\t\t\t\t\t\t\t\t\t<p>Wir sind uns bewusst, wie wichtig die <strong>kontinuierliche und gezielte Weiterbildung unserer Mitarbeiter<\/strong> f\u00fcr den zuk\u00fcnftigen Erfolg unseres Unternehmens ist. Deshalb engagieren wir uns seit langem f\u00fcr die pers\u00f6nliche und fachliche Weiterentwicklung unserer Mitarbeiter und den Ausbau ihrer Kompetenzen. Wir unterst\u00fctzen auch die <strong>Bildung von Kindern und Jugendlichen<\/strong>, weil wir wissen, wie sehr sie die soziale Integration des Einzelnen und die Entwicklung der Region beeinflussen kann.<\/p>\n<\/p>\n<p><strong>MITARBEITERSCHULUNG<\/strong><\/p>\n<p>Das anspruchsvolle Umfeld, in dem wir arbeiten, erfordert spezielle Kenntnisse und F\u00e4higkeiten sowie eine hohe Qualit\u00e4t der Arbeit. Um das Fachwissen unserer Mitarbeiter zu st\u00e4rken, veranstalten wir regelm\u00e4\u00dfig Schulungen und Kurse.<\/p>\n\t\t\t\t\t\t\t\t<\/div>\n\t\t\t\t\t<\/div>\n\t\t\t\t<\/div>\n\t\t\t\t\t<\/div>\n\t\t\t\t<\/div>\n\t\t<div class=\"elementor-element elementor-element-42002d9d e-flex e-con-boxed e-con e-parent\" data-id=\"42002d9d\" data-element_type=\"container\" data-settings=\"{&quot;background_background&quot;:&quot;classic&quot;}\">\n\t\t\t\t\t<div class=\"e-con-inner\">\n\t\t<div class=\"elementor-element elementor-element-54b8c08a e-flex e-con-boxed e-con e-parent\" data-id=\"54b8c08a\" data-element_type=\"container\">\n\t\t\t\t\t<div class=\"e-con-inner\">\n\t\t\t\t<div class=\"elementor-element elementor-element-3d95e7f9 elementor-widget elementor-widget-text-editor\" data-id=\"3d95e7f9\" data-element_type=\"widget\" data-widget_type=\"text-editor.default\">\n\t\t\t\t\t\t\t\t\t<h2>STUDIENPROGRAMM UND UNTERST\u00dcTZUNG<\/h2>\nWir unterst\u00fctzen moderne und innovative Unterrichtsmethoden in Grundschulen (Projekte &#8222;Chemie attraktiv unterrichten&#8220;). Wir sind Partner des Wettbewerbs <a href=\"http:\/\/mladychemikcr.cz\/\">Junger Chemiker<\/a> f\u00fcr \u00e4ltere Grundsch\u00fcler.\n\nWir bieten Oberstufensch\u00fclern die M\u00f6glichkeit, <strong>ein Praktikum oder eine Ausbildung zu absolvieren.<\/strong>\n\nWir arbeiten auch eng mit chemischen und wissenschaftlichen Universit\u00e4ten zusammen. Wir sind unter anderem Partner der <a href=\"https:\/\/www.vscht.cz\/\">Universit\u00e4t f\u00fcr Chemische Technologie in Prag (V\u0160CHT<\/a> ) und haben ein Kooperationsprojekt mit der <a href=\"https:\/\/fcht.upce.cz\/?_ga=2.239758979.1483046633.1611321493-333163033.1611321493\">Universit\u00e4t Pardubice<\/a> (UP). Wir nehmen regelm\u00e4\u00dfig an Jobmessen teil, auf denen wir Studenten treffen, die sich f\u00fcr eine T\u00e4tigkeit in der chemischen Industrie interessieren.\n\nWir bieten interessante M\u00f6glichkeiten f\u00fcr Hochschulstudenten <strong><a href=\"https:\/\/spolchemie.two.testovaciverze.cz\/stipendijni-program\/\">Stipendien<\/a> <\/strong>und Absolventen <strong>\n  <a href=\"https:\/\/spolchemie.two.testovaciverze.cz\/trainee-program\/\">Trainee-Programm<\/a>\n<\/strong>.\t\t\t\t\t\t\t\t<\/div>\n\t\t\t\t\t<\/div>\n\t\t\t\t<\/div>\n\t\t\t\t\t<\/div>\n\t\t\t\t<\/div>\n\t\t<div class=\"elementor-element elementor-element-dec3b2d e-flex e-con-boxed e-con e-parent\" data-id=\"dec3b2d\" data-element_type=\"container\" data-settings=\"{&quot;background_background&quot;:&quot;classic&quot;}\">\n\t\t\t\t\t<div class=\"e-con-inner\">\n\t\t<div class=\"elementor-element elementor-element-67d302b e-flex e-con-boxed e-con e-parent\" data-id=\"67d302b\" data-element_type=\"container\">\n\t\t\t\t\t<div class=\"e-con-inner\">\n\t\t\t\t<div class=\"elementor-element elementor-element-27ea073 elementor-widget elementor-widget-text-editor\" data-id=\"27ea073\" data-element_type=\"widget\" data-widget_type=\"text-editor.default\">\n\t\t\t\t\t\t\t\t\t<h2>Partnerhochschulen<\/h2>\n\t\t\t\t\t\t\t\t<\/div>\n\t\t<div class=\"elementor-element elementor-element-aaf70e8 e-flex e-con-boxed e-con e-parent\" data-id=\"aaf70e8\" data-element_type=\"container\">\n\t\t\t\t\t<div class=\"e-con-inner\">\n\t\t<div class=\"elementor-element elementor-element-89bd589 e-flex e-con-boxed e-con e-parent\" data-id=\"89bd589\" data-element_type=\"container\">\n\t\t\t\t\t<div class=\"e-con-inner\">\n\t\t\t\t<div class=\"elementor-element elementor-element-4e8cd1a elementor-widget elementor-widget-image\" data-id=\"4e8cd1a\" data-element_type=\"widget\" data-widget_type=\"image.default\">\n\t\t\t\t\t\t\t\t\t\t\t\t\t\t\t<img fetchpriority=\"high\" decoding=\"async\" width=\"687\" height=\"348\" src=\"https:\/\/spolchemie.two.testovaciverze.cz\/wp-content\/uploads\/2023\/07\/vscht.png\" class=\"attachment-large size-large wp-image-4315\" alt=\"\" srcset=\"https:\/\/spolchemie.two.testovaciverze.cz\/wp-content\/uploads\/2023\/07\/vscht.png 687w, https:\/\/spolchemie.two.testovaciverze.cz\/wp-content\/uploads\/2023\/07\/vscht-300x152.png 300w\" sizes=\"(max-width: 687px) 100vw, 687px\" \/>\t\t\t\t\t\t\t\t\t\t\t\t\t\t\t<\/div>\n\t\t\t\t\t<\/div>\n\t\t\t\t<\/div>\n\t\t<div class=\"elementor-element elementor-element-12aebb9 e-flex e-con-boxed e-con e-parent\" data-id=\"12aebb9\" data-element_type=\"container\">\n\t\t\t\t\t<div class=\"e-con-inner\">\n\t\t\t\t<div class=\"elementor-element elementor-element-09bb682 elementor-widget elementor-widget-image\" data-id=\"09bb682\" data-element_type=\"widget\" data-widget_type=\"image.default\">\n\t\t\t\t\t\t\t\t\t\t\t\t\t\t\t<img decoding=\"async\" width=\"800\" height=\"357\" src=\"https:\/\/spolchemie.two.testovaciverze.cz\/wp-content\/uploads\/2023\/07\/uoft.jpeg\" class=\"attachment-large size-large wp-image-4313\" alt=\"\" \/>\t\t\t\t\t\t\t\t\t\t\t\t\t\t\t<\/div>\n\t\t\t\t\t<\/div>\n\t\t\t\t<\/div>\n\t\t\t\t\t<\/div>\n\t\t\t\t<\/div>\n\t\t\t\t\t<\/div>\n\t\t\t\t<\/div>\n\t\t\t\t\t<\/div>\n\t\t\t\t<\/div>\n\t\t<div class=\"elementor-element elementor-element-2419b023 e-flex e-con-boxed e-con e-parent\" data-id=\"2419b023\" data-element_type=\"container\" data-settings=\"{&quot;background_background&quot;:&quot;gradient&quot;}\">\n\t\t\t\t\t<div class=\"e-con-inner\">\n\t\t<div class=\"elementor-element elementor-element-535dac67 e-flex e-con-boxed e-con e-parent\" data-id=\"535dac67\" data-element_type=\"container\">\n\t\t\t\t\t<div class=\"e-con-inner\">\n\t\t\t\t<div class=\"elementor-element elementor-element-464352dd elementor-widget elementor-widget-heading\" data-id=\"464352dd\" data-element_type=\"widget\" data-widget_type=\"heading.default\">\n\t\t\t\t\t<h2 class=\"elementor-heading-title elementor-size-default\">Die Zukunft durch Bildung<\/h2>\t\t\t\t<\/div>\n\t\t\t\t<div class=\"elementor-element elementor-element-5c0c028 elementor-widget elementor-widget-text-editor\" data-id=\"5c0c028\" data-element_type=\"widget\" data-widget_type=\"text-editor.default\">\n\t\t\t\t\t\t\t\t\t<p>Wir betrachten Bildung als einen wichtigen Teil unserer Aktivit\u00e4ten, als <strong>Voraussetzung f\u00fcr den Erfolg unserer Mitarbeiter<\/strong> und des Unternehmens sowie f\u00fcr die Gesellschaft insgesamt.<\/p>\n\t\t\t\t\t\t\t\t<\/div>\n\t\t\t\t\t<\/div>\n\t\t\t\t<\/div>\n\t\t<div class=\"elementor-element elementor-element-123b733 e-flex e-con-boxed e-con e-parent\" data-id=\"123b733\" data-element_type=\"container\">\n\t\t\t\t\t<div class=\"e-con-inner\">\n\t\t\t\t<div class=\"elementor-element elementor-element-c5b64fb elementor-widget elementor-widget-image\" data-id=\"c5b64fb\" data-element_type=\"widget\" id=\"add-mask-left\" data-widget_type=\"image.default\">\n\t\t\t\t\t\t\t\t\t\t\t\t\t\t\t<img decoding=\"async\" width=\"800\" height=\"447\" src=\"https:\/\/spolchemie.two.testovaciverze.cz\/wp-content\/uploads\/2023\/07\/vzdelavani-1.jpeg\" class=\"attachment-large size-large wp-image-4309\" alt=\"\" srcset=\"https:\/\/spolchemie.two.testovaciverze.cz\/wp-content\/uploads\/2023\/07\/vzdelavani-1.jpeg 999w, https:\/\/spolchemie.two.testovaciverze.cz\/wp-content\/uploads\/2023\/07\/vzdelavani-1-300x168.jpeg 300w, https:\/\/spolchemie.two.testovaciverze.cz\/wp-content\/uploads\/2023\/07\/vzdelavani-1-768x429.jpeg 768w\" sizes=\"(max-width: 800px) 100vw, 800px\" \/>\t\t\t\t\t\t\t\t\t\t\t\t\t\t\t<\/div>\n\t\t\t\t\t<\/div>\n\t\t\t\t<\/div>\n\t\t\t\t\t<\/div>\n\t\t\t\t<\/div>\n\t\t<div class=\"elementor-element elementor-element-7da9fdbf e-flex e-con-boxed e-con e-parent\" data-id=\"7da9fdbf\" data-element_type=\"container\" data-settings=\"{&quot;background_background&quot;:&quot;gradient&quot;}\">\n\t\t\t\t\t<div class=\"e-con-inner\">\n\t\t<div class=\"elementor-element elementor-element-6d0da3b8 e-flex e-con-boxed e-con e-parent\" data-id=\"6d0da3b8\" data-element_type=\"container\">\n\t\t\t\t\t<div class=\"e-con-inner\">\n\t\t\t\t<div class=\"elementor-element elementor-element-532ac574 elementor-widget elementor-widget-text-editor\" data-id=\"532ac574\" data-element_type=\"widget\" data-widget_type=\"text-editor.default\">\n\t\t\t\t\t\t\t\t\t<p>Neben der Ausbildung engagieren wir uns auch <strong>f\u00fcr die F\u00f6rderung der Chemie<\/strong> als attraktives Fachgebiet, das Teil unseres Alltags ist und Zukunft hat.<\/p>\n\t\t\t\t\t\t\t\t<\/div>\n\t\t\t\t\t<\/div>\n\t\t\t\t<\/div>\n\t\t<div class=\"elementor-element elementor-element-78e4cf3d e-flex e-con-boxed e-con e-parent\" data-id=\"78e4cf3d\" data-element_type=\"container\">\n\t\t\t\t\t<div class=\"e-con-inner\">\n\t\t\t\t<div class=\"elementor-element elementor-element-417f5737 elementor-widget elementor-widget-image\" data-id=\"417f5737\" data-element_type=\"widget\" data-widget_type=\"image.default\">\n\t\t\t\t\t\t\t\t\t\t\t\t\t\t\t<img loading=\"lazy\" decoding=\"async\" width=\"731\" height=\"246\" src=\"https:\/\/spolchemie.two.testovaciverze.cz\/wp-content\/uploads\/2023\/07\/vzdelavani-2.png\" class=\"attachment-large size-large wp-image-4311\" alt=\"\" srcset=\"https:\/\/spolchemie.two.testovaciverze.cz\/wp-content\/uploads\/2023\/07\/vzdelavani-2.png 731w, https:\/\/spolchemie.two.testovaciverze.cz\/wp-content\/uploads\/2023\/07\/vzdelavani-2-300x101.png 300w\" sizes=\"(max-width: 731px) 100vw, 731px\" \/>\t\t\t\t\t\t\t\t\t\t\t\t\t\t\t<\/div>\n\t\t\t\t\t<\/div>\n\t\t\t\t<\/div>\n\t\t\t\t\t<\/div>\n\t\t\t\t<\/div>\n\t\t\t\t<\/div>\n\t\t","protected":false},"excerpt":{"rendered":"<p>\u00davodn\u00ed Wir sind uns bewusst, wie wichtig die kontinuierliche und gezielte Weiterbildung unserer Mitarbeiter f\u00fcr den zuk\u00fcnftigen Erfolg unseres Unternehmens ist. Deshalb engagieren wir uns seit langem f\u00fcr die pers\u00f6nliche und fachliche Weiterentwicklung unserer Mitarbeiter und den Ausbau ihrer Kompetenzen. Wir unterst\u00fctzen auch die Bildung von Kindern und Jugendlichen, weil wir wissen, wie sehr sie [&hellip;]<\/p>\n","protected":false},"author":1,"featured_media":0,"parent":5143,"menu_order":0,"comment_status":"closed","ping_status":"closed","template":"","meta":{"_acf_changed":false,"_seopress_robots_primary_cat":"","_seopress_titles_title":"","_seopress_titles_desc":"","_seopress_robots_index":"","footnotes":"","_links_to":"","_links_to_target":""},"class_list":["post-4679","page","type-page","status-publish","hentry"],"acf":[],"_links":{"self":[{"href":"https:\/\/spolchemie.two.testovaciverze.cz\/de\/wp-json\/wp\/v2\/pages\/4679","targetHints":{"allow":["GET"]}}],"collection":[{"href":"https:\/\/spolchemie.two.testovaciverze.cz\/de\/wp-json\/wp\/v2\/pages"}],"about":[{"href":"https:\/\/spolchemie.two.testovaciverze.cz\/de\/wp-json\/wp\/v2\/types\/page"}],"author":[{"embeddable":true,"href":"https:\/\/spolchemie.two.testovaciverze.cz\/de\/wp-json\/wp\/v2\/users\/1"}],"replies":[{"embeddable":true,"href":"https:\/\/spolchemie.two.testovaciverze.cz\/de\/wp-json\/wp\/v2\/comments?post=4679"}],"version-history":[{"count":1,"href":"https:\/\/spolchemie.two.testovaciverze.cz\/de\/wp-json\/wp\/v2\/pages\/4679\/revisions"}],"predecessor-version":[{"id":4682,"href":"https:\/\/spolchemie.two.testovaciverze.cz\/de\/wp-json\/wp\/v2\/pages\/4679\/revisions\/4682"}],"up":[{"embeddable":true,"href":"https:\/\/spolchemie.two.testovaciverze.cz\/de\/wp-json\/wp\/v2\/pages\/5143"}],"wp:attachment":[{"href":"https:\/\/spolchemie.two.testovaciverze.cz\/de\/wp-json\/wp\/v2\/media?parent=4679"}],"curies":[{"name":"wp","href":"https:\/\/api.w.org\/{rel}","templated":true}]}}