{"id":4659,"date":"2023-07-11T16:47:32","date_gmt":"2023-07-11T14:47:32","guid":{"rendered":"https:\/\/spolchemie.two.testovaciverze.cz\/zusammenarbeit-mit-universitaeten\/"},"modified":"2023-08-06T19:47:42","modified_gmt":"2023-08-06T17:47:42","slug":"zusammenarbeit-mit-universitaeten","status":"publish","type":"page","link":"https:\/\/spolchemie.two.testovaciverze.cz\/de\/verantwortliches-unternehmen\/bildung\/zusammenarbeit-mit-universitaeten\/","title":{"rendered":"Zusammenarbeit mit Universit\u00e4ten"},"content":{"rendered":"\t\t<div data-elementor-type=\"wp-page\" data-elementor-id=\"4659\" class=\"elementor elementor-4659 elementor-2351\" data-elementor-post-type=\"page\">\n\t\t\t\t<div data-dce-background-image-url=\"https:\/\/spolchemie.two.testovaciverze.cz\/wp-content\/uploads\/2023\/03\/show-image-9.jpg\" class=\"elementor-element elementor-element-ec1dc4 e-con-full e-flex e-con e-parent\" data-id=\"ec1dc4\" data-element_type=\"container\" data-settings=\"{&quot;background_background&quot;:&quot;classic&quot;}\">\n\t\t\t\t<\/div>\n\t\t<div class=\"elementor-element elementor-element-79586a8a e-flex e-con-boxed e-con e-parent\" data-id=\"79586a8a\" data-element_type=\"container\" data-settings=\"{&quot;background_background&quot;:&quot;classic&quot;}\">\n\t\t\t\t\t<div class=\"e-con-inner\">\n\t\t<div class=\"elementor-element elementor-element-7be5f351 e-flex e-con-boxed e-con e-parent\" data-id=\"7be5f351\" data-element_type=\"container\">\n\t\t\t\t\t<div class=\"e-con-inner\">\n\t\t\t\t<div class=\"elementor-element elementor-element-255adf32 elementor-widget elementor-widget-sp-breadcrumbs\" data-id=\"255adf32\" data-element_type=\"widget\" data-widget_type=\"sp-breadcrumbs.default\">\n\t\t\t\t<div class=\"elementor-widget-container\">\n\t\t\t\t\t<nav  aria-label=\"breadcrumb\"><ol class=\"breadcrumb\" itemscope itemtype=\"https:\/\/schema.org\/BreadcrumbList\"><li class=\"breadcrumb-item active\" aria-current=\"page\" itemprop=\"itemListElement\" itemscope itemtype=\"https:\/\/schema.org\/ListItem\"><span itemprop=\"name\">Spolchemie<\/span><meta itemprop=\"position\" content=\"1\"><\/li><\/ol><\/nav>\t\t\t\t<\/div>\n\t\t\t\t<\/div>\n\t\t\t\t<div class=\"elementor-element elementor-element-319a5288 elementor-widget elementor-widget-heading\" data-id=\"319a5288\" data-element_type=\"widget\" data-widget_type=\"heading.default\">\n\t\t\t\t\t<h1 class=\"elementor-heading-title elementor-size-default\">Zusammenarbeit mit Universit\u00e4ten<\/h1>\t\t\t\t<\/div>\n\t\t\t\t\t<\/div>\n\t\t\t\t<\/div>\n\t\t\t\t\t<\/div>\n\t\t\t\t<\/div>\n\t\t<div class=\"elementor-element elementor-element-3eb4f8af e-flex e-con-boxed e-con e-parent\" data-id=\"3eb4f8af\" data-element_type=\"container\" data-settings=\"{&quot;background_background&quot;:&quot;classic&quot;}\">\n\t\t\t\t\t<div class=\"e-con-inner\">\n\t\t<div class=\"elementor-element elementor-element-457e18af e-flex e-con-boxed e-con e-parent\" data-id=\"457e18af\" data-element_type=\"container\">\n\t\t\t\t\t<div class=\"e-con-inner\">\n\t\t\t\t<div class=\"elementor-element elementor-element-39c33bcb elementor-widget elementor-widget-text-editor\" data-id=\"39c33bcb\" data-element_type=\"widget\" data-widget_type=\"text-editor.default\">\n\t\t\t\t\t\t\t\t\t<h2>Partnerhochschulen<\/h2>\n\t\t\t\t\t\t\t\t<\/div>\n\t\t<div class=\"elementor-element elementor-element-740f3cca e-flex e-con-boxed e-con e-parent\" data-id=\"740f3cca\" data-element_type=\"container\">\n\t\t\t\t\t<div class=\"e-con-inner\">\n\t\t<div class=\"elementor-element elementor-element-5fc6fc9 e-flex e-con-boxed e-con e-parent\" data-id=\"5fc6fc9\" data-element_type=\"container\">\n\t\t\t\t\t<div class=\"e-con-inner\">\n\t\t\t\t<div class=\"elementor-element elementor-element-26d0716b elementor-widget elementor-widget-image\" data-id=\"26d0716b\" data-element_type=\"widget\" data-widget_type=\"image.default\">\n\t\t\t\t\t\t\t\t\t\t\t\t\t\t\t<img fetchpriority=\"high\" decoding=\"async\" width=\"687\" height=\"348\" src=\"https:\/\/spolchemie.two.testovaciverze.cz\/wp-content\/uploads\/2023\/07\/vscht.png\" class=\"attachment-large size-large wp-image-4315\" alt=\"\" srcset=\"https:\/\/spolchemie.two.testovaciverze.cz\/wp-content\/uploads\/2023\/07\/vscht.png 687w, https:\/\/spolchemie.two.testovaciverze.cz\/wp-content\/uploads\/2023\/07\/vscht-300x152.png 300w\" sizes=\"(max-width: 687px) 100vw, 687px\" \/>\t\t\t\t\t\t\t\t\t\t\t\t\t\t\t<\/div>\n\t\t\t\t\t<\/div>\n\t\t\t\t<\/div>\n\t\t<div class=\"elementor-element elementor-element-5a8467da e-flex e-con-boxed e-con e-parent\" data-id=\"5a8467da\" data-element_type=\"container\">\n\t\t\t\t\t<div class=\"e-con-inner\">\n\t\t\t\t<div class=\"elementor-element elementor-element-26962ad1 elementor-widget elementor-widget-image\" data-id=\"26962ad1\" data-element_type=\"widget\" data-widget_type=\"image.default\">\n\t\t\t\t\t\t\t\t\t\t\t\t\t\t\t<img decoding=\"async\" width=\"800\" height=\"357\" src=\"https:\/\/spolchemie.two.testovaciverze.cz\/wp-content\/uploads\/2023\/07\/uoft.jpeg\" class=\"attachment-large size-large wp-image-4313\" alt=\"\" \/>\t\t\t\t\t\t\t\t\t\t\t\t\t\t\t<\/div>\n\t\t\t\t\t<\/div>\n\t\t\t\t<\/div>\n\t\t\t\t\t<\/div>\n\t\t\t\t<\/div>\n\t\t\t\t\t<\/div>\n\t\t\t\t<\/div>\n\t\t\t\t\t<\/div>\n\t\t\t\t<\/div>\n\t\t<div class=\"elementor-element elementor-element-fdad432 e-flex e-con-boxed e-con e-parent\" data-id=\"fdad432\" data-element_type=\"container\" data-settings=\"{&quot;background_background&quot;:&quot;classic&quot;}\">\n\t\t\t\t\t<div class=\"e-con-inner\">\n\t\t<div class=\"elementor-element elementor-element-e20a6e1 e-flex e-con-boxed e-con e-parent\" data-id=\"e20a6e1\" data-element_type=\"container\">\n\t\t\t\t\t<div class=\"e-con-inner\">\n\t\t\t\t<div class=\"elementor-element elementor-element-9f5d850 elementor-widget elementor-widget-text-editor\" data-id=\"9f5d850\" data-element_type=\"widget\" data-widget_type=\"text-editor.default\">\n\t\t\t\t\t\t\t\t\t<h2>Kooperierende Universit\u00e4ten<\/h2>\n\t\t\t\t\t\t\t\t<\/div>\n\t\t<div class=\"elementor-element elementor-element-3ff59e8 e-flex e-con-boxed e-con e-parent\" data-id=\"3ff59e8\" data-element_type=\"container\">\n\t\t\t\t\t<div class=\"e-con-inner\">\n\t\t<div class=\"elementor-element elementor-element-2c04e31 e-flex e-con-boxed e-con e-parent\" data-id=\"2c04e31\" data-element_type=\"container\">\n\t\t\t\t\t<div class=\"e-con-inner\">\n\t\t\t\t<div class=\"elementor-element elementor-element-0b1bd03 elementor-widget elementor-widget-image\" data-id=\"0b1bd03\" data-element_type=\"widget\" data-widget_type=\"image.default\">\n\t\t\t\t\t\t\t\t\t\t\t\t\t\t\t<img decoding=\"async\" width=\"607\" height=\"196\" src=\"https:\/\/spolchemie.two.testovaciverze.cz\/wp-content\/uploads\/2023\/07\/ujep.gif\" class=\"attachment-large size-large wp-image-4317\" alt=\"\" \/>\t\t\t\t\t\t\t\t\t\t\t\t\t\t\t<\/div>\n\t\t\t\t\t<\/div>\n\t\t\t\t<\/div>\n\t\t\t\t\t<\/div>\n\t\t\t\t<\/div>\n\t\t\t\t\t<\/div>\n\t\t\t\t<\/div>\n\t\t\t\t\t<\/div>\n\t\t\t\t<\/div>\n\t\t<div class=\"elementor-element elementor-element-37adae2a e-flex e-con-boxed e-con e-parent\" data-id=\"37adae2a\" data-element_type=\"container\" data-settings=\"{&quot;background_background&quot;:&quot;gradient&quot;}\">\n\t\t\t\t\t<div class=\"e-con-inner\">\n\t\t<div class=\"elementor-element elementor-element-63deaa08 e-flex e-con-boxed e-con e-parent\" data-id=\"63deaa08\" data-element_type=\"container\">\n\t\t\t\t\t<div class=\"e-con-inner\">\n\t\t\t\t<div class=\"elementor-element elementor-element-70e32183 elementor-widget elementor-widget-heading\" data-id=\"70e32183\" data-element_type=\"widget\" data-widget_type=\"heading.default\">\n\t\t\t\t\t<h2 class=\"elementor-heading-title elementor-size-default\">Die Zukunft durch Bildung<\/h2>\t\t\t\t<\/div>\n\t\t\t\t<div class=\"elementor-element elementor-element-483adc32 elementor-widget elementor-widget-text-editor\" data-id=\"483adc32\" data-element_type=\"widget\" data-widget_type=\"text-editor.default\">\n\t\t\t\t\t\t\t\t\t<p>Wir betrachten Bildung als einen wichtigen Teil unserer Aktivit\u00e4ten, als <strong>Voraussetzung f\u00fcr den Erfolg unserer Mitarbeiter<\/strong> und des Unternehmens sowie f\u00fcr die Gesellschaft insgesamt.<\/p>\n\t\t\t\t\t\t\t\t<\/div>\n\t\t\t\t\t<\/div>\n\t\t\t\t<\/div>\n\t\t<div class=\"elementor-element elementor-element-6d8fda17 e-flex e-con-boxed e-con e-parent\" data-id=\"6d8fda17\" data-element_type=\"container\">\n\t\t\t\t\t<div class=\"e-con-inner\">\n\t\t\t\t<div class=\"elementor-element elementor-element-115a0a57 elementor-widget elementor-widget-image\" data-id=\"115a0a57\" data-element_type=\"widget\" id=\"add-mask-left\" data-widget_type=\"image.default\">\n\t\t\t\t\t\t\t\t\t\t\t\t\t\t\t<img loading=\"lazy\" decoding=\"async\" width=\"800\" height=\"447\" src=\"https:\/\/spolchemie.two.testovaciverze.cz\/wp-content\/uploads\/2023\/07\/vzdelavani-1.jpeg\" class=\"attachment-large size-large wp-image-4309\" alt=\"\" srcset=\"https:\/\/spolchemie.two.testovaciverze.cz\/wp-content\/uploads\/2023\/07\/vzdelavani-1.jpeg 999w, https:\/\/spolchemie.two.testovaciverze.cz\/wp-content\/uploads\/2023\/07\/vzdelavani-1-300x168.jpeg 300w, https:\/\/spolchemie.two.testovaciverze.cz\/wp-content\/uploads\/2023\/07\/vzdelavani-1-768x429.jpeg 768w\" sizes=\"(max-width: 800px) 100vw, 800px\" \/>\t\t\t\t\t\t\t\t\t\t\t\t\t\t\t<\/div>\n\t\t\t\t\t<\/div>\n\t\t\t\t<\/div>\n\t\t\t\t\t<\/div>\n\t\t\t\t<\/div>\n\t\t\t\t<\/div>\n\t\t","protected":false},"excerpt":{"rendered":"<p>\u00davodn\u00ed Partnerhochschulen Kooperierende Universit\u00e4ten Die Zukunft durch Bildung Wir betrachten Bildung als einen wichtigen Teil unserer Aktivit\u00e4ten, als Voraussetzung f\u00fcr den Erfolg unserer Mitarbeiter und des Unternehmens sowie f\u00fcr die Gesellschaft insgesamt.<\/p>\n","protected":false},"author":1,"featured_media":0,"parent":4679,"menu_order":0,"comment_status":"closed","ping_status":"closed","template":"","meta":{"_acf_changed":false,"_seopress_robots_primary_cat":"","_seopress_titles_title":"","_seopress_titles_desc":"","_seopress_robots_index":"","footnotes":"","_links_to":"","_links_to_target":""},"class_list":["post-4659","page","type-page","status-publish","hentry"],"acf":[],"_links":{"self":[{"href":"https:\/\/spolchemie.two.testovaciverze.cz\/de\/wp-json\/wp\/v2\/pages\/4659","targetHints":{"allow":["GET"]}}],"collection":[{"href":"https:\/\/spolchemie.two.testovaciverze.cz\/de\/wp-json\/wp\/v2\/pages"}],"about":[{"href":"https:\/\/spolchemie.two.testovaciverze.cz\/de\/wp-json\/wp\/v2\/types\/page"}],"author":[{"embeddable":true,"href":"https:\/\/spolchemie.two.testovaciverze.cz\/de\/wp-json\/wp\/v2\/users\/1"}],"replies":[{"embeddable":true,"href":"https:\/\/spolchemie.two.testovaciverze.cz\/de\/wp-json\/wp\/v2\/comments?post=4659"}],"version-history":[{"count":1,"href":"https:\/\/spolchemie.two.testovaciverze.cz\/de\/wp-json\/wp\/v2\/pages\/4659\/revisions"}],"predecessor-version":[{"id":4665,"href":"https:\/\/spolchemie.two.testovaciverze.cz\/de\/wp-json\/wp\/v2\/pages\/4659\/revisions\/4665"}],"up":[{"embeddable":true,"href":"https:\/\/spolchemie.two.testovaciverze.cz\/de\/wp-json\/wp\/v2\/pages\/4679"}],"wp:attachment":[{"href":"https:\/\/spolchemie.two.testovaciverze.cz\/de\/wp-json\/wp\/v2\/media?parent=4659"}],"curies":[{"name":"wp","href":"https:\/\/api.w.org\/{rel}","templated":true}]}}