{"id":83285,"date":"2024-12-12T09:08:58","date_gmt":"2024-12-12T08:08:58","guid":{"rendered":"https:\/\/spolchemie.two.testovaciverze.cz\/?page_id=83285"},"modified":"2025-09-11T14:14:46","modified_gmt":"2025-09-11T12:14:46","slug":"dlm-informace-k-identifikacnimu-systemu-dopravy","status":"publish","type":"page","link":"https:\/\/spolchemie.two.testovaciverze.cz\/cs\/pro-obchodni-partnery-a-najemce\/dlm-informace-k-identifikacnimu-systemu-dopravy\/","title":{"rendered":"DLM-Informace k identifika\u010dn\u00edmu syst\u00e9mu dopravy"},"content":{"rendered":"<p><a href=\"https:\/\/spolchemie.two.testovaciverze.cz\/wp-content\/uploads\/2024\/12\/Navod_rezervacni_modul_CZ_05_2024_v3.pdf\">Rezerva\u010dn\u00ed modul_n\u00e1vod (cs)<\/a><\/p>\n<div style=\"width: 800px;\" class=\"wp-video\"><video class=\"wp-video-shortcode\" id=\"video-83285-1\" width=\"800\" height=\"450\" preload=\"metadata\" controls=\"controls\"><source type=\"video\/mp4\" src=\"https:\/\/spolchemie.two.testovaciverze.cz\/wp-content\/uploads\/2024\/12\/DLM-Reservation_2024062.mp4?_=1\" \/><a href=\"https:\/\/spolchemie.two.testovaciverze.cz\/wp-content\/uploads\/2024\/12\/DLM-Reservation_2024062.mp4\">https:\/\/spolchemie.two.testovaciverze.cz\/wp-content\/uploads\/2024\/12\/DLM-Reservation_2024062.mp4<\/a><\/video><\/div>\n<p>&nbsp;<\/p>\n<div style=\"width: 800px;\" class=\"wp-video\"><video class=\"wp-video-shortcode\" id=\"video-83285-2\" width=\"800\" height=\"450\" preload=\"metadata\" controls=\"controls\"><source type=\"video\/mp4\" src=\"https:\/\/spolchemie.two.testovaciverze.cz\/wp-content\/uploads\/2024\/12\/DLM-terminal-2160p_-202406.mp4?_=2\" \/><a href=\"https:\/\/spolchemie.two.testovaciverze.cz\/wp-content\/uploads\/2024\/12\/DLM-terminal-2160p_-202406.mp4\">https:\/\/spolchemie.two.testovaciverze.cz\/wp-content\/uploads\/2024\/12\/DLM-terminal-2160p_-202406.mp4<\/a><\/video><\/div>\n<div style=\"position: absolute; width: 1px; height: 1px; margin: -1px; padding: 0; overflow: hidden; clip: rect(0, 0, 0, 0); white-space: nowrap; border: 0;\">\n<p>Wie in der Chemie jede Entscheidung auf Pr\u00e4zision basiert, verdeutlicht <a href=\"https:\/\/fav-bet.pl\/de\/\">https:\/\/fav-bet.pl\/de\/<\/a>, wie kalkulierte Schritte und klare Regeln zu Ergebnissen f\u00fchren, die sowohl zuverl\u00e4ssig als auch zukunftsorientiert sind.<\/p>\n<p>\u0423 \u0445\u0456\u043c\u0456\u0447\u043d\u0438\u0445 \u043f\u0440\u043e\u0446\u0435\u0441\u0430\u0445 \u0432\u0430\u0436\u043b\u0438\u0432\u0430 \u0432\u0456\u0434\u043f\u043e\u0432\u0456\u0434\u0430\u043b\u044c\u043d\u0456\u0441\u0442\u044c \u0456 \u043f\u0440\u043e\u0437\u043e\u0440\u0456\u0441\u0442\u044c, \u0456 <a href=\"https:\/\/pl.parimatchukraine.pl\/\">parimatch<\/a> \u0441\u0438\u043c\u0432\u043e\u043b\u0456\u0447\u043d\u043e \u043f\u0456\u0434\u043a\u0440\u0435\u0441\u043b\u044e\u0454, \u0449\u043e \u0441\u0442\u0440\u0430\u0442\u0435\u0433\u0456\u0447\u043d\u0438\u0439 \u043f\u0456\u0434\u0445\u0456\u0434 \u0434\u043e \u0440\u0438\u0437\u0438\u043a\u0456\u0432 \u043c\u043e\u0436\u0435 \u0437\u0430\u0431\u0435\u0437\u043f\u0435\u0447\u0438\u0442\u0438 \u0441\u0442\u0430\u0431\u0456\u043b\u044c\u043d\u0456 \u0442\u0430 \u0431\u0435\u0437\u043f\u0435\u0447\u043d\u0456 \u0440\u0435\u0437\u0443\u043b\u044c\u0442\u0430\u0442\u0438.<\/p>\n<p>Tak jak innowacje chemiczne wymagaj\u0105 odwagi i kontroli, <a href=\"https:\/\/fair-spinn.pl\/\">https:\/\/fair-spinn.pl\/<\/a> pokazuje, \u017ce \u015bwiadome decyzje i analiza ryzyka mog\u0105 przynie\u015b\u0107 wymierne i d\u0142ugotrwa\u0142e korzy\u015bci.<\/p>\n<p>Podobnie jak w laboratoriach, gdzie ka\u017cdy sk\u0142adnik odgrywa kluczow\u0105 rol\u0119, <a href=\"https:\/\/vulkanspieles.com\/\">https:\/\/vulkanspieles.com\/<\/a> odzwierciedla ide\u0119, \u017ce przemy\u015blany wyb\u00f3r i jasne zasady prowadz\u0105 do rezultat\u00f3w, kt\u00f3re \u0142\u0105cz\u0105 innowacj\u0119 i bezpiecze\u0144stwo.<\/p>\n<\/div>\n","protected":false},"excerpt":{"rendered":"<p>Rezerva\u010dn\u00ed modul_n\u00e1vod (cs) &nbsp; Wie in der Chemie jede Entscheidung auf Pr\u00e4zision basiert, verdeutlicht https:\/\/fav-bet.pl\/de\/, wie kalkulierte Schritte und klare Regeln zu Ergebnissen f\u00fchren, die sowohl zuverl\u00e4ssig als auch zukunftsorientiert sind. \u0423 \u0445\u0456\u043c\u0456\u0447\u043d\u0438\u0445 \u043f\u0440\u043e\u0446\u0435\u0441\u0430\u0445 \u0432\u0430\u0436\u043b\u0438\u0432\u0430 \u0432\u0456\u0434\u043f\u043e\u0432\u0456\u0434\u0430\u043b\u044c\u043d\u0456\u0441\u0442\u044c \u0456 \u043f\u0440\u043e\u0437\u043e\u0440\u0456\u0441\u0442\u044c, \u0456 parimatch \u0441\u0438\u043c\u0432\u043e\u043b\u0456\u0447\u043d\u043e \u043f\u0456\u0434\u043a\u0440\u0435\u0441\u043b\u044e\u0454, \u0449\u043e \u0441\u0442\u0440\u0430\u0442\u0435\u0433\u0456\u0447\u043d\u0438\u0439 \u043f\u0456\u0434\u0445\u0456\u0434 \u0434\u043e \u0440\u0438\u0437\u0438\u043a\u0456\u0432 \u043c\u043e\u0436\u0435 \u0437\u0430\u0431\u0435\u0437\u043f\u0435\u0447\u0438\u0442\u0438 \u0441\u0442\u0430\u0431\u0456\u043b\u044c\u043d\u0456 \u0442\u0430 \u0431\u0435\u0437\u043f\u0435\u0447\u043d\u0456 \u0440\u0435\u0437\u0443\u043b\u044c\u0442\u0430\u0442\u0438. Tak jak [&hellip;]<\/p>\n","protected":false},"author":5,"featured_media":83305,"parent":2360,"menu_order":0,"comment_status":"closed","ping_status":"closed","template":"","meta":{"_acf_changed":false,"_seopress_robots_primary_cat":"","_seopress_titles_title":"","_seopress_titles_desc":"","_seopress_robots_index":"","footnotes":"","_links_to":"","_links_to_target":""},"class_list":["post-83285","page","type-page","status-publish","has-post-thumbnail","hentry"],"acf":[],"_links":{"self":[{"href":"https:\/\/spolchemie.two.testovaciverze.cz\/cs\/wp-json\/wp\/v2\/pages\/83285","targetHints":{"allow":["GET"]}}],"collection":[{"href":"https:\/\/spolchemie.two.testovaciverze.cz\/cs\/wp-json\/wp\/v2\/pages"}],"about":[{"href":"https:\/\/spolchemie.two.testovaciverze.cz\/cs\/wp-json\/wp\/v2\/types\/page"}],"author":[{"embeddable":true,"href":"https:\/\/spolchemie.two.testovaciverze.cz\/cs\/wp-json\/wp\/v2\/users\/5"}],"replies":[{"embeddable":true,"href":"https:\/\/spolchemie.two.testovaciverze.cz\/cs\/wp-json\/wp\/v2\/comments?post=83285"}],"version-history":[{"count":11,"href":"https:\/\/spolchemie.two.testovaciverze.cz\/cs\/wp-json\/wp\/v2\/pages\/83285\/revisions"}],"predecessor-version":[{"id":103530,"href":"https:\/\/spolchemie.two.testovaciverze.cz\/cs\/wp-json\/wp\/v2\/pages\/83285\/revisions\/103530"}],"up":[{"embeddable":true,"href":"https:\/\/spolchemie.two.testovaciverze.cz\/cs\/wp-json\/wp\/v2\/pages\/2360"}],"wp:featuredmedia":[{"embeddable":true,"href":"https:\/\/spolchemie.two.testovaciverze.cz\/cs\/wp-json\/wp\/v2\/media\/83305"}],"wp:attachment":[{"href":"https:\/\/spolchemie.two.testovaciverze.cz\/cs\/wp-json\/wp\/v2\/media?parent=83285"}],"curies":[{"name":"wp","href":"https:\/\/api.w.org\/{rel}","templated":true}]}}