{"id":6137,"date":"2023-08-23T07:54:43","date_gmt":"2023-08-23T05:54:43","guid":{"rendered":"https:\/\/spolchemie.two.testovaciverze.cz\/?page_id=6137"},"modified":"2025-05-25T19:58:37","modified_gmt":"2025-05-25T17:58:37","slug":"stredni-skoly","status":"publish","type":"page","link":"https:\/\/spolchemie.two.testovaciverze.cz\/cs\/kariera\/stredni-skoly\/","title":{"rendered":"St\u0159edn\u00ed \u0161koly"},"content":{"rendered":"\t\t<div data-elementor-type=\"wp-page\" data-elementor-id=\"6137\" class=\"elementor elementor-6137\" data-elementor-post-type=\"page\">\n\t\t\t\t<div class=\"elementor-element elementor-element-62dc77c e-con-full e-flex e-con e-parent\" data-id=\"62dc77c\" data-element_type=\"container\" data-settings=\"{&quot;background_background&quot;:&quot;video&quot;,&quot;background_video_link&quot;:&quot;\\\/wp-content\\\/uploads\\\/2023\\\/03\\\/show-movie.mp4&quot;,&quot;background_play_on_mobile&quot;:&quot;yes&quot;}\">\n\t\t<div class=\"elementor-background-video-container\">\n\t\t\t\t\t\t\t<video class=\"elementor-background-video-hosted elementor-html5-video\" autoplay muted playsinline loop><\/video>\n\t\t\t\t\t<\/div>\t\t<\/div>\n\t\t<div class=\"elementor-element elementor-element-2967f22a e-flex e-con-boxed e-con e-parent\" data-id=\"2967f22a\" data-element_type=\"container\" data-settings=\"{&quot;background_background&quot;:&quot;classic&quot;}\">\n\t\t\t\t\t<div class=\"e-con-inner\">\n\t\t<div class=\"elementor-element elementor-element-1875807 e-flex e-con-boxed e-con e-child\" data-id=\"1875807\" data-element_type=\"container\">\n\t\t\t\t\t<div class=\"e-con-inner\">\n\t\t\t\t<div class=\"elementor-element elementor-element-18ae452e elementor-widget elementor-widget-sp-breadcrumbs\" data-id=\"18ae452e\" data-element_type=\"widget\" data-widget_type=\"sp-breadcrumbs.default\">\n\t\t\t\t<div class=\"elementor-widget-container\">\n\t\t\t\t\t<nav  aria-label=\"breadcrumb\"><ol class=\"breadcrumb\" itemscope itemtype=\"https:\/\/schema.org\/BreadcrumbList\"><li class=\"breadcrumb-item active\" aria-current=\"page\" itemprop=\"itemListElement\" itemscope itemtype=\"https:\/\/schema.org\/ListItem\"><span itemprop=\"name\">Spolchemie<\/span><meta itemprop=\"position\" content=\"1\"><\/li><\/ol><\/nav>\t\t\t\t<\/div>\n\t\t\t\t<\/div>\n\t\t\t\t<div class=\"elementor-element elementor-element-4ea22cdb elementor-widget elementor-widget-heading\" data-id=\"4ea22cdb\" data-element_type=\"widget\" data-widget_type=\"heading.default\">\n\t\t\t\t\t<h1 class=\"elementor-heading-title elementor-size-default\">St\u0159edn\u00ed \u0161koly<\/h1>\t\t\t\t<\/div>\n\t\t\t\t\t<\/div>\n\t\t\t\t<\/div>\n\t\t\t\t\t<\/div>\n\t\t\t\t<\/div>\n\t\t<div class=\"elementor-element elementor-element-3eb3c235 e-flex e-con-boxed e-con e-parent\" data-id=\"3eb3c235\" data-element_type=\"container\" data-settings=\"{&quot;background_background&quot;:&quot;gradient&quot;}\">\n\t\t\t\t\t<div class=\"e-con-inner\">\n\t\t<div class=\"elementor-element elementor-element-1be6ab9a e-flex e-con-boxed e-con e-child\" data-id=\"1be6ab9a\" data-element_type=\"container\">\n\t\t\t\t\t<div class=\"e-con-inner\">\n\t\t\t\t<div class=\"elementor-element elementor-element-1b8cc7d3 elementor-widget elementor-widget-heading\" data-id=\"1b8cc7d3\" data-element_type=\"widget\" data-widget_type=\"heading.default\">\n\t\t\t\t\t<h2 class=\"elementor-heading-title elementor-size-default\">PRAXE PRO STUDENTY A STUDENTKY PARTNERSK\u00ddCH ST\u0158EDN\u00cdCH \u0160KOL<\/h2>\t\t\t\t<\/div>\n\t\t\t\t<div class=\"elementor-element elementor-element-6c82db65 elementor-widget elementor-widget-text-editor\" data-id=\"6c82db65\" data-element_type=\"widget\" data-widget_type=\"text-editor.default\">\n\t\t\t\t\t\t\t\t\t<ul><li>Zapoj\u00edme t\u011b do\u00a0pr\u00e1ce na\u00a0re\u00e1ln\u00fdch projektech pod\u00a0veden\u00edm expert\u016f v\u00a0oboru.<\/li><li>Po \u00fasp\u011b\u0161n\u00e9m ukon\u010den\u00ed programu m\u016f\u017ee\u0161 nav\u00e1zat dal\u0161\u00ed spolupr\u00e1ci<\/li><\/ul>\t\t\t\t\t\t\t\t<\/div>\n\t\t\t\t\t<\/div>\n\t\t\t\t<\/div>\n\t\t<div class=\"elementor-element elementor-element-5fbcd65f e-flex e-con-boxed e-con e-child\" data-id=\"5fbcd65f\" data-element_type=\"container\">\n\t\t\t\t\t<div class=\"e-con-inner\">\n\t\t\t\t<div class=\"elementor-element elementor-element-5af12061 elementor-widget elementor-widget-image\" data-id=\"5af12061\" data-element_type=\"widget\" data-widget_type=\"image.default\">\n\t\t\t\t\t\t\t\t\t\t\t\t\t\t\t<img fetchpriority=\"high\" decoding=\"async\" width=\"300\" height=\"200\" src=\"https:\/\/spolchemie.two.testovaciverze.cz\/wp-content\/uploads\/2023\/07\/zelena-2-300x200.jpeg\" class=\"attachment-medium size-medium wp-image-2516\" alt=\"\" srcset=\"https:\/\/spolchemie.two.testovaciverze.cz\/wp-content\/uploads\/2023\/07\/zelena-2-300x200.jpeg 300w, https:\/\/spolchemie.two.testovaciverze.cz\/wp-content\/uploads\/2023\/07\/zelena-2-768x511.jpeg 768w, https:\/\/spolchemie.two.testovaciverze.cz\/wp-content\/uploads\/2023\/07\/zelena-2.jpeg 901w\" sizes=\"(max-width: 300px) 100vw, 300px\" \/>\t\t\t\t\t\t\t\t\t\t\t\t\t\t\t<\/div>\n\t\t\t\t\t<\/div>\n\t\t\t\t<\/div>\n\t\t\t\t\t<\/div>\n\t\t\t\t<\/div>\n\t\t<div class=\"elementor-element elementor-element-1b569a5 e-flex e-con-boxed e-con e-parent\" data-id=\"1b569a5\" data-element_type=\"container\">\n\t\t\t\t\t<div class=\"e-con-inner\">\n\t\t\t\t<div class=\"elementor-element elementor-element-8adfbae elementor-widget elementor-widget-heading\" data-id=\"8adfbae\" data-element_type=\"widget\" data-widget_type=\"heading.default\">\n\t\t\t\t\t<h2 class=\"elementor-heading-title elementor-size-default\">M\u00e1m z\u00e1jem o \u0161koln\u00ed praxi ve Spolchemii <\/h2>\t\t\t\t<\/div>\n\t\t\t\t\t<\/div>\n\t\t\t\t<\/div>\n\t\t<div data-dce-background-color=\"#FFFFFF\" class=\"elementor-element elementor-element-e153b5b e-flex e-con-boxed e-con e-parent\" data-id=\"e153b5b\" data-element_type=\"container\" data-settings=\"{&quot;background_background&quot;:&quot;gradient&quot;}\">\n\t\t\t\t\t<div class=\"e-con-inner\">\n\t\t\t\t<div class=\"elementor-element elementor-element-665ce4a elementor-button-align-end elementor-widget elementor-widget-form\" data-id=\"665ce4a\" data-element_type=\"widget\" data-settings=\"{&quot;step_next_label&quot;:&quot;Next&quot;,&quot;step_previous_label&quot;:&quot;Previous&quot;,&quot;button_width&quot;:&quot;100&quot;,&quot;step_type&quot;:&quot;number_text&quot;,&quot;step_icon_shape&quot;:&quot;circle&quot;}\" data-widget_type=\"form.default\">\n\t\t\t\t<div class=\"elementor-widget-container\">\n\t\t\t\t\t\t\t<form class=\"elementor-form\" method=\"post\" name=\"New Form\">\n\t\t\t<input type=\"hidden\" name=\"post_id\" value=\"6137\"\/>\n\t\t\t<input type=\"hidden\" name=\"form_id\" value=\"665ce4a\"\/>\n\t\t\t<input type=\"hidden\" name=\"referer_title\" value=\"St\u0159edn\u00ed \u0161koly\" \/>\n\n\t\t\t\t\t\t\t<input type=\"hidden\" name=\"queried_id\" value=\"6137\"\/>\n\t\t\t\n\t\t\t<div class=\"elementor-form-fields-wrapper elementor-labels-above\">\n\t\t\t\t\t\t\t\t<div class=\"elementor-field-type-text elementor-field-group elementor-column elementor-field-group-email elementor-col-100 elementor-field-required\">\n\t\t\t\t\t\t\t\t\t\t\t\t<label for=\"form-field-email\" class=\"elementor-field-label\">\n\t\t\t\t\t\t\t\tJm\u00e9no\t\t\t\t\t\t\t<\/label>\n\t\t\t\t\t\t\t\t\t\t\t\t\t\t<input size=\"1\" type=\"text\" name=\"form_fields[email]\" id=\"form-field-email\" class=\"elementor-field elementor-size-sm  elementor-field-textual\" required=\"required\" aria-required=\"true\">\n\t\t\t\t\t\t\t\t\t\t\t<\/div>\n\t\t\t\t\t\t\t\t<div class=\"elementor-field-type-text elementor-field-group elementor-column elementor-field-group-field_ad93306 elementor-col-100 elementor-field-required\">\n\t\t\t\t\t\t\t\t\t\t\t\t<label for=\"form-field-field_ad93306\" class=\"elementor-field-label\">\n\t\t\t\t\t\t\t\tP\u0159ijmen\u00ed\t\t\t\t\t\t\t<\/label>\n\t\t\t\t\t\t\t\t\t\t\t\t\t\t<input size=\"1\" type=\"text\" name=\"form_fields[field_ad93306]\" id=\"form-field-field_ad93306\" class=\"elementor-field elementor-size-sm  elementor-field-textual\" required=\"required\" aria-required=\"true\">\n\t\t\t\t\t\t\t\t\t\t\t<\/div>\n\t\t\t\t\t\t\t\t<div class=\"elementor-field-type-email elementor-field-group elementor-column elementor-field-group-email elementor-col-100 elementor-field-required\">\n\t\t\t\t\t\t\t\t\t\t\t\t<label for=\"form-field-email\" class=\"elementor-field-label\">\n\t\t\t\t\t\t\t\tEmail\t\t\t\t\t\t\t<\/label>\n\t\t\t\t\t\t\t\t\t\t\t\t\t\t<input size=\"1\" type=\"email\" name=\"form_fields[email]\" id=\"form-field-email\" class=\"elementor-field elementor-size-sm  elementor-field-textual\" required=\"required\" aria-required=\"true\">\n\t\t\t\t\t\t\t\t\t\t\t<\/div>\n\t\t\t\t\t\t\t\t<div class=\"elementor-field-type-tel elementor-field-group elementor-column elementor-field-group-message elementor-col-100\">\n\t\t\t\t\t\t\t\t\t\t\t\t<label for=\"form-field-message\" class=\"elementor-field-label\">\n\t\t\t\t\t\t\t\tTelefon\t\t\t\t\t\t\t<\/label>\n\t\t\t\t\t\t\t\t<input size=\"1\" type=\"tel\" name=\"form_fields[message]\" id=\"form-field-message\" class=\"elementor-field elementor-size-sm  elementor-field-textual\" pattern=\"[0-9()#&amp;+*-=.]+\" title=\"Only numbers and phone characters (#, -, *, etc) are accepted.\">\n\n\t\t\t\t\t\t<\/div>\n\t\t\t\t\t\t\t\t<div class=\"elementor-field-type-checkbox elementor-field-group elementor-column elementor-field-group-field_82f8d37 elementor-col-100\">\n\t\t\t\t\t<div class=\"elementor-field-subgroup  \"><span class=\"elementor-field-option\"><input type=\"checkbox\" value=\"Souhlas\u00edm, abyste m\u011b kontaktovali, kdy\u017e pro m\u011b budete m\u00edt i jinou vhodnou nab\u00eddku pracovn\u00ed pozice nebo nab\u00eddku odborn\u00e9 praxe \u010di st\u00e1\u017ee po dobu m\u00e9ho studia. Souhlas ud\u011bluji na dobu t\u0159\u00ed let. Souhlas mohu kdykoliv odvolat. Osobn\u00ed \u00fadaje budou zp\u0159\u00edstupn\u011bny pouze opr\u00e1vn\u011bn\u00fdm zam\u011bstnanc\u016fm spole\u010dnosti\/\u00ed, a to pouze v m\u00ed\u0159e nezbytn\u00e9 pro \u00fa\u010dely zpracov\u00e1n\u00ed.\" id=\"form-field-field_82f8d37-0\" name=\"form_fields[field_82f8d37]\"> <label for=\"form-field-field_82f8d37-0\">Souhlas\u00edm, abyste m\u011b kontaktovali, kdy\u017e pro m\u011b budete m\u00edt i jinou vhodnou nab\u00eddku pracovn\u00ed pozice nebo nab\u00eddku odborn\u00e9 praxe \u010di st\u00e1\u017ee po dobu m\u00e9ho studia. Souhlas ud\u011bluji na dobu t\u0159\u00ed let. Souhlas mohu kdykoliv odvolat. Osobn\u00ed \u00fadaje budou zp\u0159\u00edstupn\u011bny pouze opr\u00e1vn\u011bn\u00fdm zam\u011bstnanc\u016fm spole\u010dnosti\/\u00ed, a to pouze v m\u00ed\u0159e nezbytn\u00e9 pro \u00fa\u010dely zpracov\u00e1n\u00ed.<\/label><\/span><\/div>\t\t\t\t<\/div>\n\t\t\t\t\t\t\t\t<div class=\"elementor-field-group elementor-column elementor-field-type-submit elementor-col-100 e-form__buttons\">\n\t\t\t\t\t<button class=\"elementor-button elementor-size-sm\" type=\"submit\">\n\t\t\t\t\t\t<span class=\"elementor-button-content-wrapper\">\n\t\t\t\t\t\t\t\t\t\t\t\t\t\t\t\t\t\t\t\t\t\t<span class=\"elementor-button-text\">Odeslat<\/span>\n\t\t\t\t\t\t\t\t\t\t\t\t\t<\/span>\n\t\t\t\t\t<\/button>\n\t\t\t\t<\/div>\n\t\t\t<\/div>\n\t\t<\/form>\n\t\t\t\t\t\t<\/div>\n\t\t\t\t<\/div>\n\t\t\t\t\t<\/div>\n\t\t\t\t<\/div>\n\t\t<div class=\"elementor-element elementor-element-26e3f20 e-flex e-con-boxed e-con e-parent\" data-id=\"26e3f20\" data-element_type=\"container\">\n\t\t\t\t\t<div class=\"e-con-inner\">\n\t\t\t\t<div class=\"elementor-element elementor-element-0012069 elementor-widget elementor-widget-heading\" data-id=\"0012069\" data-element_type=\"widget\" data-widget_type=\"heading.default\">\n\t\t\t\t\t<h2 class=\"elementor-heading-title elementor-size-default\">Partnersk\u00e9 st\u0159edn\u00ed \u0161koly <\/h2>\t\t\t\t<\/div>\n\t\t\t\t\t<\/div>\n\t\t\t\t<\/div>\n\t\t<div class=\"elementor-element elementor-element-a993fd0 e-flex e-con-boxed e-con e-parent\" data-id=\"a993fd0\" data-element_type=\"container\">\n\t\t\t\t\t<div class=\"e-con-inner\">\n\t\t\t\t<div class=\"elementor-element elementor-element-a9d91d9 elementor-widget elementor-widget-image\" data-id=\"a9d91d9\" data-element_type=\"widget\" data-widget_type=\"image.default\">\n\t\t\t\t\t\t\t\t\t\t\t\t\t\t\t<img decoding=\"async\" width=\"223\" height=\"300\" src=\"https:\/\/spolchemie.two.testovaciverze.cz\/wp-content\/uploads\/2023\/08\/Sloucena-loga-223x300.png\" class=\"attachment-medium size-medium wp-image-6225\" alt=\"\" srcset=\"https:\/\/spolchemie.two.testovaciverze.cz\/wp-content\/uploads\/2023\/08\/Sloucena-loga-223x300.png 223w, https:\/\/spolchemie.two.testovaciverze.cz\/wp-content\/uploads\/2023\/08\/Sloucena-loga.png 533w\" sizes=\"(max-width: 223px) 100vw, 223px\" \/>\t\t\t\t\t\t\t\t\t\t\t\t\t\t\t<\/div>\n\t\t\t\t\t<\/div>\n\t\t\t\t<\/div>\n\t\t<div class=\"elementor-element elementor-element-51a7c97 e-grid e-con-boxed e-con e-parent\" data-id=\"51a7c97\" data-element_type=\"container\">\n\t\t\t\t\t<div class=\"e-con-inner\">\n\t\t\t\t<div class=\"elementor-element elementor-element-680baa3 elementor-widget elementor-widget-text-editor\" data-id=\"680baa3\" data-element_type=\"widget\" data-widget_type=\"text-editor.default\">\n\t\t\t\t\t\t\t\t\t<h3 style=\"font-family: Barlow, sans-serif; color: #0a3258;\">Kontaktn\u00ed osoba<\/h3><pre style=\"font-family: Barlow, sans-serif; color: #0a3258;\"><span style=\"color: var( --e-global-color-text ); font-family: var( --e-global-typography-text-font-family ), Sans-serif; font-size: var( --e-global-typography-text-font-size ); font-weight: var( --e-global-typography-text-font-weight ); text-align: var(--text-align);\">Petra Zajptov\u00e1<\/span><br \/>Tel.: 477 162 064<br \/>Email: <a href=\"mailto:student@spolchemie.two.testovaciverze.cz\">student@spolchemie.two.testovaciverze.cz<\/a> <span style=\"color: var( --e-global-color-text ); font-family: var( --e-global-typography-text-font-family ), Sans-serif; font-size: var( --e-global-typography-text-font-size ); font-weight: var( --e-global-typography-text-font-weight ); text-align: var(--text-align);\">\u00a0<\/span><span style=\"color: var( --e-global-color-text ); font-family: var( --e-global-typography-text-font-family ), Sans-serif; font-size: var( --e-global-typography-text-font-size ); font-weight: var( --e-global-typography-text-font-weight ); text-align: var(--text-align);\">\u00a0<\/span>\u00a0 \u00a0<\/pre><div>\u00a0<\/div><div>\u00a0<\/div>\t\t\t\t\t\t\t\t<\/div>\n\t\t\t\t\t<\/div>\n\t\t\t\t<\/div>\n\t\t\t\t<\/div>\n\t\t","protected":false},"excerpt":{"rendered":"<p>Spolchemie PRAXE PRO STUDENTY A STUDENTKY PARTNERSK\u00ddCH ST\u0158EDN\u00cdCH \u0160KOL Zapoj\u00edme t\u011b do\u00a0pr\u00e1ce na\u00a0re\u00e1ln\u00fdch projektech pod\u00a0veden\u00edm expert\u016f v\u00a0oboru. Po \u00fasp\u011b\u0161n\u00e9m ukon\u010den\u00ed programu m\u016f\u017ee\u0161 nav\u00e1zat dal\u0161\u00ed spolupr\u00e1ci M\u00e1m z\u00e1jem o \u0161koln\u00ed praxi ve Spolchemii Partnersk\u00e9 st\u0159edn\u00ed \u0161koly Kontaktn\u00ed osoba Petra Zajptov\u00e1Tel.: 477 162 064Email: student@spolchemie.two.testovaciverze.cz \u00a0\u00a0\u00a0 \u00a0 \u00a0\u00a0<\/p>\n","protected":false},"author":1,"featured_media":0,"parent":438,"menu_order":0,"comment_status":"closed","ping_status":"closed","template":"","meta":{"_acf_changed":false,"_seopress_robots_primary_cat":"","_seopress_titles_title":"","_seopress_titles_desc":"","_seopress_robots_index":"","footnotes":"","_links_to":"","_links_to_target":""},"class_list":["post-6137","page","type-page","status-publish","hentry"],"acf":[],"_links":{"self":[{"href":"https:\/\/spolchemie.two.testovaciverze.cz\/cs\/wp-json\/wp\/v2\/pages\/6137","targetHints":{"allow":["GET"]}}],"collection":[{"href":"https:\/\/spolchemie.two.testovaciverze.cz\/cs\/wp-json\/wp\/v2\/pages"}],"about":[{"href":"https:\/\/spolchemie.two.testovaciverze.cz\/cs\/wp-json\/wp\/v2\/types\/page"}],"author":[{"embeddable":true,"href":"https:\/\/spolchemie.two.testovaciverze.cz\/cs\/wp-json\/wp\/v2\/users\/1"}],"replies":[{"embeddable":true,"href":"https:\/\/spolchemie.two.testovaciverze.cz\/cs\/wp-json\/wp\/v2\/comments?post=6137"}],"version-history":[{"count":70,"href":"https:\/\/spolchemie.two.testovaciverze.cz\/cs\/wp-json\/wp\/v2\/pages\/6137\/revisions"}],"predecessor-version":[{"id":96099,"href":"https:\/\/spolchemie.two.testovaciverze.cz\/cs\/wp-json\/wp\/v2\/pages\/6137\/revisions\/96099"}],"up":[{"embeddable":true,"href":"https:\/\/spolchemie.two.testovaciverze.cz\/cs\/wp-json\/wp\/v2\/pages\/438"}],"wp:attachment":[{"href":"https:\/\/spolchemie.two.testovaciverze.cz\/cs\/wp-json\/wp\/v2\/media?parent=6137"}],"curies":[{"name":"wp","href":"https:\/\/api.w.org\/{rel}","templated":true}]}}