{"id":6133,"date":"2023-08-22T09:09:07","date_gmt":"2023-08-22T07:09:07","guid":{"rendered":"https:\/\/spolchemie.two.testovaciverze.cz\/?page_id=6133"},"modified":"2024-02-19T13:23:55","modified_gmt":"2024-02-19T12:23:55","slug":"vysoke-skoly","status":"publish","type":"page","link":"https:\/\/spolchemie.two.testovaciverze.cz\/cs\/kariera\/vysoke-skoly\/","title":{"rendered":"Vysok\u00e9 \u0161koly"},"content":{"rendered":"\t\t<div data-elementor-type=\"wp-page\" data-elementor-id=\"6133\" class=\"elementor elementor-6133\" data-elementor-post-type=\"page\">\n\t\t\t\t<div class=\"elementor-element elementor-element-19e50be1 e-con-full e-flex e-con e-parent\" data-id=\"19e50be1\" data-element_type=\"container\" data-settings=\"{&quot;background_background&quot;:&quot;video&quot;,&quot;background_video_link&quot;:&quot;\\\/wp-content\\\/uploads\\\/2023\\\/03\\\/show-movie.mp4&quot;,&quot;background_play_on_mobile&quot;:&quot;yes&quot;}\">\n\t\t<div class=\"elementor-background-video-container\">\n\t\t\t\t\t\t\t<video class=\"elementor-background-video-hosted elementor-html5-video\" autoplay muted playsinline loop><\/video>\n\t\t\t\t\t<\/div>\t\t<\/div>\n\t\t<div class=\"elementor-element elementor-element-149dc7b7 e-flex e-con-boxed e-con e-parent\" data-id=\"149dc7b7\" data-element_type=\"container\" data-settings=\"{&quot;background_background&quot;:&quot;classic&quot;}\">\n\t\t\t\t\t<div class=\"e-con-inner\">\n\t\t<div class=\"elementor-element elementor-element-2ad3db2d e-flex e-con-boxed e-con e-child\" data-id=\"2ad3db2d\" data-element_type=\"container\">\n\t\t\t\t\t<div class=\"e-con-inner\">\n\t\t\t\t<div class=\"elementor-element elementor-element-3a7b1863 elementor-widget elementor-widget-sp-breadcrumbs\" data-id=\"3a7b1863\" data-element_type=\"widget\" data-widget_type=\"sp-breadcrumbs.default\">\n\t\t\t\t<div class=\"elementor-widget-container\">\n\t\t\t\t\t<nav  aria-label=\"breadcrumb\"><ol class=\"breadcrumb\" itemscope itemtype=\"https:\/\/schema.org\/BreadcrumbList\"><li class=\"breadcrumb-item active\" aria-current=\"page\" itemprop=\"itemListElement\" itemscope itemtype=\"https:\/\/schema.org\/ListItem\"><span itemprop=\"name\">Spolchemie<\/span><meta itemprop=\"position\" content=\"1\"><\/li><\/ol><\/nav>\t\t\t\t<\/div>\n\t\t\t\t<\/div>\n\t\t\t\t<div class=\"elementor-element elementor-element-54c6ed0d elementor-widget elementor-widget-heading\" data-id=\"54c6ed0d\" data-element_type=\"widget\" data-widget_type=\"heading.default\">\n\t\t\t\t\t<h1 class=\"elementor-heading-title elementor-size-default\">Vysok\u00e9 \u0161koly<\/h1>\t\t\t\t<\/div>\n\t\t\t\t\t<\/div>\n\t\t\t\t<\/div>\n\t\t\t\t\t<\/div>\n\t\t\t\t<\/div>\n\t\t<div class=\"elementor-element elementor-element-26303b5b e-flex e-con-boxed e-con e-parent\" data-id=\"26303b5b\" data-element_type=\"container\" data-settings=\"{&quot;background_background&quot;:&quot;gradient&quot;}\">\n\t\t\t\t\t<div class=\"e-con-inner\">\n\t\t<div class=\"elementor-element elementor-element-3d04a881 e-flex e-con-boxed e-con e-child\" data-id=\"3d04a881\" data-element_type=\"container\">\n\t\t\t\t\t<div class=\"e-con-inner\">\n\t\t\t\t<div class=\"elementor-element elementor-element-3d95a123 elementor-widget elementor-widget-heading\" data-id=\"3d95a123\" data-element_type=\"widget\" data-widget_type=\"heading.default\">\n\t\t\t\t\t<h2 class=\"elementor-heading-title elementor-size-default\">Bu\u010fte i vy sou\u010d\u00e1st\u00ed SPOLCHEMIE\n<\/h2>\t\t\t\t<\/div>\n\t\t\t\t<div class=\"elementor-element elementor-element-30b7a0f4 elementor-widget elementor-widget-text-editor\" data-id=\"30b7a0f4\" data-element_type=\"widget\" data-widget_type=\"text-editor.default\">\n\t\t\t\t\t\t\t\t\t<p>P\u0159idejte se k t\u00fdmu odborn\u00edk\u016f a pod\u00edlejte se na \u00fasp\u011b\u0161\u00edch <strong>ryze \u010desk\u00e9 firmy se zahrani\u010dn\u00edm p\u0159esahem<\/strong>. Nab\u00eddneme V\u00e1m <strong>odpov\u011bdnou a zaj\u00edmavou<\/strong> pr\u00e1ci v dynamick\u00e9m prost\u0159ed\u00ed.<\/p>\t\t\t\t\t\t\t\t<\/div>\n\t\t\t\t\t<\/div>\n\t\t\t\t<\/div>\n\t\t<div class=\"elementor-element elementor-element-5f429d35 e-flex e-con-boxed e-con e-child\" data-id=\"5f429d35\" data-element_type=\"container\">\n\t\t\t\t\t<div class=\"e-con-inner\">\n\t\t\t\t<div class=\"elementor-element elementor-element-814e6d1 elementor-widget elementor-widget-image\" data-id=\"814e6d1\" data-element_type=\"widget\" id=\"add-mask-left\" data-widget_type=\"image.default\">\n\t\t\t\t\t\t\t\t\t\t\t\t\t\t\t<img fetchpriority=\"high\" decoding=\"async\" width=\"800\" height=\"447\" src=\"https:\/\/spolchemie.two.testovaciverze.cz\/wp-content\/uploads\/2023\/07\/vzdelavani-1.jpeg\" class=\"attachment-large size-large wp-image-2576\" alt=\"\" srcset=\"https:\/\/spolchemie.two.testovaciverze.cz\/wp-content\/uploads\/2023\/07\/vzdelavani-1.jpeg 999w, https:\/\/spolchemie.two.testovaciverze.cz\/wp-content\/uploads\/2023\/07\/vzdelavani-1-300x168.jpeg 300w, https:\/\/spolchemie.two.testovaciverze.cz\/wp-content\/uploads\/2023\/07\/vzdelavani-1-768x429.jpeg 768w\" sizes=\"(max-width: 800px) 100vw, 800px\" \/>\t\t\t\t\t\t\t\t\t\t\t\t\t\t\t<\/div>\n\t\t\t\t\t<\/div>\n\t\t\t\t<\/div>\n\t\t\t\t\t<\/div>\n\t\t\t\t<\/div>\n\t\t<div class=\"elementor-element elementor-element-4b38fb8e e-flex e-con-boxed e-con e-parent\" data-id=\"4b38fb8e\" data-element_type=\"container\">\n\t\t\t\t\t<div class=\"e-con-inner\">\n\t\t<div class=\"elementor-element elementor-element-58f32d94 e-flex e-con-boxed e-con e-child\" data-id=\"58f32d94\" data-element_type=\"container\">\n\t\t\t\t\t<div class=\"e-con-inner\">\n\t\t\t\t<div class=\"elementor-element elementor-element-5af32d9c elementor-widget elementor-widget-image\" data-id=\"5af32d9c\" data-element_type=\"widget\" data-widget_type=\"image.default\">\n\t\t\t\t\t\t\t\t\t\t\t\t\t\t\t\t<a href=\"\/cs\/kariera\/vysoke-skoly\/trainee-program\/\">\n\t\t\t\t\t\t\t<img decoding=\"async\" src=\"https:\/\/spolchemie.two.testovaciverze.cz\/wp-content\/uploads\/2023\/10\/VHA9017.jpg\" title=\"_VHA9017\" alt=\"_VHA9017\" loading=\"lazy\" \/>\t\t\t\t\t\t\t\t<\/a>\n\t\t\t\t\t\t\t\t\t\t\t\t\t\t\t<\/div>\n\t\t\t\t<div class=\"elementor-element elementor-element-593a3aa9 elementor-widget elementor-widget-heading\" data-id=\"593a3aa9\" data-element_type=\"widget\" data-widget_type=\"heading.default\">\n\t\t\t\t\t<h1 class=\"elementor-heading-title elementor-size-xl\"><a href=\"\/cs\/kariera\/vysoke-skoly\/trainee-program\/\">TRAINEE PROGRAM<\/a><\/h1>\t\t\t\t<\/div>\n\t\t\t\t\t<\/div>\n\t\t\t\t<\/div>\n\t\t<div class=\"elementor-element elementor-element-5c10dbf8 e-flex e-con-boxed e-con e-child\" data-id=\"5c10dbf8\" data-element_type=\"container\">\n\t\t\t\t\t<div class=\"e-con-inner\">\n\t\t\t\t<div class=\"elementor-element elementor-element-2400ece4 elementor-widget elementor-widget-image\" data-id=\"2400ece4\" data-element_type=\"widget\" data-widget_type=\"image.default\">\n\t\t\t\t\t\t\t\t\t\t\t\t\t\t\t\t<a href=\"https:\/\/spolchemie.two.testovaciverze.cz\/kariera\/vysoke-skoly\/stipendijni-program\/\">\n\t\t\t\t\t\t\t<img decoding=\"async\" src=\"https:\/\/spolchemie.two.testovaciverze.cz\/wp-content\/uploads\/2023\/07\/stip-2.jpeg\" title=\"stip-2\" alt=\"stip-2\" loading=\"lazy\" \/>\t\t\t\t\t\t\t\t<\/a>\n\t\t\t\t\t\t\t\t\t\t\t\t\t\t\t<\/div>\n\t\t\t\t<div class=\"elementor-element elementor-element-12b57c85 elementor-widget elementor-widget-heading\" data-id=\"12b57c85\" data-element_type=\"widget\" data-widget_type=\"heading.default\">\n\t\t\t\t\t<h2 class=\"elementor-heading-title elementor-size-default\"><a href=\"https:\/\/spolchemie.two.testovaciverze.cz\/kariera\/vysoke-skoly\/stipendijni-program\/\">STIPENDIUM<\/a><\/h2>\t\t\t\t<\/div>\n\t\t\t\t\t<\/div>\n\t\t\t\t<\/div>\n\t\t\t\t\t<\/div>\n\t\t\t\t<\/div>\n\t\t<div class=\"elementor-element elementor-element-324d3d3 e-flex e-con-boxed e-con e-parent\" data-id=\"324d3d3\" data-element_type=\"container\">\n\t\t\t\t\t<div class=\"e-con-inner\">\n\t\t<div class=\"elementor-element elementor-element-b3b5398 e-con-full e-flex e-con e-child\" data-id=\"b3b5398\" data-element_type=\"container\">\n\t\t\t\t<div class=\"elementor-element elementor-element-39b74f30 elementor-widget elementor-widget-heading\" data-id=\"39b74f30\" data-element_type=\"widget\" data-widget_type=\"heading.default\">\n\t\t\t\t\t<h2 class=\"elementor-heading-title elementor-size-default\">Pro\u010d si vybrat SPOLCHEMII?<\/h2>\t\t\t\t<\/div>\n\t\t\t\t<\/div>\n\t\t<div class=\"elementor-element elementor-element-00ba910 e-con-full e-flex e-con e-child\" data-id=\"00ba910\" data-element_type=\"container\">\n\t\t\t\t<\/div>\n\t\t<div class=\"elementor-element elementor-element-4439e3e e-con-full e-flex e-con e-child\" data-id=\"4439e3e\" data-element_type=\"container\">\n\t\t\t\t<div class=\"elementor-element elementor-element-6470a123 elementor-widget elementor-widget-text-editor\" data-id=\"6470a123\" data-element_type=\"widget\" data-widget_type=\"text-editor.default\">\n\t\t\t\t\t\t\t\t\t<ul><li>Jsme v \u00dast\u00ed nad Labem ji\u017e t\u00e9m\u011b\u0159 170 let<\/li><li>P\u0159esto\u017ee zam\u011bstn\u00e1v\u00e1me t\u00e9m\u011b\u0159 1000 lid\u00ed, nejsme \u201ekorporace\u201c<\/li><li>Jsme jedn\u00edm z m\u00e1la v\u00fdrobc\u016f epoxidov\u00fdch prysky\u0159ic v Evrop\u011b &#8211; na\u0161e v\u00fdrobky jsou nepostradateln\u00e9<\/li><li>D\u00edky nejmodern\u011bj\u0161\u00edm provoz\u016fm a vlastn\u00edmu v\u00fdvoji m\u00e1me zaji\u0161t\u011bn dlouhodob\u00fd odbyt<\/li><li>Investujeme do nov\u00fdch technologi\u00ed i pracovn\u00edho prost\u0159ed\u00ed<\/li><\/ul>\t\t\t\t\t\t\t\t<\/div>\n\t\t\t\t<\/div>\n\t\t<div class=\"elementor-element elementor-element-6dfb445 e-con-full e-flex e-con e-child\" data-id=\"6dfb445\" data-element_type=\"container\">\n\t\t\t\t<div class=\"elementor-element elementor-element-727ea94 elementor-widget elementor-widget-image\" data-id=\"727ea94\" data-element_type=\"widget\" data-widget_type=\"image.default\">\n\t\t\t\t\t\t\t\t\t\t\t\t\t\t\t<img decoding=\"async\" src=\"https:\/\/spolchemie.two.testovaciverze.cz\/wp-content\/uploads\/2023\/10\/loga-VS.png\" title=\"loga V\u0160\" alt=\"loga V\u0160\" loading=\"lazy\" \/>\t\t\t\t\t\t\t\t\t\t\t\t\t\t\t<\/div>\n\t\t\t\t<\/div>\n\t\t\t\t\t<\/div>\n\t\t\t\t<\/div>\n\t\t<div class=\"elementor-element elementor-element-201fe66 e-grid e-con-boxed e-con e-parent\" data-id=\"201fe66\" data-element_type=\"container\">\n\t\t\t\t\t<div class=\"e-con-inner\">\n\t\t\t\t\t<\/div>\n\t\t\t\t<\/div>\n\t\t\t\t<\/div>\n\t\t","protected":false},"excerpt":{"rendered":"<p>Spolchemie Bu\u010fte i vy sou\u010d\u00e1st\u00ed SPOLCHEMIE P\u0159idejte se k t\u00fdmu odborn\u00edk\u016f a pod\u00edlejte se na \u00fasp\u011b\u0161\u00edch ryze \u010desk\u00e9 firmy se zahrani\u010dn\u00edm p\u0159esahem. Nab\u00eddneme V\u00e1m odpov\u011bdnou a zaj\u00edmavou pr\u00e1ci v dynamick\u00e9m prost\u0159ed\u00ed. TRAINEE PROGRAM STIPENDIUM Pro\u010d si vybrat SPOLCHEMII? Jsme v \u00dast\u00ed nad Labem ji\u017e t\u00e9m\u011b\u0159 170 let P\u0159esto\u017ee zam\u011bstn\u00e1v\u00e1me t\u00e9m\u011b\u0159 1000 lid\u00ed, nejsme \u201ekorporace\u201c Jsme [&hellip;]<\/p>\n","protected":false},"author":1,"featured_media":0,"parent":438,"menu_order":0,"comment_status":"closed","ping_status":"closed","template":"","meta":{"_acf_changed":false,"_seopress_robots_primary_cat":"","_seopress_titles_title":"","_seopress_titles_desc":"","_seopress_robots_index":"","footnotes":"","_links_to":"","_links_to_target":""},"class_list":["post-6133","page","type-page","status-publish","hentry"],"acf":[],"_links":{"self":[{"href":"https:\/\/spolchemie.two.testovaciverze.cz\/cs\/wp-json\/wp\/v2\/pages\/6133","targetHints":{"allow":["GET"]}}],"collection":[{"href":"https:\/\/spolchemie.two.testovaciverze.cz\/cs\/wp-json\/wp\/v2\/pages"}],"about":[{"href":"https:\/\/spolchemie.two.testovaciverze.cz\/cs\/wp-json\/wp\/v2\/types\/page"}],"author":[{"embeddable":true,"href":"https:\/\/spolchemie.two.testovaciverze.cz\/cs\/wp-json\/wp\/v2\/users\/1"}],"replies":[{"embeddable":true,"href":"https:\/\/spolchemie.two.testovaciverze.cz\/cs\/wp-json\/wp\/v2\/comments?post=6133"}],"version-history":[{"count":95,"href":"https:\/\/spolchemie.two.testovaciverze.cz\/cs\/wp-json\/wp\/v2\/pages\/6133\/revisions"}],"predecessor-version":[{"id":75385,"href":"https:\/\/spolchemie.two.testovaciverze.cz\/cs\/wp-json\/wp\/v2\/pages\/6133\/revisions\/75385"}],"up":[{"embeddable":true,"href":"https:\/\/spolchemie.two.testovaciverze.cz\/cs\/wp-json\/wp\/v2\/pages\/438"}],"wp:attachment":[{"href":"https:\/\/spolchemie.two.testovaciverze.cz\/cs\/wp-json\/wp\/v2\/media?parent=6133"}],"curies":[{"name":"wp","href":"https:\/\/api.w.org\/{rel}","templated":true}]}}