{"id":55934,"date":"2024-02-01T15:53:27","date_gmt":"2024-02-01T14:53:27","guid":{"rendered":"https:\/\/spolchemie.two.testovaciverze.cz\/?page_id=55934"},"modified":"2024-02-01T15:57:27","modified_gmt":"2024-02-01T14:57:27","slug":"jak-pomahaji-epoxidy-mostnim-konstrukcim","status":"publish","type":"page","link":"https:\/\/spolchemie.two.testovaciverze.cz\/cs\/vyrobky\/kde-najdete-nase-vyrobky\/jak-pomahaji-epoxidy-mostnim-konstrukcim\/","title":{"rendered":"Jak pom\u00e1haj\u00ed epoxidy mostn\u00edm konstrukc\u00edm?"},"content":{"rendered":"\t\t<div data-elementor-type=\"wp-page\" data-elementor-id=\"55934\" class=\"elementor elementor-55934\" data-elementor-post-type=\"page\">\n\t\t\t\t<div class=\"elementor-element elementor-element-d0fcab9 e-flex e-con-boxed e-con e-parent\" data-id=\"d0fcab9\" data-element_type=\"container\">\n\t\t\t\t\t<div class=\"e-con-inner\">\n\t\t<div class=\"elementor-element elementor-element-da8385d e-con-full e-flex e-con e-child\" data-id=\"da8385d\" data-element_type=\"container\">\n\t\t\t\t<div class=\"elementor-element elementor-element-9ea99e5 elementor-widget elementor-widget-text-editor\" data-id=\"9ea99e5\" data-element_type=\"widget\" data-widget_type=\"text-editor.default\">\n\t\t\t\t\t\t\t\t\t<h2><strong>EPOXIDOV\u00c9 PRYSKY\u0158ICE \u2013 TRADI\u010cN\u00cd MATERI\u00c1L PRO STAVEBNICTV\u00cd<\/strong><\/h2><p>Epoxidov\u00e9 prysky\u0159ice jsou ned\u00edlnou sou\u010d\u00e1st\u00ed mnoha aplikac\u00ed ve stavebnictv\u00ed. Nej\u010dast\u011bji se s\u00a0nimi m\u016f\u017eete setkat u pr\u016fmyslov\u00fdch podlah \u2013 nap\u0159\u00edklad v modern\u00edch obchodn\u00edch centrech (parkovac\u00ed z\u00f3ny i prodejn\u00ed plochy), ve v\u00fdrobn\u00edch a skladovac\u00edch hal\u00e1ch, v\u00a0objektech ob\u010dansk\u00e9 vybavenosti, v\u00a0nemocnic\u00edch. Mnoh\u00e9 aplikace epoxid\u016f jsou nem\u00e9n\u011b v\u00fdznamn\u00e9, ale m\u00e9n\u011b zn\u00e1m\u00e9, proto\u017ee nejsou vid\u011bt.<\/p><p>\u0158e\u010d je o epoxidov\u00fdch, kotevn\u011b impregna\u010dn\u00edch n\u00e1t\u011brech a pe\u010det\u00edc\u00edch vrstv\u00e1ch, kter\u00e9 se pou\u017e\u00edvaj\u00ed jako sou\u010d\u00e1st hydroizolace betonov\u00fdch mostn\u00edch konstrukc\u00ed a zaji\u0161\u0165uj\u00ed zde dokonalou adhezi mezi betonovou mostn\u00ed konstrukc\u00ed (mostovkou) a hydroizola\u010dn\u00edm p\u00e1sem.<\/p>\t\t\t\t\t\t\t\t<\/div>\n\t\t\t\t<\/div>\n\t\t<div class=\"elementor-element elementor-element-e92013c e-con-full e-flex e-con e-child\" data-id=\"e92013c\" data-element_type=\"container\">\n\t\t\t\t<div class=\"elementor-element elementor-element-8e8e692 elementor-widget elementor-widget-image\" data-id=\"8e8e692\" data-element_type=\"widget\" data-widget_type=\"image.default\">\n\t\t\t\t\t\t\t\t\t\t\t\t\t\t\t<img fetchpriority=\"high\" decoding=\"async\" width=\"800\" height=\"600\" src=\"https:\/\/spolchemie.two.testovaciverze.cz\/wp-content\/uploads\/2023\/07\/show-image-4.jpeg\" class=\"attachment-large size-large wp-image-2789\" alt=\"\" srcset=\"https:\/\/spolchemie.two.testovaciverze.cz\/wp-content\/uploads\/2023\/07\/show-image-4.jpeg 800w, https:\/\/spolchemie.two.testovaciverze.cz\/wp-content\/uploads\/2023\/07\/show-image-4-300x225.jpeg 300w, https:\/\/spolchemie.two.testovaciverze.cz\/wp-content\/uploads\/2023\/07\/show-image-4-768x576.jpeg 768w\" sizes=\"(max-width: 800px) 100vw, 800px\" \/>\t\t\t\t\t\t\t\t\t\t\t\t\t\t\t<\/div>\n\t\t\t\t<\/div>\n\t\t\t\t\t<\/div>\n\t\t\t\t<\/div>\n\t\t<div class=\"elementor-element elementor-element-e4e69a4 e-flex e-con-boxed e-con e-parent\" data-id=\"e4e69a4\" data-element_type=\"container\">\n\t\t\t\t\t<div class=\"e-con-inner\">\n\t\t\t\t<div class=\"elementor-element elementor-element-0935273 elementor-widget elementor-widget-text-editor\" data-id=\"0935273\" data-element_type=\"widget\" data-widget_type=\"text-editor.default\">\n\t\t\t\t\t\t\t\t\t<h2><strong>MOSTN\u00cd KONSTRUKCE A V\u00ddZNAM EPOXID\u016e<\/strong><\/h2><p>Alfou a omegou \u017eivotnosti betonov\u00fdch konstrukc\u00ed je spr\u00e1vn\u011b a precizn\u011b proveden\u00e1 hydroizolace. U most\u016f to plat\u00ed dvojn\u00e1sob, proto\u017ee jsou vystaveny extr\u00e9mn\u00edm z\u00e1t\u011b\u017e\u00edm, a\u0165 u\u017e mechanick\u00fdm vlivem samotn\u00e9ho provozu, tak samoz\u0159ejm\u011b pov\u011btrnostn\u00edm vliv\u016fm a i \u00fa\u010dink\u016fm chemick\u00fdch l\u00e1tek (oleje a dal\u0161\u00ed provozn\u00ed kapaliny, posypov\u00e9 materi\u00e1ly).<\/p><p>Izolace most\u016f je v \u010cR vy\u017eadov\u00e1na z\u00e1konem a kv\u016fli zaji\u0161t\u011bn\u00ed \u017eivotnosti a bezpe\u010dnosti most\u016f je jej\u00ed kvalit\u011b v\u011bnov\u00e1na maxim\u00e1ln\u00ed pozornost. Ka\u017ed\u00fd materi\u00e1l, syst\u00e9m a n\u00e1sledn\u011b i cel\u00e9 izola\u010dn\u00ed souvrstv\u00ed je testov\u00e1no a mus\u00ed odpov\u00eddat p\u0159\u00edslu\u0161n\u00fdm norm\u00e1m. Nejvy\u0161\u0161\u00ed n\u00e1roky jsou kladeny na materi\u00e1ly pro mosty na d\u00e1lnic\u00edch a silnic\u00edch I.t\u0159\u00eddy, kter\u00e9 je schvaluje p\u0159\u00edmo Ministerstvo dopravy \u2013 \u0158editelstv\u00ed silnic a d\u00e1lnic.<\/p><h2><strong>EPOXIDY VE SKLADB\u011a MOSTN\u00cd KONSTRUKCE<\/strong><\/h2><p>V typick\u00e9 skladb\u011b mostn\u00ed konstrukce se epoxidy pou\u017e\u00edvaj\u00ed pro kotevn\u011b impregna\u010dn\u00ed n\u00e1t\u011br a pe\u010det\u00edc\u00ed n\u00e1t\u011bry, kter\u00e1 tvo\u0159\u00ed prim\u00e1rn\u00ed vrstvu. Z\u00e1sadn\u00ed je spr\u00e1vn\u00e1 aplikace: na p\u0159edem mechanicky p\u0159ipravenou betonovou mostovku se aplikuje epoxidov\u00fd kotevn\u011b impregna\u010dn\u00ed n\u00e1t\u011br, kter\u00fd se je\u0161t\u011b do \u010derstv\u00e9ho prosype su\u0161en\u00fdm k\u0159emi\u010dit\u00fdm p\u00edskem. Po vytvrzen\u00ed se provede uzav\u00edrac\u00ed (pe\u010det\u00edc\u00ed) n\u00e1t\u011br, na kter\u00fd se po vytvrzen\u00ed natavuje hydroizola\u010dn\u00ed p\u00e1s. N\u00e1sledn\u011b se pak aplikuj\u00ed dal\u0161\u00ed kryc\u00ed vrstvy. Krom\u011b toho se epoxidov\u00e9 prysky\u0159ice pou\u017e\u00edvaj\u00ed tak\u00e9 na vyspr\u00e1vky nap\u0159\u00edklad po\u0161kozen\u00fdch povrch\u016f nebo pro v\u00fdpln\u011b technick\u00fdch sp\u00e1r ve form\u011b tzv. polymerbeton\u016f.<\/p><p>Pr\u00e1v\u011b pro mostn\u00ed konstrukce byl SPOLCHEMI\u00cd vyvinut a uveden na trh epoxidov\u00fd syst\u00e9m CHS-EPODUR\u00ae 474 PRIMER, kter\u00fd je dnes na trhu velmi dob\u0159e etablov\u00e1n. Pro v\u00edce informac\u00ed o produktu kontaktujte na\u0161eho specialistu na stavebn\u00ed chemii: Tom\u00e1\u0161 Vej\u0161krab, <a href=\"mailto:vejskrab@spolchemie.two.testovaciverze.cz\">vejskrab@spolchemie.two.testovaciverze.cz<\/a>, +420 725 722\u00a0366.<\/p>\t\t\t\t\t\t\t\t<\/div>\n\t\t\t\t\t<\/div>\n\t\t\t\t<\/div>\n\t\t<div class=\"elementor-element elementor-element-64035cb e-flex e-con-boxed e-con e-parent\" data-id=\"64035cb\" data-element_type=\"container\">\n\t\t\t\t\t<div class=\"e-con-inner\">\n\t\t\t\t<div class=\"elementor-element elementor-element-f9c90b1 elementor-widget elementor-widget-text-editor\" data-id=\"f9c90b1\" data-element_type=\"widget\" data-widget_type=\"text-editor.default\">\n\t\t\t\t\t\t\t\t\t<p>Fotky pou\u017eity s\u00a0laskav\u00fdm svolen\u00edm firem BAUSAN Ing. F\u00e1bry a FIRESTA.<\/p><p style=\"text-align: right;\">Tom\u00e1\u0161 Vej\u0161krab, Segment leader pro stavebnictv\u00ed<\/p><p style=\"text-align: right;\">Mgr. Kamila V\u00edtek Derynkov\u00e1, Product Marketing Manager<\/p><p>\u00a0<\/p>\t\t\t\t\t\t\t\t<\/div>\n\t\t\t\t\t<\/div>\n\t\t\t\t<\/div>\n\t\t<div class=\"elementor-element elementor-element-8749d79 e-flex e-con-boxed e-con e-parent\" data-id=\"8749d79\" data-element_type=\"container\">\n\t\t\t\t\t<div class=\"e-con-inner\">\n\t\t\t\t<div class=\"elementor-element elementor-element-4c943cb elementor-widget elementor-widget-gallery\" data-id=\"4c943cb\" data-element_type=\"widget\" data-settings=\"{&quot;lazyload&quot;:&quot;yes&quot;,&quot;gallery_layout&quot;:&quot;grid&quot;,&quot;columns&quot;:4,&quot;columns_tablet&quot;:2,&quot;columns_mobile&quot;:1,&quot;gap&quot;:{&quot;unit&quot;:&quot;px&quot;,&quot;size&quot;:10,&quot;sizes&quot;:[]},&quot;gap_tablet&quot;:{&quot;unit&quot;:&quot;px&quot;,&quot;size&quot;:10,&quot;sizes&quot;:[]},&quot;gap_mobile&quot;:{&quot;unit&quot;:&quot;px&quot;,&quot;size&quot;:10,&quot;sizes&quot;:[]},&quot;link_to&quot;:&quot;file&quot;,&quot;aspect_ratio&quot;:&quot;3:2&quot;,&quot;overlay_background&quot;:&quot;yes&quot;,&quot;content_hover_animation&quot;:&quot;fade-in&quot;}\" data-widget_type=\"gallery.default\">\n\t\t\t\t\t\t\t<div class=\"elementor-gallery__container\">\n\t\t\t\t\t\t\t<a class=\"e-gallery-item elementor-gallery-item elementor-animated-content\" href=\"https:\/\/spolchemie.two.testovaciverze.cz\/wp-content\/uploads\/2023\/07\/6.png\" data-elementor-open-lightbox=\"yes\" data-elementor-lightbox-slideshow=\"4c943cb\" data-elementor-lightbox-title=\"6\" data-e-action-hash=\"#elementor-action%3Aaction%3Dlightbox%26settings%3DeyJpZCI6MzcyNSwidXJsIjoiaHR0cHM6XC9cL3Nwb2xjaGVtaWUudHdvLnRlc3RvdmFjaXZlcnplLmN6XC93cC1jb250ZW50XC91cGxvYWRzXC8yMDIzXC8wN1wvNi5wbmciLCJzbGlkZXNob3ciOiI0Yzk0M2NiIn0%3D\">\n\t\t\t\t\t<div class=\"e-gallery-image elementor-gallery-item__image\" data-thumbnail=\"https:\/\/spolchemie.two.testovaciverze.cz\/wp-content\/uploads\/2023\/07\/6-300x224.png\" data-width=\"300\" data-height=\"224\" aria-label=\"\" role=\"img\" ><\/div>\n\t\t\t\t\t\t\t\t\t\t\t<div class=\"elementor-gallery-item__overlay\"><\/div>\n\t\t\t\t\t\t\t\t\t\t\t\t\t\t<\/a>\n\t\t\t\t\t\t\t<a class=\"e-gallery-item elementor-gallery-item elementor-animated-content\" href=\"https:\/\/spolchemie.two.testovaciverze.cz\/wp-content\/uploads\/2023\/07\/5.png\" data-elementor-open-lightbox=\"yes\" data-elementor-lightbox-slideshow=\"4c943cb\" data-elementor-lightbox-title=\"5\" data-e-action-hash=\"#elementor-action%3Aaction%3Dlightbox%26settings%3DeyJpZCI6MzcyNCwidXJsIjoiaHR0cHM6XC9cL3Nwb2xjaGVtaWUudHdvLnRlc3RvdmFjaXZlcnplLmN6XC93cC1jb250ZW50XC91cGxvYWRzXC8yMDIzXC8wN1wvNS5wbmciLCJzbGlkZXNob3ciOiI0Yzk0M2NiIn0%3D\">\n\t\t\t\t\t<div class=\"e-gallery-image elementor-gallery-item__image\" data-thumbnail=\"https:\/\/spolchemie.two.testovaciverze.cz\/wp-content\/uploads\/2023\/07\/5-300x224.png\" data-width=\"300\" data-height=\"224\" aria-label=\"\" role=\"img\" ><\/div>\n\t\t\t\t\t\t\t\t\t\t\t<div class=\"elementor-gallery-item__overlay\"><\/div>\n\t\t\t\t\t\t\t\t\t\t\t\t\t\t<\/a>\n\t\t\t\t\t\t\t<a class=\"e-gallery-item elementor-gallery-item elementor-animated-content\" href=\"https:\/\/spolchemie.two.testovaciverze.cz\/wp-content\/uploads\/2023\/07\/4.png\" data-elementor-open-lightbox=\"yes\" data-elementor-lightbox-slideshow=\"4c943cb\" data-elementor-lightbox-title=\"4\" data-e-action-hash=\"#elementor-action%3Aaction%3Dlightbox%26settings%3DeyJpZCI6MzcyMywidXJsIjoiaHR0cHM6XC9cL3Nwb2xjaGVtaWUudHdvLnRlc3RvdmFjaXZlcnplLmN6XC93cC1jb250ZW50XC91cGxvYWRzXC8yMDIzXC8wN1wvNC5wbmciLCJzbGlkZXNob3ciOiI0Yzk0M2NiIn0%3D\">\n\t\t\t\t\t<div class=\"e-gallery-image elementor-gallery-item__image\" data-thumbnail=\"https:\/\/spolchemie.two.testovaciverze.cz\/wp-content\/uploads\/2023\/07\/4-300x224.png\" data-width=\"300\" data-height=\"224\" aria-label=\"\" role=\"img\" ><\/div>\n\t\t\t\t\t\t\t\t\t\t\t<div class=\"elementor-gallery-item__overlay\"><\/div>\n\t\t\t\t\t\t\t\t\t\t\t\t\t\t<\/a>\n\t\t\t\t\t\t\t<a class=\"e-gallery-item elementor-gallery-item elementor-animated-content\" href=\"https:\/\/spolchemie.two.testovaciverze.cz\/wp-content\/uploads\/2023\/07\/3.png\" data-elementor-open-lightbox=\"yes\" data-elementor-lightbox-slideshow=\"4c943cb\" data-elementor-lightbox-title=\"3\" data-e-action-hash=\"#elementor-action%3Aaction%3Dlightbox%26settings%3DeyJpZCI6MzcyMiwidXJsIjoiaHR0cHM6XC9cL3Nwb2xjaGVtaWUudHdvLnRlc3RvdmFjaXZlcnplLmN6XC93cC1jb250ZW50XC91cGxvYWRzXC8yMDIzXC8wN1wvMy5wbmciLCJzbGlkZXNob3ciOiI0Yzk0M2NiIn0%3D\">\n\t\t\t\t\t<div class=\"e-gallery-image elementor-gallery-item__image\" data-thumbnail=\"https:\/\/spolchemie.two.testovaciverze.cz\/wp-content\/uploads\/2023\/07\/3-300x224.png\" data-width=\"300\" data-height=\"224\" aria-label=\"\" role=\"img\" ><\/div>\n\t\t\t\t\t\t\t\t\t\t\t<div class=\"elementor-gallery-item__overlay\"><\/div>\n\t\t\t\t\t\t\t\t\t\t\t\t\t\t<\/a>\n\t\t\t\t\t<\/div>\n\t\t\t\t\t<\/div>\n\t\t\t\t\t<\/div>\n\t\t\t\t<\/div>\n\t\t<div class=\"elementor-element elementor-element-5fa7690 e-flex e-con-boxed e-con e-parent\" data-id=\"5fa7690\" data-element_type=\"container\">\n\t\t\t\t\t<div class=\"e-con-inner\">\n\t\t\t\t<div class=\"elementor-element elementor-element-d97f231 elementor-widget elementor-widget-image\" data-id=\"d97f231\" data-element_type=\"widget\" data-widget_type=\"image.default\">\n\t\t\t\t\t\t\t\t\t\t\t\t\t\t\t<img decoding=\"async\" width=\"639\" height=\"500\" src=\"https:\/\/spolchemie.two.testovaciverze.cz\/wp-content\/uploads\/2023\/07\/2.png\" class=\"attachment-large size-large wp-image-3721\" alt=\"\" srcset=\"https:\/\/spolchemie.two.testovaciverze.cz\/wp-content\/uploads\/2023\/07\/2.png 639w, https:\/\/spolchemie.two.testovaciverze.cz\/wp-content\/uploads\/2023\/07\/2-300x235.png 300w\" sizes=\"(max-width: 639px) 100vw, 639px\" \/>\t\t\t\t\t\t\t\t\t\t\t\t\t\t\t<\/div>\n\t\t\t\t\t<\/div>\n\t\t\t\t<\/div>\n\t\t\t\t<\/div>\n\t\t","protected":false},"excerpt":{"rendered":"<p>EPOXIDOV\u00c9 PRYSKY\u0158ICE \u2013 TRADI\u010cN\u00cd MATERI\u00c1L PRO STAVEBNICTV\u00cd Epoxidov\u00e9 prysky\u0159ice jsou ned\u00edlnou sou\u010d\u00e1st\u00ed mnoha aplikac\u00ed ve stavebnictv\u00ed. Nej\u010dast\u011bji se s\u00a0nimi m\u016f\u017eete setkat u pr\u016fmyslov\u00fdch podlah \u2013 nap\u0159\u00edklad v modern\u00edch obchodn\u00edch centrech (parkovac\u00ed z\u00f3ny i prodejn\u00ed plochy), ve v\u00fdrobn\u00edch a skladovac\u00edch hal\u00e1ch, v\u00a0objektech ob\u010dansk\u00e9 vybavenosti, v\u00a0nemocnic\u00edch. Mnoh\u00e9 aplikace epoxid\u016f jsou nem\u00e9n\u011b v\u00fdznamn\u00e9, ale m\u00e9n\u011b zn\u00e1m\u00e9, proto\u017ee nejsou [&hellip;]<\/p>\n","protected":false},"author":8,"featured_media":0,"parent":55896,"menu_order":0,"comment_status":"closed","ping_status":"closed","template":"","meta":{"_acf_changed":false,"_seopress_robots_primary_cat":"","_seopress_titles_title":"","_seopress_titles_desc":"","_seopress_robots_index":"","footnotes":"","_links_to":"","_links_to_target":""},"class_list":["post-55934","page","type-page","status-publish","hentry"],"acf":[],"_links":{"self":[{"href":"https:\/\/spolchemie.two.testovaciverze.cz\/cs\/wp-json\/wp\/v2\/pages\/55934","targetHints":{"allow":["GET"]}}],"collection":[{"href":"https:\/\/spolchemie.two.testovaciverze.cz\/cs\/wp-json\/wp\/v2\/pages"}],"about":[{"href":"https:\/\/spolchemie.two.testovaciverze.cz\/cs\/wp-json\/wp\/v2\/types\/page"}],"author":[{"embeddable":true,"href":"https:\/\/spolchemie.two.testovaciverze.cz\/cs\/wp-json\/wp\/v2\/users\/8"}],"replies":[{"embeddable":true,"href":"https:\/\/spolchemie.two.testovaciverze.cz\/cs\/wp-json\/wp\/v2\/comments?post=55934"}],"version-history":[{"count":3,"href":"https:\/\/spolchemie.two.testovaciverze.cz\/cs\/wp-json\/wp\/v2\/pages\/55934\/revisions"}],"predecessor-version":[{"id":55937,"href":"https:\/\/spolchemie.two.testovaciverze.cz\/cs\/wp-json\/wp\/v2\/pages\/55934\/revisions\/55937"}],"up":[{"embeddable":true,"href":"https:\/\/spolchemie.two.testovaciverze.cz\/cs\/wp-json\/wp\/v2\/pages\/55896"}],"wp:attachment":[{"href":"https:\/\/spolchemie.two.testovaciverze.cz\/cs\/wp-json\/wp\/v2\/media?parent=55934"}],"curies":[{"name":"wp","href":"https:\/\/api.w.org\/{rel}","templated":true}]}}