{"id":55896,"date":"2024-02-01T14:41:07","date_gmt":"2024-02-01T13:41:07","guid":{"rendered":"https:\/\/spolchemie.two.testovaciverze.cz\/?page_id=55896"},"modified":"2024-02-01T16:40:30","modified_gmt":"2024-02-01T15:40:30","slug":"kde-najdete-nase-vyrobky","status":"publish","type":"page","link":"https:\/\/spolchemie.two.testovaciverze.cz\/cs\/vyrobky\/kde-najdete-nase-vyrobky\/","title":{"rendered":"Kde najdete na\u0161e v\u00fdrobky"},"content":{"rendered":"\t\t<div data-elementor-type=\"wp-page\" data-elementor-id=\"55896\" class=\"elementor elementor-55896\" data-elementor-post-type=\"page\">\n\t\t\t\t<div class=\"elementor-element elementor-element-4de3357 e-flex e-con-boxed e-con e-parent\" data-id=\"4de3357\" data-element_type=\"container\">\n\t\t\t\t\t<div class=\"e-con-inner\">\n\t\t<div class=\"elementor-element elementor-element-0f16da0 e-con-full e-flex e-con e-child\" data-id=\"0f16da0\" data-element_type=\"container\">\n\t\t\t\t<div class=\"elementor-element elementor-element-419c268 elementor-widget elementor-widget-image\" data-id=\"419c268\" data-element_type=\"widget\" data-widget_type=\"image.default\">\n\t\t\t\t\t\t\t\t\t\t\t\t\t\t\t<img fetchpriority=\"high\" decoding=\"async\" width=\"300\" height=\"225\" src=\"https:\/\/spolchemie.two.testovaciverze.cz\/wp-content\/uploads\/2023\/07\/shutterstock_636684292_orez-300x225.jpg\" class=\"attachment-medium size-medium wp-image-55801\" alt=\"\" srcset=\"https:\/\/spolchemie.two.testovaciverze.cz\/wp-content\/uploads\/2023\/07\/shutterstock_636684292_orez-300x225.jpg 300w, https:\/\/spolchemie.two.testovaciverze.cz\/wp-content\/uploads\/2023\/07\/shutterstock_636684292_orez-1024x768.jpg 1024w, https:\/\/spolchemie.two.testovaciverze.cz\/wp-content\/uploads\/2023\/07\/shutterstock_636684292_orez-768x576.jpg 768w, https:\/\/spolchemie.two.testovaciverze.cz\/wp-content\/uploads\/2023\/07\/shutterstock_636684292_orez-1536x1152.jpg 1536w, https:\/\/spolchemie.two.testovaciverze.cz\/wp-content\/uploads\/2023\/07\/shutterstock_636684292_orez-2048x1536.jpg 2048w\" sizes=\"(max-width: 300px) 100vw, 300px\" \/>\t\t\t\t\t\t\t\t\t\t\t\t\t\t\t<\/div>\n\t\t\t\t<div class=\"elementor-element elementor-element-8829bbb elementor-widget elementor-widget-heading\" data-id=\"8829bbb\" data-element_type=\"widget\" data-widget_type=\"heading.default\">\n\t\t\t\t\t<h3 class=\"elementor-heading-title elementor-size-default\"><a href=\"https:\/\/spolchemie.two.testovaciverze.cz\/vyrobky\/kde-najdete-nase-vyrobky\/specialni-epoxidy-pro-kolejova-vozidla\/\">SPOLCHEMIE vyr\u00e1b\u00ed speci\u00e1ln\u00ed epoxidov\u00e9 syst\u00e9my spl\u0148uj\u00edc\u00ed normu EN 45545-2<\/a><\/h3>\t\t\t\t<\/div>\n\t\t\t\t<div class=\"elementor-element elementor-element-efff334 elementor-widget elementor-widget-text-editor\" data-id=\"efff334\" data-element_type=\"widget\" data-widget_type=\"text-editor.default\">\n\t\t\t\t\t\t\t\t\t<p>\u017delezni\u010dn\u00ed doprava je zn\u00e1ma sv\u00fdmi v\u00fdhodami: je ekologicky \u0161etrn\u00e1, efektivn\u00ed pro p\u0159epravu velk\u00e9ho po\u010dtu osob i t\u011b\u017ek\u00fdch n\u00e1klad\u016f a rychl\u00e1. Studie ukazuj\u00ed, \u017ee m\u00e1 tak\u00e9 ni\u017e\u0161\u00ed emise sklen\u00edkov\u00fdch plyn\u016f ve srovn\u00e1n\u00ed se silni\u010dn\u00ed dopravou, co\u017e nazna\u010duje jej\u00ed velk\u00fd potenci\u00e1l pro budoucnost. Z\u00e1sadn\u00ed je ale tak\u00e9 jej\u00ed bezpe\u010dnost a mimo jin\u00e9<\/p>\t\t\t\t\t\t\t\t<\/div>\n\t\t\t\t<div class=\"elementor-element elementor-element-36b2480 elementor-align-center elementor-widget elementor-widget-button\" data-id=\"36b2480\" data-element_type=\"widget\" data-widget_type=\"button.default\">\n\t\t\t\t\t\t\t\t\t\t<a class=\"elementor-button elementor-button-link elementor-size-sm\" href=\"https:\/\/spolchemie.two.testovaciverze.cz\/vyrobky\/kde-najdete-nase-vyrobky\/specialni-epoxidy-pro-kolejova-vozidla\/\">\n\t\t\t\t\t\t<span class=\"elementor-button-content-wrapper\">\n\t\t\t\t\t\t\t\t\t<span class=\"elementor-button-text\">V\u00edce<\/span>\n\t\t\t\t\t<\/span>\n\t\t\t\t\t<\/a>\n\t\t\t\t\t\t\t\t<\/div>\n\t\t\t\t<\/div>\n\t\t<div class=\"elementor-element elementor-element-d712154 e-con-full e-flex e-con e-child\" data-id=\"d712154\" data-element_type=\"container\">\n\t\t\t\t<div class=\"elementor-element elementor-element-f83c103 elementor-widget elementor-widget-image\" data-id=\"f83c103\" data-element_type=\"widget\" data-widget_type=\"image.default\">\n\t\t\t\t\t\t\t\t\t\t\t\t\t\t\t<img decoding=\"async\" width=\"300\" height=\"225\" src=\"https:\/\/spolchemie.two.testovaciverze.cz\/wp-content\/uploads\/2023\/07\/show-image-300x225.jpeg\" class=\"attachment-medium size-medium wp-image-2781\" alt=\"\" srcset=\"https:\/\/spolchemie.two.testovaciverze.cz\/wp-content\/uploads\/2023\/07\/show-image-300x225.jpeg 300w, https:\/\/spolchemie.two.testovaciverze.cz\/wp-content\/uploads\/2023\/07\/show-image-768x576.jpeg 768w, https:\/\/spolchemie.two.testovaciverze.cz\/wp-content\/uploads\/2023\/07\/show-image.jpeg 800w\" sizes=\"(max-width: 300px) 100vw, 300px\" \/>\t\t\t\t\t\t\t\t\t\t\t\t\t\t\t<\/div>\n\t\t\t\t<div class=\"elementor-element elementor-element-b1f05b3 elementor-widget elementor-widget-heading\" data-id=\"b1f05b3\" data-element_type=\"widget\" data-widget_type=\"heading.default\">\n\t\t\t\t\t<h3 class=\"elementor-heading-title elementor-size-default\"><a href=\"https:\/\/spolchemie.two.testovaciverze.cz\/vyrobky\/kde-najdete-nase-vyrobky\/jak-epoxidove-pryskyrice-pomahaji-udrzitelne-budoucnosti\/\">Jak epoxidov\u00e9 prysky\u0159ice pom\u00e1haj\u00ed udr\u017eiteln\u00e9 budoucnosti?<\/a><\/h3>\t\t\t\t<\/div>\n\t\t\t\t<div class=\"elementor-element elementor-element-92197db elementor-widget elementor-widget-text-editor\" data-id=\"92197db\" data-element_type=\"widget\" data-widget_type=\"text-editor.default\">\n\t\t\t\t\t\t\t\t\t<p>\u0158ada pr\u016fmyslov\u00fdch odv\u011btv\u00ed v dne\u0161n\u00ed dob\u011b aktivn\u011b hled\u00e1 environment\u00e1ln\u011b \u0161etrn\u00e1 a udr\u017eiteln\u00e1 \u0159e\u0161en\u00ed a sna\u017e\u00ed se sni\u017eovat svou uhl\u00edkovou stopu. Epoxidov\u00e9 prysky\u0159ice, a\u010d nejsou v\u011bt\u0161inou na prvn\u00ed pohled vid\u011bt, \u00a0maj\u00ed nezastupitelnou roli v mnoha d\u016fle\u017eit\u00fdch aplikac\u00edch a sektorech, a to d\u00edky sv\u00fdm unik\u00e1tn\u00edm vlastnostem.\u00a0<\/p>\t\t\t\t\t\t\t\t<\/div>\n\t\t\t\t<div class=\"elementor-element elementor-element-dd8ed5f elementor-align-center elementor-widget elementor-widget-button\" data-id=\"dd8ed5f\" data-element_type=\"widget\" data-widget_type=\"button.default\">\n\t\t\t\t\t\t\t\t\t\t<a class=\"elementor-button elementor-button-link elementor-size-sm\" href=\"https:\/\/spolchemie.two.testovaciverze.cz\/vyrobky\/kde-najdete-nase-vyrobky\/jak-epoxidove-pryskyrice-pomahaji-udrzitelne-budoucnosti\/\">\n\t\t\t\t\t\t<span class=\"elementor-button-content-wrapper\">\n\t\t\t\t\t\t\t\t\t<span class=\"elementor-button-text\">V\u00edce<\/span>\n\t\t\t\t\t<\/span>\n\t\t\t\t\t<\/a>\n\t\t\t\t\t\t\t\t<\/div>\n\t\t\t\t<\/div>\n\t\t<div class=\"elementor-element elementor-element-14c8750 e-con-full e-flex e-con e-child\" data-id=\"14c8750\" data-element_type=\"container\">\n\t\t\t\t<div class=\"elementor-element elementor-element-c10e782 elementor-widget elementor-widget-image\" data-id=\"c10e782\" data-element_type=\"widget\" data-widget_type=\"image.default\">\n\t\t\t\t\t\t\t\t\t\t\t\t\t\t\t<img decoding=\"async\" width=\"300\" height=\"225\" src=\"https:\/\/spolchemie.two.testovaciverze.cz\/wp-content\/uploads\/2023\/07\/show-image-1-300x225.jpeg\" class=\"attachment-medium size-medium wp-image-2783\" alt=\"\" srcset=\"https:\/\/spolchemie.two.testovaciverze.cz\/wp-content\/uploads\/2023\/07\/show-image-1-300x225.jpeg 300w, https:\/\/spolchemie.two.testovaciverze.cz\/wp-content\/uploads\/2023\/07\/show-image-1.jpeg 633w\" sizes=\"(max-width: 300px) 100vw, 300px\" \/>\t\t\t\t\t\t\t\t\t\t\t\t\t\t\t<\/div>\n\t\t\t\t<div class=\"elementor-element elementor-element-0099909 elementor-widget elementor-widget-heading\" data-id=\"0099909\" data-element_type=\"widget\" data-widget_type=\"heading.default\">\n\t\t\t\t\t<h3 class=\"elementor-heading-title elementor-size-default\"><a href=\"https:\/\/spolchemie.two.testovaciverze.cz\/vyrobky\/kde-najdete-nase-vyrobky\/epoxidove-lite-podlahy-pro-funkcni-i-designova-reseni\/\">Epoxidov\u00e9 lit\u00e9 podlahy pro funk\u010dn\u00ed i designov\u00e1 \u0159e\u0161en\u00ed<\/a><\/h3>\t\t\t\t<\/div>\n\t\t\t\t<div class=\"elementor-element elementor-element-5cba0d3 elementor-widget elementor-widget-text-editor\" data-id=\"5cba0d3\" data-element_type=\"widget\" data-widget_type=\"text-editor.default\">\n\t\t\t\t\t\t\t\t\t<p>Epoxidov\u00e9 podlahy jsou d\u00edky sv\u00e9 odolnosti a vynikaj\u00edc\u00edm vlastnostem ide\u00e1ln\u00ed pro r\u016fzn\u00e9 pr\u016fmyslov\u00e9 a komer\u010dn\u00ed prostory. \u010casto je najdete v prostorech s velk\u00fdm zat\u00ed\u017een\u00edm, jak\u00fdmi jsou v\u00fdrobn\u00ed objekty, sklady, podzemn\u00ed gar\u00e1\u017ee a parkovac\u00ed domy. Z\u00e1rove\u0148 ale umo\u017e\u0148uj\u00ed variabiln\u00ed designov\u00e9 a dekorativn\u00ed ztv\u00e1rn\u011bn\u00ed v mnoha barv\u00e1ch, tak\u017ee je najdete v galeri\u00edch,<\/p>\t\t\t\t\t\t\t\t<\/div>\n\t\t\t\t<div class=\"elementor-element elementor-element-4136a63 elementor-align-center elementor-widget elementor-widget-button\" data-id=\"4136a63\" data-element_type=\"widget\" data-widget_type=\"button.default\">\n\t\t\t\t\t\t\t\t\t\t<a class=\"elementor-button elementor-button-link elementor-size-sm\" href=\"https:\/\/spolchemie.two.testovaciverze.cz\/vyrobky\/kde-najdete-nase-vyrobky\/epoxidove-lite-podlahy-pro-funkcni-i-designova-reseni\/\">\n\t\t\t\t\t\t<span class=\"elementor-button-content-wrapper\">\n\t\t\t\t\t\t\t\t\t<span class=\"elementor-button-text\">V\u00edce<\/span>\n\t\t\t\t\t<\/span>\n\t\t\t\t\t<\/a>\n\t\t\t\t\t\t\t\t<\/div>\n\t\t\t\t<\/div>\n\t\t\t\t\t<\/div>\n\t\t\t\t<\/div>\n\t\t<div class=\"elementor-element elementor-element-31ef030 e-flex e-con-boxed e-con e-parent\" data-id=\"31ef030\" data-element_type=\"container\">\n\t\t\t\t\t<div class=\"e-con-inner\">\n\t\t\t\t<div class=\"elementor-element elementor-element-e228c4b elementor-widget elementor-widget-spacer\" data-id=\"e228c4b\" data-element_type=\"widget\" data-widget_type=\"spacer.default\">\n\t\t\t\t<div class=\"elementor-widget-container\">\n\t\t\t\t\t\t\t<div class=\"elementor-spacer\">\n\t\t\t<div class=\"elementor-spacer-inner\"><\/div>\n\t\t<\/div>\n\t\t\t\t\t\t<\/div>\n\t\t\t\t<\/div>\n\t\t\t\t\t<\/div>\n\t\t\t\t<\/div>\n\t\t<div class=\"elementor-element elementor-element-ab9b5c8 e-flex e-con-boxed e-con e-parent\" data-id=\"ab9b5c8\" data-element_type=\"container\">\n\t\t\t\t\t<div class=\"e-con-inner\">\n\t\t<div class=\"elementor-element elementor-element-d467b36 e-con-full e-flex e-con e-child\" data-id=\"d467b36\" data-element_type=\"container\">\n\t\t\t\t<div class=\"elementor-element elementor-element-f167e73 elementor-widget elementor-widget-image\" data-id=\"f167e73\" data-element_type=\"widget\" data-widget_type=\"image.default\">\n\t\t\t\t\t\t\t\t\t\t\t\t\t\t\t<img loading=\"lazy\" decoding=\"async\" width=\"300\" height=\"199\" src=\"https:\/\/spolchemie.two.testovaciverze.cz\/wp-content\/uploads\/2023\/07\/1-300x199.jpeg\" class=\"attachment-medium size-medium wp-image-3736\" alt=\"\" srcset=\"https:\/\/spolchemie.two.testovaciverze.cz\/wp-content\/uploads\/2023\/07\/1-300x199.jpeg 300w, https:\/\/spolchemie.two.testovaciverze.cz\/wp-content\/uploads\/2023\/07\/1-1024x678.jpeg 1024w, https:\/\/spolchemie.two.testovaciverze.cz\/wp-content\/uploads\/2023\/07\/1-768x508.jpeg 768w, https:\/\/spolchemie.two.testovaciverze.cz\/wp-content\/uploads\/2023\/07\/1-1536x1016.jpeg 1536w, https:\/\/spolchemie.two.testovaciverze.cz\/wp-content\/uploads\/2023\/07\/1-2048x1355.jpeg 2048w\" sizes=\"(max-width: 300px) 100vw, 300px\" \/>\t\t\t\t\t\t\t\t\t\t\t\t\t\t\t<\/div>\n\t\t\t\t<div class=\"elementor-element elementor-element-e121ff8 elementor-widget elementor-widget-heading\" data-id=\"e121ff8\" data-element_type=\"widget\" data-widget_type=\"heading.default\">\n\t\t\t\t\t<h3 class=\"elementor-heading-title elementor-size-default\"><a href=\"https:\/\/spolchemie.two.testovaciverze.cz\/vyrobky\/kde-najdete-nase-vyrobky\/e-coaty-ucinne-proti-korozi-a-setrne-k-zivotnimu-prostredi\/\">E-coaty \u2013 \u00fa\u010dinn\u00e9 proti korozi a \u0161etrn\u00e9 k \u017eivotn\u00edmu prost\u0159ed\u00ed<\/a><\/h3>\t\t\t\t<\/div>\n\t\t\t\t<div class=\"elementor-element elementor-element-7e1fb2d elementor-widget elementor-widget-text-editor\" data-id=\"7e1fb2d\" data-element_type=\"widget\" data-widget_type=\"text-editor.default\">\n\t\t\t\t\t\t\t\t\t<p>Epoxidov\u00e9 prysky\u0159ice hraj\u00ed kl\u00ed\u010dovou roli v mnoha oblastech na\u0161eho ka\u017edodenn\u00edho \u017eivota. Jednou z nejd\u016fle\u017eit\u011bj\u0161\u00edch aplikac\u00ed epoxid\u016f je ochrana kov\u016f proti korozi. Nejsou to ale jen antikorozn\u00ed vlastnosti, d\u00edky nim\u017e jsou epoxidy materi\u00e1lem budoucnosti, ale hlavn\u011b vysok\u00e1 efektivita epoxidov\u00fdch n\u00e1t\u011br\u016f a jejich trvanlivost. Kombinace unik\u00e1tn\u00edch vlastnost\u00ed epoxid\u016f a modern\u00ed technologie v\u00fdroby<\/p>\t\t\t\t\t\t\t\t<\/div>\n\t\t\t\t<div class=\"elementor-element elementor-element-d857da8 elementor-align-center elementor-widget elementor-widget-button\" data-id=\"d857da8\" data-element_type=\"widget\" data-widget_type=\"button.default\">\n\t\t\t\t\t\t\t\t\t\t<a class=\"elementor-button elementor-button-link elementor-size-sm\" href=\"https:\/\/spolchemie.two.testovaciverze.cz\/vyrobky\/kde-najdete-nase-vyrobky\/e-coaty-ucinne-proti-korozi-a-setrne-k-zivotnimu-prostredi\/\">\n\t\t\t\t\t\t<span class=\"elementor-button-content-wrapper\">\n\t\t\t\t\t\t\t\t\t<span class=\"elementor-button-text\">V\u00edce<\/span>\n\t\t\t\t\t<\/span>\n\t\t\t\t\t<\/a>\n\t\t\t\t\t\t\t\t<\/div>\n\t\t\t\t<\/div>\n\t\t<div class=\"elementor-element elementor-element-b24dea2 e-con-full e-flex e-con e-child\" data-id=\"b24dea2\" data-element_type=\"container\">\n\t\t\t\t<div class=\"elementor-element elementor-element-7b68102 elementor-widget elementor-widget-image\" data-id=\"7b68102\" data-element_type=\"widget\" data-widget_type=\"image.default\">\n\t\t\t\t\t\t\t\t\t\t\t\t\t\t\t<img loading=\"lazy\" decoding=\"async\" width=\"300\" height=\"225\" src=\"https:\/\/spolchemie.two.testovaciverze.cz\/wp-content\/uploads\/2023\/07\/show-image-4-300x225.jpeg\" class=\"attachment-medium size-medium wp-image-2789\" alt=\"\" srcset=\"https:\/\/spolchemie.two.testovaciverze.cz\/wp-content\/uploads\/2023\/07\/show-image-4-300x225.jpeg 300w, https:\/\/spolchemie.two.testovaciverze.cz\/wp-content\/uploads\/2023\/07\/show-image-4-768x576.jpeg 768w, https:\/\/spolchemie.two.testovaciverze.cz\/wp-content\/uploads\/2023\/07\/show-image-4.jpeg 800w\" sizes=\"(max-width: 300px) 100vw, 300px\" \/>\t\t\t\t\t\t\t\t\t\t\t\t\t\t\t<\/div>\n\t\t\t\t<div class=\"elementor-element elementor-element-31c839f elementor-widget elementor-widget-heading\" data-id=\"31c839f\" data-element_type=\"widget\" data-widget_type=\"heading.default\">\n\t\t\t\t\t<h3 class=\"elementor-heading-title elementor-size-default\"><a href=\"https:\/\/spolchemie.two.testovaciverze.cz\/vyrobky\/kde-najdete-nase-vyrobky\/jak-pomahaji-epoxidy-mostnim-konstrukcim\/\">Jak pom\u00e1haj\u00ed epoxidy mostn\u00edm konstrukc\u00edm?<\/a><\/h3>\t\t\t\t<\/div>\n\t\t\t\t<div class=\"elementor-element elementor-element-123b9ab elementor-widget elementor-widget-text-editor\" data-id=\"123b9ab\" data-element_type=\"widget\" data-widget_type=\"text-editor.default\">\n\t\t\t\t\t\t\t\t\t<p>Epoxidov\u00e9 prysky\u0159ice jsou ned\u00edlnou sou\u010d\u00e1st\u00ed mnoha aplikac\u00ed ve stavebnictv\u00ed. Nej\u010dast\u011bji se s nimi m\u016f\u017eete setkat u pr\u016fmyslov\u00fdch podlah \u2013 nap\u0159\u00edklad v modern\u00edch obchodn\u00edch centrech (parkovac\u00ed z\u00f3ny i prodejn\u00ed plochy), ve v\u00fdrobn\u00edch a skladovac\u00edch hal\u00e1ch, v objektech ob\u010dansk\u00e9 vybavenosti, v nemocnic\u00edch. Jednou z v\u00fdznamn\u00fdch, ale m\u00e9n\u011b zn\u00e1m\u00fdch aplikac\u00ed jsou epoxidov\u00e9, kotevn\u011b<\/p>\t\t\t\t\t\t\t\t<\/div>\n\t\t\t\t<div class=\"elementor-element elementor-element-c5e89fc elementor-align-center elementor-widget elementor-widget-button\" data-id=\"c5e89fc\" data-element_type=\"widget\" data-widget_type=\"button.default\">\n\t\t\t\t\t\t\t\t\t\t<a class=\"elementor-button elementor-button-link elementor-size-sm\" href=\"https:\/\/spolchemie.two.testovaciverze.cz\/vyrobky\/kde-najdete-nase-vyrobky\/jak-pomahaji-epoxidy-mostnim-konstrukcim\/\">\n\t\t\t\t\t\t<span class=\"elementor-button-content-wrapper\">\n\t\t\t\t\t\t\t\t\t<span class=\"elementor-button-text\">V\u00edce<\/span>\n\t\t\t\t\t<\/span>\n\t\t\t\t\t<\/a>\n\t\t\t\t\t\t\t\t<\/div>\n\t\t\t\t<\/div>\n\t\t<div class=\"elementor-element elementor-element-678eaf6 e-con-full e-flex e-con e-child\" data-id=\"678eaf6\" data-element_type=\"container\">\n\t\t\t\t<div class=\"elementor-element elementor-element-06e9b94 elementor-widget elementor-widget-image\" data-id=\"06e9b94\" data-element_type=\"widget\" data-widget_type=\"image.default\">\n\t\t\t\t\t\t\t\t\t\t\t\t\t\t\t<img loading=\"lazy\" decoding=\"async\" width=\"300\" height=\"228\" src=\"https:\/\/spolchemie.two.testovaciverze.cz\/wp-content\/uploads\/2023\/07\/5.jpeg\" class=\"attachment-medium size-medium wp-image-3731\" alt=\"\" \/>\t\t\t\t\t\t\t\t\t\t\t\t\t\t\t<\/div>\n\t\t\t\t<div class=\"elementor-element elementor-element-4c892e5 elementor-widget elementor-widget-heading\" data-id=\"4c892e5\" data-element_type=\"widget\" data-widget_type=\"heading.default\">\n\t\t\t\t\t<h3 class=\"elementor-heading-title elementor-size-default\"><a href=\"https:\/\/spolchemie.two.testovaciverze.cz\/vyrobky\/kde-najdete-nase-vyrobky\/vyznam-epoxidu-v-energetice-a-elektroprumyslu\/\">V\u00fdznam epoxid\u016f v energetice a elektropr\u016fmyslu<\/a><\/h3>\t\t\t\t<\/div>\n\t\t\t\t<div class=\"elementor-element elementor-element-87974b9 elementor-widget elementor-widget-text-editor\" data-id=\"87974b9\" data-element_type=\"widget\" data-widget_type=\"text-editor.default\">\n\t\t\t\t\t\t\t\t\t<p>Jako tradi\u010dn\u00ed materi\u00e1l pro izola\u010dn\u00ed \u00fa\u010dely v elektropr\u016fmyslu a energetice byl po dlouhou dobu pou\u017e\u00edv\u00e1n p\u0159edev\u0161\u00edm porcel\u00e1n. Po roz\u0161\u00ed\u0159en\u00ed pou\u017e\u00edv\u00e1n\u00ed epoxidov\u00fdch prysky\u0159ic a jin\u00fdch syntetick\u00fdch materi\u00e1l\u016f za\u010d\u00e1tkem druh\u00e9 poloviny 20. stolet\u00ed se za\u010daly prosazovat i v elektropr\u016fmyslu, a to kv\u016fli jednoduch\u00e9mu zpracov\u00e1n\u00ed a variabilit\u011b pou\u017eit\u00ed. Ji\u017e v\u00edce ne\u017e \u0161edes\u00e1t let<\/p>\t\t\t\t\t\t\t\t<\/div>\n\t\t\t\t<div class=\"elementor-element elementor-element-2a0803c elementor-align-center elementor-widget elementor-widget-button\" data-id=\"2a0803c\" data-element_type=\"widget\" data-widget_type=\"button.default\">\n\t\t\t\t\t\t\t\t\t\t<a class=\"elementor-button elementor-button-link elementor-size-sm\" href=\"https:\/\/spolchemie.two.testovaciverze.cz\/vyrobky\/kde-najdete-nase-vyrobky\/vyznam-epoxidu-v-energetice-a-elektroprumyslu\/\">\n\t\t\t\t\t\t<span class=\"elementor-button-content-wrapper\">\n\t\t\t\t\t\t\t\t\t<span class=\"elementor-button-text\">V\u00edce<\/span>\n\t\t\t\t\t<\/span>\n\t\t\t\t\t<\/a>\n\t\t\t\t\t\t\t\t<\/div>\n\t\t\t\t<\/div>\n\t\t\t\t\t<\/div>\n\t\t\t\t<\/div>\n\t\t\t\t<\/div>\n\t\t","protected":false},"excerpt":{"rendered":"<p>SPOLCHEMIE vyr\u00e1b\u00ed speci\u00e1ln\u00ed epoxidov\u00e9 syst\u00e9my spl\u0148uj\u00edc\u00ed normu EN 45545-2 \u017delezni\u010dn\u00ed doprava je zn\u00e1ma sv\u00fdmi v\u00fdhodami: je ekologicky \u0161etrn\u00e1, efektivn\u00ed pro p\u0159epravu velk\u00e9ho po\u010dtu osob i t\u011b\u017ek\u00fdch n\u00e1klad\u016f a rychl\u00e1. Studie ukazuj\u00ed, \u017ee m\u00e1 tak\u00e9 ni\u017e\u0161\u00ed emise sklen\u00edkov\u00fdch plyn\u016f ve srovn\u00e1n\u00ed se silni\u010dn\u00ed dopravou, co\u017e nazna\u010duje jej\u00ed velk\u00fd potenci\u00e1l pro budoucnost. Z\u00e1sadn\u00ed je ale tak\u00e9 jej\u00ed [&hellip;]<\/p>\n","protected":false},"author":8,"featured_media":0,"parent":311,"menu_order":0,"comment_status":"closed","ping_status":"closed","template":"","meta":{"_acf_changed":false,"_seopress_robots_primary_cat":"","_seopress_titles_title":"","_seopress_titles_desc":"","_seopress_robots_index":"","footnotes":"","_links_to":"","_links_to_target":""},"class_list":["post-55896","page","type-page","status-publish","hentry"],"acf":[],"_links":{"self":[{"href":"https:\/\/spolchemie.two.testovaciverze.cz\/cs\/wp-json\/wp\/v2\/pages\/55896","targetHints":{"allow":["GET"]}}],"collection":[{"href":"https:\/\/spolchemie.two.testovaciverze.cz\/cs\/wp-json\/wp\/v2\/pages"}],"about":[{"href":"https:\/\/spolchemie.two.testovaciverze.cz\/cs\/wp-json\/wp\/v2\/types\/page"}],"author":[{"embeddable":true,"href":"https:\/\/spolchemie.two.testovaciverze.cz\/cs\/wp-json\/wp\/v2\/users\/8"}],"replies":[{"embeddable":true,"href":"https:\/\/spolchemie.two.testovaciverze.cz\/cs\/wp-json\/wp\/v2\/comments?post=55896"}],"version-history":[{"count":41,"href":"https:\/\/spolchemie.two.testovaciverze.cz\/cs\/wp-json\/wp\/v2\/pages\/55896\/revisions"}],"predecessor-version":[{"id":55983,"href":"https:\/\/spolchemie.two.testovaciverze.cz\/cs\/wp-json\/wp\/v2\/pages\/55896\/revisions\/55983"}],"up":[{"embeddable":true,"href":"https:\/\/spolchemie.two.testovaciverze.cz\/cs\/wp-json\/wp\/v2\/pages\/311"}],"wp:attachment":[{"href":"https:\/\/spolchemie.two.testovaciverze.cz\/cs\/wp-json\/wp\/v2\/media?parent=55896"}],"curies":[{"name":"wp","href":"https:\/\/api.w.org\/{rel}","templated":true}]}}