{"id":2349,"date":"2023-07-11T16:47:14","date_gmt":"2023-07-11T14:47:14","guid":{"rendered":"https:\/\/spolchemie.two.testovaciverze.cz\/?page_id=2349"},"modified":"2023-07-12T15:15:12","modified_gmt":"2023-07-12T13:15:12","slug":"vzdelavani","status":"publish","type":"page","link":"https:\/\/spolchemie.two.testovaciverze.cz\/cs\/odpovedna-firma\/vzdelavani\/","title":{"rendered":"Vzd\u011bl\u00e1v\u00e1n\u00ed"},"content":{"rendered":"\t\t<div data-elementor-type=\"wp-page\" data-elementor-id=\"2349\" class=\"elementor elementor-2349\" data-elementor-post-type=\"page\">\n\t\t\t\t<div data-dce-background-image-url=\"https:\/\/spolchemie.two.testovaciverze.cz\/wp-content\/uploads\/2023\/03\/show-image-9.jpg\" class=\"elementor-element elementor-element-68e71fcc e-con-full e-flex e-con e-parent\" data-id=\"68e71fcc\" data-element_type=\"container\" data-settings=\"{&quot;background_background&quot;:&quot;classic&quot;}\">\n\t\t\t\t<\/div>\n\t\t<div class=\"elementor-element elementor-element-7ed35928 e-flex e-con-boxed e-con e-parent\" data-id=\"7ed35928\" data-element_type=\"container\" data-settings=\"{&quot;background_background&quot;:&quot;classic&quot;}\">\n\t\t\t\t\t<div class=\"e-con-inner\">\n\t\t<div class=\"elementor-element elementor-element-59198784 e-flex e-con-boxed e-con e-parent\" data-id=\"59198784\" data-element_type=\"container\">\n\t\t\t\t\t<div class=\"e-con-inner\">\n\t\t\t\t<div class=\"elementor-element elementor-element-212b3a2a elementor-widget elementor-widget-sp-breadcrumbs\" data-id=\"212b3a2a\" data-element_type=\"widget\" data-widget_type=\"sp-breadcrumbs.default\">\n\t\t\t\t<div class=\"elementor-widget-container\">\n\t\t\t\t\t<nav  aria-label=\"breadcrumb\"><ol class=\"breadcrumb\" itemscope itemtype=\"https:\/\/schema.org\/BreadcrumbList\"><li class=\"breadcrumb-item active\" aria-current=\"page\" itemprop=\"itemListElement\" itemscope itemtype=\"https:\/\/schema.org\/ListItem\"><span itemprop=\"name\">Spolchemie<\/span><meta itemprop=\"position\" content=\"1\"><\/li><\/ol><\/nav>\t\t\t\t<\/div>\n\t\t\t\t<\/div>\n\t\t\t\t<div class=\"elementor-element elementor-element-781777df elementor-widget elementor-widget-heading\" data-id=\"781777df\" data-element_type=\"widget\" data-widget_type=\"heading.default\">\n\t\t\t\t\t<h1 class=\"elementor-heading-title elementor-size-default\">Vzd\u011bl\u00e1v\u00e1n\u00ed<\/h1>\t\t\t\t<\/div>\n\t\t\t\t\t<\/div>\n\t\t\t\t<\/div>\n\t\t\t\t\t<\/div>\n\t\t\t\t<\/div>\n\t\t<div class=\"elementor-element elementor-element-3d4e9d4a e-flex e-con-boxed e-con e-parent\" data-id=\"3d4e9d4a\" data-element_type=\"container\" data-settings=\"{&quot;background_background&quot;:&quot;classic&quot;}\">\n\t\t\t\t\t<div class=\"e-con-inner\">\n\t\t<div class=\"elementor-element elementor-element-4862de0 e-flex e-con-boxed e-con e-parent\" data-id=\"4862de0\" data-element_type=\"container\">\n\t\t\t\t\t<div class=\"e-con-inner\">\n\t\t\t\t<div class=\"elementor-element elementor-element-48224bb elementor-widget elementor-widget-text-editor\" data-id=\"48224bb\" data-element_type=\"widget\" data-widget_type=\"text-editor.default\">\n\t\t\t\t\t\t\t\t\t<p>Uv\u011bdomujeme si, jak d\u016fle\u017eit\u00e9 je pro budouc\u00ed \u00fasp\u011bch na\u0161\u00ed firmy\u00a0<strong>pr\u016fb\u011b\u017en\u00e9 a c\u00edlen\u00e9 vzd\u011bl\u00e1v\u00e1n\u00ed zam\u011bstnanc\u016f<\/strong>, proto se dlouhodob\u011b v\u011bnujeme osobn\u00edmu a profesn\u00edmu r\u016fstu na\u0161ich lid\u00ed a zvy\u0161ov\u00e1n\u00ed jejich odbornosti. Podporujeme tak\u00e9\u00a0<strong>vzd\u011bl\u00e1v\u00e1n\u00ed d\u011bt\u00ed a mlad\u00fdch lid\u00ed<\/strong>, proto\u017ee v\u00edme, jak v\u00fdznamn\u011b m\u016f\u017ee ovlivnit uplatn\u011bn\u00ed jedince ve spole\u010dnosti a rozvoj regionu.<\/p><p>\u00a0<\/p><p><strong>VZD\u011aL\u00c1V\u00c1N\u00cd ZAM\u011aSTNANC\u016e<\/strong><\/p><p>N\u00e1ro\u010dn\u00e9 prost\u0159ed\u00ed, v kter\u00e9m pracujeme, vy\u017eaduje odborn\u00e9 znalosti a dovednosti a vysokou kvalitu pr\u00e1ce. Pro pos\u00edlen\u00ed odbornosti na\u0161ich zam\u011bstnanc\u016f po\u0159\u00e1d\u00e1me pravideln\u00e1 \u0161kolen\u00ed, tr\u00e9ningy a kurzy.<\/p>\t\t\t\t\t\t\t\t<\/div>\n\t\t\t\t\t<\/div>\n\t\t\t\t<\/div>\n\t\t\t\t\t<\/div>\n\t\t\t\t<\/div>\n\t\t<div class=\"elementor-element elementor-element-42002d9d e-flex e-con-boxed e-con e-parent\" data-id=\"42002d9d\" data-element_type=\"container\" data-settings=\"{&quot;background_background&quot;:&quot;classic&quot;}\">\n\t\t\t\t\t<div class=\"e-con-inner\">\n\t\t<div class=\"elementor-element elementor-element-54b8c08a e-flex e-con-boxed e-con e-parent\" data-id=\"54b8c08a\" data-element_type=\"container\">\n\t\t\t\t\t<div class=\"e-con-inner\">\n\t\t\t\t<div class=\"elementor-element elementor-element-3d95e7f9 elementor-widget elementor-widget-text-editor\" data-id=\"3d95e7f9\" data-element_type=\"widget\" data-widget_type=\"text-editor.default\">\n\t\t\t\t\t\t\t\t\t<h2>STUDIJN\u00cd PROGRAM A PODPORA<\/h2>\nPodporujeme modern\u00ed a inovativn\u00ed postupy v\u00fduky na z\u00e1kladn\u00edch \u0161kol\u00e1ch (projekty \u201eU\u010dme chemii atraktivn\u011b!\u201c). Jsme partnerem sout\u011b\u017ee\u00a0<a href=\"http:\/\/mladychemikcr.cz\/\">Mlad\u00fd chemik<\/a>\u00a0pro star\u0161\u00ed \u017e\u00e1ky z\u00e1kladn\u00edch \u0161kol.\n\nStudent\u016fm st\u0159edn\u00edch \u0161kol nab\u00edz\u00edme mo\u017enost\u00a0<strong>absolvov\u00e1n\u00ed praxe nebo st\u00e1\u017ee.<\/strong>\n\n\u00dazce spolupracujeme tak\u00e9 s vysok\u00fdmi \u0161kolami chemick\u00e9ho a p\u0159\u00edrodov\u011bdn\u00e9ho zam\u011b\u0159en\u00ed. Mimo jin\u00e9 jsme partnery\u00a0<a href=\"https:\/\/www.vscht.cz\/\">Vysok\u00e9 \u0161koly chemicko-technologick\u00e9 v Praze<\/a>\u00a0(V\u0160CHT) a m\u00e1me rozpracovan\u00fd projekt spolupr\u00e1ce s\u00a0<a href=\"https:\/\/fcht.upce.cz\/?_ga=2.239758979.1483046633.1611321493-333163033.1611321493\">Univerzitou Pardubice<\/a>\u00a0(UP). Pravideln\u011b se \u00fa\u010dastn\u00edme veletrh\u016f pracovn\u00edch p\u0159\u00edle\u017eitost\u00ed, kde se setk\u00e1v\u00e1me s vysoko\u0161kolsk\u00fdmi studenty se z\u00e1jmem o pr\u00e1ci v chemick\u00e9m pr\u016fmyslu.\n\nVysoko\u0161kolsk\u00fdm student\u016fm nab\u00edz\u00edme zaj\u00edmav\u00e1\u00a0<strong><a href=\"https:\/\/spolchemie.two.testovaciverze.cz\/stipendijni-program\/\">stipendia<\/a>\u00a0<\/strong>a absolvent\u016fm\u00a0<strong><a href=\"https:\/\/spolchemie.two.testovaciverze.cz\/trainee-program\/\">trainee program<\/a><\/strong>.\t\t\t\t\t\t\t\t<\/div>\n\t\t\t\t\t<\/div>\n\t\t\t\t<\/div>\n\t\t\t\t\t<\/div>\n\t\t\t\t<\/div>\n\t\t<div class=\"elementor-element elementor-element-dec3b2d e-flex e-con-boxed e-con e-parent\" data-id=\"dec3b2d\" data-element_type=\"container\" data-settings=\"{&quot;background_background&quot;:&quot;classic&quot;}\">\n\t\t\t\t\t<div class=\"e-con-inner\">\n\t\t<div class=\"elementor-element elementor-element-67d302b e-flex e-con-boxed e-con e-parent\" data-id=\"67d302b\" data-element_type=\"container\">\n\t\t\t\t\t<div class=\"e-con-inner\">\n\t\t\t\t<div class=\"elementor-element elementor-element-27ea073 elementor-widget elementor-widget-text-editor\" data-id=\"27ea073\" data-element_type=\"widget\" data-widget_type=\"text-editor.default\">\n\t\t\t\t\t\t\t\t\t<h2>Partnersk\u00e9 vysok\u00e9 \u0161koly<\/h2>\t\t\t\t\t\t\t\t<\/div>\n\t\t<div class=\"elementor-element elementor-element-aaf70e8 e-flex e-con-boxed e-con e-parent\" data-id=\"aaf70e8\" data-element_type=\"container\">\n\t\t\t\t\t<div class=\"e-con-inner\">\n\t\t<div class=\"elementor-element elementor-element-89bd589 e-flex e-con-boxed e-con e-parent\" data-id=\"89bd589\" data-element_type=\"container\">\n\t\t\t\t\t<div class=\"e-con-inner\">\n\t\t\t\t<div class=\"elementor-element elementor-element-4e8cd1a elementor-widget elementor-widget-image\" data-id=\"4e8cd1a\" data-element_type=\"widget\" data-widget_type=\"image.default\">\n\t\t\t\t\t\t\t\t\t\t\t\t\t\t\t<img fetchpriority=\"high\" decoding=\"async\" width=\"687\" height=\"348\" src=\"https:\/\/spolchemie.two.testovaciverze.cz\/wp-content\/uploads\/2023\/07\/vscht.png\" class=\"attachment-large size-large wp-image-2579\" alt=\"\" srcset=\"https:\/\/spolchemie.two.testovaciverze.cz\/wp-content\/uploads\/2023\/07\/vscht.png 687w, https:\/\/spolchemie.two.testovaciverze.cz\/wp-content\/uploads\/2023\/07\/vscht-300x152.png 300w\" sizes=\"(max-width: 687px) 100vw, 687px\" \/>\t\t\t\t\t\t\t\t\t\t\t\t\t\t\t<\/div>\n\t\t\t\t\t<\/div>\n\t\t\t\t<\/div>\n\t\t<div class=\"elementor-element elementor-element-12aebb9 e-flex e-con-boxed e-con e-parent\" data-id=\"12aebb9\" data-element_type=\"container\">\n\t\t\t\t\t<div class=\"e-con-inner\">\n\t\t\t\t<div class=\"elementor-element elementor-element-09bb682 elementor-widget elementor-widget-image\" data-id=\"09bb682\" data-element_type=\"widget\" data-widget_type=\"image.default\">\n\t\t\t\t\t\t\t\t\t\t\t\t\t\t\t<img decoding=\"async\" width=\"800\" height=\"357\" src=\"https:\/\/spolchemie.two.testovaciverze.cz\/wp-content\/uploads\/2023\/07\/uoft.jpeg\" class=\"attachment-large size-large wp-image-2578\" alt=\"\" \/>\t\t\t\t\t\t\t\t\t\t\t\t\t\t\t<\/div>\n\t\t\t\t\t<\/div>\n\t\t\t\t<\/div>\n\t\t\t\t\t<\/div>\n\t\t\t\t<\/div>\n\t\t\t\t\t<\/div>\n\t\t\t\t<\/div>\n\t\t\t\t\t<\/div>\n\t\t\t\t<\/div>\n\t\t<div class=\"elementor-element elementor-element-2419b023 e-flex e-con-boxed e-con e-parent\" data-id=\"2419b023\" data-element_type=\"container\" data-settings=\"{&quot;background_background&quot;:&quot;gradient&quot;}\">\n\t\t\t\t\t<div class=\"e-con-inner\">\n\t\t<div class=\"elementor-element elementor-element-535dac67 e-flex e-con-boxed e-con e-parent\" data-id=\"535dac67\" data-element_type=\"container\">\n\t\t\t\t\t<div class=\"e-con-inner\">\n\t\t\t\t<div class=\"elementor-element elementor-element-464352dd elementor-widget elementor-widget-heading\" data-id=\"464352dd\" data-element_type=\"widget\" data-widget_type=\"heading.default\">\n\t\t\t\t\t<h2 class=\"elementor-heading-title elementor-size-default\">Budoucnost d\u00edky vzd\u011bl\u00e1v\u00e1n\u00ed<\/h2>\t\t\t\t<\/div>\n\t\t\t\t<div class=\"elementor-element elementor-element-5c0c028 elementor-widget elementor-widget-text-editor\" data-id=\"5c0c028\" data-element_type=\"widget\" data-widget_type=\"text-editor.default\">\n\t\t\t\t\t\t\t\t\t<p>Vzd\u011bl\u00e1v\u00e1n\u00ed vn\u00edm\u00e1me jako d\u016fle\u017eitou sou\u010d\u00e1st na\u0161\u00ed \u010dinnosti, jako\u00a0<strong>podm\u00ednku \u00fasp\u011bchu nejen na\u0161ich zam\u011bstnanc\u016f<\/strong>\u00a0a firmy, ale i spole\u010dnosti jako celku.<\/p>\t\t\t\t\t\t\t\t<\/div>\n\t\t\t\t\t<\/div>\n\t\t\t\t<\/div>\n\t\t<div class=\"elementor-element elementor-element-123b733 e-flex e-con-boxed e-con e-parent\" data-id=\"123b733\" data-element_type=\"container\">\n\t\t\t\t\t<div class=\"e-con-inner\">\n\t\t\t\t<div class=\"elementor-element elementor-element-c5b64fb elementor-widget elementor-widget-image\" data-id=\"c5b64fb\" data-element_type=\"widget\" id=\"add-mask-left\" data-widget_type=\"image.default\">\n\t\t\t\t\t\t\t\t\t\t\t\t\t\t\t<img decoding=\"async\" width=\"800\" height=\"447\" src=\"https:\/\/spolchemie.two.testovaciverze.cz\/wp-content\/uploads\/2023\/07\/vzdelavani-1.jpeg\" class=\"attachment-large size-large wp-image-2576\" alt=\"\" srcset=\"https:\/\/spolchemie.two.testovaciverze.cz\/wp-content\/uploads\/2023\/07\/vzdelavani-1.jpeg 999w, https:\/\/spolchemie.two.testovaciverze.cz\/wp-content\/uploads\/2023\/07\/vzdelavani-1-300x168.jpeg 300w, https:\/\/spolchemie.two.testovaciverze.cz\/wp-content\/uploads\/2023\/07\/vzdelavani-1-768x429.jpeg 768w\" sizes=\"(max-width: 800px) 100vw, 800px\" \/>\t\t\t\t\t\t\t\t\t\t\t\t\t\t\t<\/div>\n\t\t\t\t\t<\/div>\n\t\t\t\t<\/div>\n\t\t\t\t\t<\/div>\n\t\t\t\t<\/div>\n\t\t<div class=\"elementor-element elementor-element-7da9fdbf e-flex e-con-boxed e-con e-parent\" data-id=\"7da9fdbf\" data-element_type=\"container\" data-settings=\"{&quot;background_background&quot;:&quot;gradient&quot;}\">\n\t\t\t\t\t<div class=\"e-con-inner\">\n\t\t<div class=\"elementor-element elementor-element-6d0da3b8 e-flex e-con-boxed e-con e-parent\" data-id=\"6d0da3b8\" data-element_type=\"container\">\n\t\t\t\t\t<div class=\"e-con-inner\">\n\t\t\t\t<div class=\"elementor-element elementor-element-532ac574 elementor-widget elementor-widget-text-editor\" data-id=\"532ac574\" data-element_type=\"widget\" data-widget_type=\"text-editor.default\">\n\t\t\t\t\t\t\t\t\t<p>Vedle vzd\u011bl\u00e1v\u00e1n\u00ed se pod\u00edl\u00edme tak\u00e9 na\u00a0<strong>propagaci chemie<\/strong>\u00a0jako\u017eto atraktivn\u00edho oboru, kter\u00fd je sou\u010d\u00e1st\u00ed na\u0161eho ka\u017edodenn\u00edho \u017eivota a kter\u00fd m\u00e1 budoucnost.<\/p>\t\t\t\t\t\t\t\t<\/div>\n\t\t\t\t\t<\/div>\n\t\t\t\t<\/div>\n\t\t<div class=\"elementor-element elementor-element-78e4cf3d e-flex e-con-boxed e-con e-parent\" data-id=\"78e4cf3d\" data-element_type=\"container\">\n\t\t\t\t\t<div class=\"e-con-inner\">\n\t\t\t\t<div class=\"elementor-element elementor-element-417f5737 elementor-widget elementor-widget-image\" data-id=\"417f5737\" data-element_type=\"widget\" data-widget_type=\"image.default\">\n\t\t\t\t\t\t\t\t\t\t\t\t\t\t\t<img loading=\"lazy\" decoding=\"async\" width=\"731\" height=\"246\" src=\"https:\/\/spolchemie.two.testovaciverze.cz\/wp-content\/uploads\/2023\/07\/vzdelavani-2.png\" class=\"attachment-large size-large wp-image-2577\" alt=\"\" srcset=\"https:\/\/spolchemie.two.testovaciverze.cz\/wp-content\/uploads\/2023\/07\/vzdelavani-2.png 731w, https:\/\/spolchemie.two.testovaciverze.cz\/wp-content\/uploads\/2023\/07\/vzdelavani-2-300x101.png 300w\" sizes=\"(max-width: 731px) 100vw, 731px\" \/>\t\t\t\t\t\t\t\t\t\t\t\t\t\t\t<\/div>\n\t\t\t\t\t<\/div>\n\t\t\t\t<\/div>\n\t\t\t\t\t<\/div>\n\t\t\t\t<\/div>\n\t\t\t\t<\/div>\n\t\t","protected":false},"excerpt":{"rendered":"<p>\u00davodn\u00ed Uv\u011bdomujeme si, jak d\u016fle\u017eit\u00e9 je pro budouc\u00ed \u00fasp\u011bch na\u0161\u00ed firmy\u00a0pr\u016fb\u011b\u017en\u00e9 a c\u00edlen\u00e9 vzd\u011bl\u00e1v\u00e1n\u00ed zam\u011bstnanc\u016f, proto se dlouhodob\u011b v\u011bnujeme osobn\u00edmu a profesn\u00edmu r\u016fstu na\u0161ich lid\u00ed a zvy\u0161ov\u00e1n\u00ed jejich odbornosti. Podporujeme tak\u00e9\u00a0vzd\u011bl\u00e1v\u00e1n\u00ed d\u011bt\u00ed a mlad\u00fdch lid\u00ed, proto\u017ee v\u00edme, jak v\u00fdznamn\u011b m\u016f\u017ee ovlivnit uplatn\u011bn\u00ed jedince ve spole\u010dnosti a rozvoj regionu. \u00a0 VZD\u011aL\u00c1V\u00c1N\u00cd ZAM\u011aSTNANC\u016e N\u00e1ro\u010dn\u00e9 prost\u0159ed\u00ed, v kter\u00e9m [&hellip;]<\/p>\n","protected":false},"author":1,"featured_media":0,"parent":404,"menu_order":0,"comment_status":"closed","ping_status":"closed","template":"","meta":{"_acf_changed":false,"_seopress_robots_primary_cat":"","_seopress_titles_title":"","_seopress_titles_desc":"","_seopress_robots_index":"","footnotes":"","_links_to":"","_links_to_target":""},"class_list":["post-2349","page","type-page","status-publish","hentry"],"acf":[],"_links":{"self":[{"href":"https:\/\/spolchemie.two.testovaciverze.cz\/cs\/wp-json\/wp\/v2\/pages\/2349","targetHints":{"allow":["GET"]}}],"collection":[{"href":"https:\/\/spolchemie.two.testovaciverze.cz\/cs\/wp-json\/wp\/v2\/pages"}],"about":[{"href":"https:\/\/spolchemie.two.testovaciverze.cz\/cs\/wp-json\/wp\/v2\/types\/page"}],"author":[{"embeddable":true,"href":"https:\/\/spolchemie.two.testovaciverze.cz\/cs\/wp-json\/wp\/v2\/users\/1"}],"replies":[{"embeddable":true,"href":"https:\/\/spolchemie.two.testovaciverze.cz\/cs\/wp-json\/wp\/v2\/comments?post=2349"}],"version-history":[{"count":5,"href":"https:\/\/spolchemie.two.testovaciverze.cz\/cs\/wp-json\/wp\/v2\/pages\/2349\/revisions"}],"predecessor-version":[{"id":2586,"href":"https:\/\/spolchemie.two.testovaciverze.cz\/cs\/wp-json\/wp\/v2\/pages\/2349\/revisions\/2586"}],"up":[{"embeddable":true,"href":"https:\/\/spolchemie.two.testovaciverze.cz\/cs\/wp-json\/wp\/v2\/pages\/404"}],"wp:attachment":[{"href":"https:\/\/spolchemie.two.testovaciverze.cz\/cs\/wp-json\/wp\/v2\/media?parent=2349"}],"curies":[{"name":"wp","href":"https:\/\/api.w.org\/{rel}","templated":true}]}}