{"id":2335,"date":"2023-07-11T16:44:09","date_gmt":"2023-07-11T14:44:09","guid":{"rendered":"https:\/\/spolchemie.two.testovaciverze.cz\/?page_id=2335"},"modified":"2023-07-27T14:00:24","modified_gmt":"2023-07-27T12:00:24","slug":"nase-hodnoty","status":"publish","type":"page","link":"https:\/\/spolchemie.two.testovaciverze.cz\/cs\/odpovedna-firma\/nase-hodnoty\/","title":{"rendered":"Na\u0161e hodnoty"},"content":{"rendered":"\t\t<div data-elementor-type=\"wp-page\" data-elementor-id=\"2335\" class=\"elementor elementor-2335\" data-elementor-post-type=\"page\">\n\t\t\t\t<div data-dce-background-image-url=\"https:\/\/spolchemie.two.testovaciverze.cz\/wp-content\/uploads\/2023\/07\/skupina-1.jpeg\" class=\"elementor-element elementor-element-161f2bb4 e-con-full e-flex e-con e-parent\" data-id=\"161f2bb4\" data-element_type=\"container\" data-settings=\"{&quot;background_background&quot;:&quot;classic&quot;}\">\n\t\t\t\t<\/div>\n\t\t<div class=\"elementor-element elementor-element-67cc9cf e-flex e-con-boxed e-con e-parent\" data-id=\"67cc9cf\" data-element_type=\"container\" data-settings=\"{&quot;background_background&quot;:&quot;classic&quot;}\">\n\t\t\t\t\t<div class=\"e-con-inner\">\n\t\t<div class=\"elementor-element elementor-element-34b9ede2 e-flex e-con-boxed e-con e-parent\" data-id=\"34b9ede2\" data-element_type=\"container\">\n\t\t\t\t\t<div class=\"e-con-inner\">\n\t\t\t\t<div class=\"elementor-element elementor-element-6d46fe6e elementor-widget elementor-widget-sp-breadcrumbs\" data-id=\"6d46fe6e\" data-element_type=\"widget\" data-widget_type=\"sp-breadcrumbs.default\">\n\t\t\t\t<div class=\"elementor-widget-container\">\n\t\t\t\t\t<nav  aria-label=\"breadcrumb\"><ol class=\"breadcrumb\" itemscope itemtype=\"https:\/\/schema.org\/BreadcrumbList\"><li class=\"breadcrumb-item active\" aria-current=\"page\" itemprop=\"itemListElement\" itemscope itemtype=\"https:\/\/schema.org\/ListItem\"><span itemprop=\"name\">Spolchemie<\/span><meta itemprop=\"position\" content=\"1\"><\/li><\/ol><\/nav>\t\t\t\t<\/div>\n\t\t\t\t<\/div>\n\t\t\t\t<div class=\"elementor-element elementor-element-48e6a506 elementor-widget elementor-widget-heading\" data-id=\"48e6a506\" data-element_type=\"widget\" data-widget_type=\"heading.default\">\n\t\t\t\t\t<h1 class=\"elementor-heading-title elementor-size-default\">Na\u0161e hodnoty<\/h1>\t\t\t\t<\/div>\n\t\t\t\t\t<\/div>\n\t\t\t\t<\/div>\n\t\t\t\t\t<\/div>\n\t\t\t\t<\/div>\n\t\t<div class=\"elementor-element elementor-element-31229f12 e-flex e-con-boxed e-con e-parent\" data-id=\"31229f12\" data-element_type=\"container\" data-settings=\"{&quot;background_background&quot;:&quot;gradient&quot;}\">\n\t\t\t\t\t<div class=\"e-con-inner\">\n\t\t<div class=\"elementor-element elementor-element-717e6b38 e-flex e-con-boxed e-con e-parent\" data-id=\"717e6b38\" data-element_type=\"container\">\n\t\t\t\t\t<div class=\"e-con-inner\">\n\t\t\t\t<div class=\"elementor-element elementor-element-5191670 elementor-widget elementor-widget-heading\" data-id=\"5191670\" data-element_type=\"widget\" data-widget_type=\"heading.default\">\n\t\t\t\t\t<h2 class=\"elementor-heading-title elementor-size-default\">Otev\u0159enost, d\u016fv\u011bra a spolupr\u00e1ce<\/h2>\t\t\t\t<\/div>\n\t\t\t\t<div class=\"elementor-element elementor-element-1daf936f elementor-widget elementor-widget-text-editor\" data-id=\"1daf936f\" data-element_type=\"widget\" data-widget_type=\"text-editor.default\">\n\t\t\t\t\t\t\t\t\t<p>Db\u00e1me na rovn\u00e9 p\u0159\u00edle\u017eitosti bez diskriminace, z\u00e1konnost, otev\u0159enost i profesion\u00e1ln\u00ed jedn\u00e1n\u00ed na\u0161ich zam\u011bstnanc\u016f. Podporujeme osobn\u00ed odpov\u011bdnost, vz\u00e1jemnou d\u016fv\u011bru a t\u00fdmovou spolupr\u00e1ci.<\/p>\t\t\t\t\t\t\t\t<\/div>\n\t\t\t\t\t<\/div>\n\t\t\t\t<\/div>\n\t\t<div class=\"elementor-element elementor-element-3a1e3906 e-flex e-con-boxed e-con e-parent\" data-id=\"3a1e3906\" data-element_type=\"container\">\n\t\t\t\t\t<div class=\"e-con-inner\">\n\t\t\t\t<div class=\"elementor-element elementor-element-1f58125d elementor-widget elementor-widget-image\" data-id=\"1f58125d\" data-element_type=\"widget\" id=\"add-mask-left\" data-widget_type=\"image.default\">\n\t\t\t\t\t\t\t\t\t\t\t\t\t\t\t<img fetchpriority=\"high\" decoding=\"async\" width=\"800\" height=\"449\" src=\"https:\/\/spolchemie.two.testovaciverze.cz\/wp-content\/uploads\/2023\/07\/hodnoty-1-1024x575.jpeg\" class=\"attachment-large size-large wp-image-2498\" alt=\"\" srcset=\"https:\/\/spolchemie.two.testovaciverze.cz\/wp-content\/uploads\/2023\/07\/hodnoty-1-1024x575.jpeg 1024w, https:\/\/spolchemie.two.testovaciverze.cz\/wp-content\/uploads\/2023\/07\/hodnoty-1-300x168.jpeg 300w, https:\/\/spolchemie.two.testovaciverze.cz\/wp-content\/uploads\/2023\/07\/hodnoty-1-768x431.jpeg 768w, https:\/\/spolchemie.two.testovaciverze.cz\/wp-content\/uploads\/2023\/07\/hodnoty-1-1536x862.jpeg 1536w, https:\/\/spolchemie.two.testovaciverze.cz\/wp-content\/uploads\/2023\/07\/hodnoty-1.jpeg 1600w\" sizes=\"(max-width: 800px) 100vw, 800px\" \/>\t\t\t\t\t\t\t\t\t\t\t\t\t\t\t<\/div>\n\t\t\t\t\t<\/div>\n\t\t\t\t<\/div>\n\t\t\t\t\t<\/div>\n\t\t\t\t<\/div>\n\t\t<div class=\"elementor-element elementor-element-943cc6d e-flex e-con-boxed e-con e-parent\" data-id=\"943cc6d\" data-element_type=\"container\" data-settings=\"{&quot;background_background&quot;:&quot;classic&quot;}\">\n\t\t\t\t\t<div class=\"e-con-inner\">\n\t\t<div class=\"elementor-element elementor-element-c11f5c4 e-con-full e-flex e-con e-parent\" data-id=\"c11f5c4\" data-element_type=\"container\">\n\t\t\t\t<div class=\"elementor-element elementor-element-d204935 elementor-widget elementor-widget-text-editor\" data-id=\"d204935\" data-element_type=\"widget\" data-widget_type=\"text-editor.default\">\n\t\t\t\t\t\t\t\t\t<h2>NA\u0160E Z\u00c1KLADN\u00cd HODNOTY<\/h2><p><strong>ODBORNOST<\/strong><br \/>Jsme hrd\u00ed na na\u0161e dlouhodob\u011b budovan\u00e9 technick\u00e9 dovednosti spojuj\u00edc\u00ed hlubokou znalost chemie a kvalitu odveden\u00e9 pr\u00e1ce. \u00a0 \u00a0<\/p><p><strong>SPOLUODPOV\u011aDNOST<\/strong>\u00a0<br \/>Aktivn\u011b se zapojujeme do hled\u00e1n\u00ed \u0159e\u0161en\u00ed, bereme na sebe odpov\u011bdnost za p\u0159ijat\u00e1 rozhodnut\u00ed a za dosa\u017een\u00ed v\u00fdsledk\u016f, ke kter\u00fdm jsme se zav\u00e1zali. Uv\u011bdomujeme si svou odpov\u011bdnost p\u0159i prevenci hav\u00e1ri\u00ed i ochran\u011b \u017eivotn\u00edho prost\u0159ed\u00ed, zdrav\u00ed zam\u011bstnanc\u016f a obyvatel m\u011bsta.\u00a0<\/p><p><strong>INOVACE<\/strong><br \/>Trvale prohlubujeme a roz\u0161i\u0159ujeme na\u0161e znalosti a dovednosti. Usilujeme o v\u00fdvoj nov\u00fdch produkt\u016f a technologi\u00ed a st\u00e1le zlep\u0161ujeme pracovn\u00ed postupy.\u00a0<\/p><p><strong>ORIENTACE NA Z\u00c1KAZN\u00cdKA<\/strong><br \/>Jsme vn\u00edmav\u00ed k na\u0161im z\u00e1kazn\u00edk\u016fm, reagujeme pru\u017en\u011b a pln\u00edme na\u0161e z\u00e1vazky tak, aby s n\u00e1mi z\u016fst\u00e1vali a doporu\u010dovali n\u00e1s sv\u00fdm obchodn\u00edm partner\u016fm. \u00a0\u00a0<\/p><p><strong>T\u00ddMOV\u00c1 SPOLUPR\u00c1CE<\/strong><br \/>V\u00e1\u017e\u00edme si na\u0161ich kolegy\u0148 a koleg\u016f. T\u00e1hneme za jeden provaz a d\u011bl\u00e1me v\u0161e proto, abychom byli d\u016fv\u011bryhodn\u00fdm partnerem pro na\u0161e z\u00e1kazn\u00edky, dodavatele a ve\u0159ejnost. \u00a0<\/p>\t\t\t\t\t\t\t\t<\/div>\n\t\t\t\t<\/div>\n\t\t<div class=\"elementor-element elementor-element-5f7cdee e-con-full e-flex e-con e-parent\" data-id=\"5f7cdee\" data-element_type=\"container\">\n\t\t\t\t<div class=\"elementor-element elementor-element-be3896e elementor-widget elementor-widget-image\" data-id=\"be3896e\" data-element_type=\"widget\" data-widget_type=\"image.default\">\n\t\t\t\t\t\t\t\t\t\t\t\t\t\t\t<img decoding=\"async\" width=\"800\" height=\"533\" src=\"https:\/\/spolchemie.two.testovaciverze.cz\/wp-content\/uploads\/2023\/07\/hodnoty-2.jpeg\" class=\"attachment-large size-large wp-image-2503\" alt=\"\" srcset=\"https:\/\/spolchemie.two.testovaciverze.cz\/wp-content\/uploads\/2023\/07\/hodnoty-2.jpeg 900w, https:\/\/spolchemie.two.testovaciverze.cz\/wp-content\/uploads\/2023\/07\/hodnoty-2-300x200.jpeg 300w, https:\/\/spolchemie.two.testovaciverze.cz\/wp-content\/uploads\/2023\/07\/hodnoty-2-768x512.jpeg 768w\" sizes=\"(max-width: 800px) 100vw, 800px\" \/>\t\t\t\t\t\t\t\t\t\t\t\t\t\t\t<\/div>\n\t\t\t\t<\/div>\n\t\t\t\t\t<\/div>\n\t\t\t\t<\/div>\n\t\t<div data-dce-background-color=\"#EAEAEA\" class=\"elementor-element elementor-element-8b4a2b0 e-flex e-con-boxed e-con e-parent\" data-id=\"8b4a2b0\" data-element_type=\"container\" data-settings=\"{&quot;background_background&quot;:&quot;classic&quot;}\">\n\t\t\t\t\t<div class=\"e-con-inner\">\n\t\t<div class=\"elementor-element elementor-element-986a962 e-flex e-con-boxed e-con e-parent\" data-id=\"986a962\" data-element_type=\"container\">\n\t\t\t\t\t<div class=\"e-con-inner\">\n\t\t\t\t<div class=\"elementor-element elementor-element-43604d1 elementor-widget elementor-widget-text-editor\" data-id=\"43604d1\" data-element_type=\"widget\" data-widget_type=\"text-editor.default\">\n\t\t\t\t\t\t\t\t\t<p><strong>MISE<\/strong><br \/>Spole\u010dn\u011b zlep\u0161ujeme kvalitu \u017eivota lid\u00ed prost\u0159ednictv\u00edm inovac\u00ed v chemii.<\/p><p><strong>VIZE<\/strong><br \/>B\u00fdt vzorem modern\u00ed chemick\u00e9 spole\u010dnosti orientovan\u00e9 na v\u00fdzkum a inovace, kter\u00e1 je p\u0159edn\u00edm v\u00fdrobcem hydroxid\u016f, progresivn\u00edch chlorovan\u00fdch deriv\u00e1t\u016f \u00a0a pat\u0159\u00ed mezi \u0161pi\u010dku v\u00fdrobc\u016f syntetick\u00fdch prysky\u0159ic v \u00a0Evrop\u011b.<\/p>\t\t\t\t\t\t\t\t<\/div>\n\t\t\t\t\t<\/div>\n\t\t\t\t<\/div>\n\t\t\t\t\t<\/div>\n\t\t\t\t<\/div>\n\t\t<div data-dce-background-image-url=\"https:\/\/spolchemie.two.testovaciverze.cz\/wp-content\/uploads\/2023\/03\/show-image-13.jpg\" class=\"elementor-element elementor-element-37b69a2 e-flex e-con-boxed e-con e-parent\" data-id=\"37b69a2\" data-element_type=\"container\" data-settings=\"{&quot;background_background&quot;:&quot;classic&quot;}\">\n\t\t\t\t\t<div class=\"e-con-inner\">\n\t\t<div class=\"elementor-element elementor-element-f26e8d1 e-flex e-con-boxed e-con e-parent\" data-id=\"f26e8d1\" data-element_type=\"container\">\n\t\t\t\t\t<div class=\"e-con-inner\">\n\t\t\t\t<div class=\"elementor-element elementor-element-93d934a elementor-widget elementor-widget-text-editor\" data-id=\"93d934a\" data-element_type=\"widget\" data-widget_type=\"text-editor.default\">\n\t\t\t\t\t\t\t\t\t<h3>ETICK\u00dd KODEX<\/h3>\t\t\t\t\t\t\t\t<\/div>\n\t\t\t\t<div class=\"elementor-element elementor-element-f4b8292 elementor-widget elementor-widget-text-editor\" data-id=\"f4b8292\" data-element_type=\"widget\" data-widget_type=\"text-editor.default\">\n\t\t\t\t\t\t\t\t\t<p>P\u0159ijali jsme a v ka\u017edodenn\u00ed \u010dinnosti uplat\u0148ujeme\u00a0<strong><a href=\"\/ostatni\/eticky-kodex\/\">Etick\u00fd kodex<\/a><\/strong>, kter\u00fd stanovuje z<strong>\u00e1kladn\u00ed r\u00e1mec chov\u00e1n\u00ed na\u0161ich zam\u011bstnanc\u016f i managementu.<\/strong><\/p>\t\t\t\t\t\t\t\t<\/div>\n\t\t\t\t\t<\/div>\n\t\t\t\t<\/div>\n\t\t\t\t\t<\/div>\n\t\t\t\t<\/div>\n\t\t\t\t<\/div>\n\t\t","protected":false},"excerpt":{"rendered":"<p>\u00davodn\u00ed Otev\u0159enost, d\u016fv\u011bra a spolupr\u00e1ce Db\u00e1me na rovn\u00e9 p\u0159\u00edle\u017eitosti bez diskriminace, z\u00e1konnost, otev\u0159enost i profesion\u00e1ln\u00ed jedn\u00e1n\u00ed na\u0161ich zam\u011bstnanc\u016f. Podporujeme osobn\u00ed odpov\u011bdnost, vz\u00e1jemnou d\u016fv\u011bru a t\u00fdmovou spolupr\u00e1ci. NA\u0160E Z\u00c1KLADN\u00cd HODNOTY ODBORNOSTJsme hrd\u00ed na na\u0161e dlouhodob\u011b budovan\u00e9 technick\u00e9 dovednosti spojuj\u00edc\u00ed hlubokou znalost chemie a kvalitu odveden\u00e9 pr\u00e1ce. \u00a0 \u00a0 SPOLUODPOV\u011aDNOST\u00a0Aktivn\u011b se zapojujeme do hled\u00e1n\u00ed \u0159e\u0161en\u00ed, bereme na [&hellip;]<\/p>\n","protected":false},"author":1,"featured_media":0,"parent":404,"menu_order":0,"comment_status":"closed","ping_status":"closed","template":"","meta":{"_acf_changed":false,"_seopress_robots_primary_cat":"","_seopress_titles_title":"","_seopress_titles_desc":"","_seopress_robots_index":"","footnotes":"","_links_to":"","_links_to_target":""},"class_list":["post-2335","page","type-page","status-publish","hentry"],"acf":[],"_links":{"self":[{"href":"https:\/\/spolchemie.two.testovaciverze.cz\/cs\/wp-json\/wp\/v2\/pages\/2335","targetHints":{"allow":["GET"]}}],"collection":[{"href":"https:\/\/spolchemie.two.testovaciverze.cz\/cs\/wp-json\/wp\/v2\/pages"}],"about":[{"href":"https:\/\/spolchemie.two.testovaciverze.cz\/cs\/wp-json\/wp\/v2\/types\/page"}],"author":[{"embeddable":true,"href":"https:\/\/spolchemie.two.testovaciverze.cz\/cs\/wp-json\/wp\/v2\/users\/1"}],"replies":[{"embeddable":true,"href":"https:\/\/spolchemie.two.testovaciverze.cz\/cs\/wp-json\/wp\/v2\/comments?post=2335"}],"version-history":[{"count":13,"href":"https:\/\/spolchemie.two.testovaciverze.cz\/cs\/wp-json\/wp\/v2\/pages\/2335\/revisions"}],"predecessor-version":[{"id":3843,"href":"https:\/\/spolchemie.two.testovaciverze.cz\/cs\/wp-json\/wp\/v2\/pages\/2335\/revisions\/3843"}],"up":[{"embeddable":true,"href":"https:\/\/spolchemie.two.testovaciverze.cz\/cs\/wp-json\/wp\/v2\/pages\/404"}],"wp:attachment":[{"href":"https:\/\/spolchemie.two.testovaciverze.cz\/cs\/wp-json\/wp\/v2\/media?parent=2335"}],"curies":[{"name":"wp","href":"https:\/\/api.w.org\/{rel}","templated":true}]}}