{"id":2309,"date":"2023-07-10T17:47:56","date_gmt":"2023-07-10T15:47:56","guid":{"rendered":"https:\/\/spolchemie.two.testovaciverze.cz\/?page_id=2309"},"modified":"2023-10-16T14:19:17","modified_gmt":"2023-10-16T12:19:17","slug":"sponzoring","status":"publish","type":"page","link":"https:\/\/spolchemie.two.testovaciverze.cz\/cs\/odpovedna-firma\/sponzoring\/","title":{"rendered":"Sponzoring"},"content":{"rendered":"\t\t<div data-elementor-type=\"wp-page\" data-elementor-id=\"2309\" class=\"elementor elementor-2309\" data-elementor-post-type=\"page\">\n\t\t\t\t<div data-dce-background-image-url=\"https:\/\/spolchemie.two.testovaciverze.cz\/wp-content\/uploads\/2023\/07\/sponzor-1.png\" class=\"elementor-element elementor-element-5e0112c7 e-con-full e-flex e-con e-parent\" data-id=\"5e0112c7\" data-element_type=\"container\" data-settings=\"{&quot;background_background&quot;:&quot;classic&quot;}\">\n\t\t\t\t<\/div>\n\t\t<div class=\"elementor-element elementor-element-62a71a4a e-flex e-con-boxed e-con e-parent\" data-id=\"62a71a4a\" data-element_type=\"container\" data-settings=\"{&quot;background_background&quot;:&quot;classic&quot;}\">\n\t\t\t\t\t<div class=\"e-con-inner\">\n\t\t<div class=\"elementor-element elementor-element-3a35b12b e-flex e-con-boxed e-con e-child\" data-id=\"3a35b12b\" data-element_type=\"container\">\n\t\t\t\t\t<div class=\"e-con-inner\">\n\t\t\t\t<div class=\"elementor-element elementor-element-1df5c8e3 elementor-widget elementor-widget-sp-breadcrumbs\" data-id=\"1df5c8e3\" data-element_type=\"widget\" data-widget_type=\"sp-breadcrumbs.default\">\n\t\t\t\t<div class=\"elementor-widget-container\">\n\t\t\t\t\t<nav  aria-label=\"breadcrumb\"><ol class=\"breadcrumb\" itemscope itemtype=\"https:\/\/schema.org\/BreadcrumbList\"><li class=\"breadcrumb-item active\" aria-current=\"page\" itemprop=\"itemListElement\" itemscope itemtype=\"https:\/\/schema.org\/ListItem\"><span itemprop=\"name\">Spolchemie<\/span><meta itemprop=\"position\" content=\"1\"><\/li><\/ol><\/nav>\t\t\t\t<\/div>\n\t\t\t\t<\/div>\n\t\t\t\t<div class=\"elementor-element elementor-element-38e123a7 elementor-widget elementor-widget-heading\" data-id=\"38e123a7\" data-element_type=\"widget\" data-widget_type=\"heading.default\">\n\t\t\t\t\t<h1 class=\"elementor-heading-title elementor-size-default\">Sponzoring<\/h1>\t\t\t\t<\/div>\n\t\t\t\t\t<\/div>\n\t\t\t\t<\/div>\n\t\t\t\t\t<\/div>\n\t\t\t\t<\/div>\n\t\t<div class=\"elementor-element elementor-element-498eb50d e-flex e-con-boxed e-con e-parent\" data-id=\"498eb50d\" data-element_type=\"container\" data-settings=\"{&quot;background_background&quot;:&quot;classic&quot;}\">\n\t\t\t\t\t<div class=\"e-con-inner\">\n\t\t<div class=\"elementor-element elementor-element-e4634f3 e-flex e-con-boxed e-con e-child\" data-id=\"e4634f3\" data-element_type=\"container\">\n\t\t\t\t\t<div class=\"e-con-inner\">\n\t\t\t\t<div class=\"elementor-element elementor-element-5b8ba429 elementor-widget elementor-widget-heading\" data-id=\"5b8ba429\" data-element_type=\"widget\" data-widget_type=\"heading.default\">\n\t\t\t\t\t<div class=\"elementor-heading-title elementor-size-default\">MINIGRANTY OD SPOLCHEMIE: Po\u0159\u00e1d\u00e1te akci nebo chyst\u00e1te projekt, kter\u00fd p\u0159inese prosp\u011bch a podporu lidem v \u00dasteck\u00e9m kraji?<\/div>\t\t\t\t<\/div>\n\t\t\t\t<div class=\"elementor-element elementor-element-386b5504 elementor-widget elementor-widget-text-editor\" data-id=\"386b5504\" data-element_type=\"widget\" data-widget_type=\"text-editor.default\">\n\t\t\t\t\t\t\t\t\t<div id=\"block_6999\" class=\"page_block individual_font_size_1 text_align_left vertical_align_top special_image_vertical_align_top block_template_100\"><article class=\"block_template_100\"><div class=\"html\"><p>Pokud Va\u0161e aktivita spad\u00e1 do jedn\u00e9 z n\u00e1sleduj\u00edc\u00edch kategori\u00ed:<\/p><ul><li><strong>Zdrav\u00e9 t\u011blo<\/strong>\u00a0(d\u011btsk\u00fd a amat\u00e9rsk\u00fd sport, ozdravn\u00e9 pobyty, seniorsk\u00e9 aktivity, turistika apod.)<\/li><li><strong>Bystr\u00fd rozum<\/strong>\u00a0(vzd\u011bl\u00e1v\u00e1n\u00ed, kulturn\u00ed aktivity)<\/li><li><strong>\u010cist\u00e1 p\u0159\u00edroda<\/strong>\u00a0(ochrana \u017eivotn\u00edho prost\u0159ed\u00ed)<\/li><\/ul><p>m\u016f\u017eete prost\u0159ednictv\u00edm formul\u00e1\u0159e na na\u0161em webu po\u017e\u00e1dat o finan\u010dn\u00ed minigrant na podporu Va\u0161\u00ed akce od spole\u010dnosti SPOLCHEMIE (Spolek pro chemickou a hutn\u00ed v\u00fdrobu, akciov\u00e1 spole\u010dnost). O podporu pr\u00e1v\u011b Va\u0161\u00ed akce rozhodne komise, slo\u017een\u00e1 ze z\u00e1stupc\u016f SPOLCHEMIE.<\/p><p><strong>V\u00fd\u0161e Va\u0161eho p\u0159\u00edsp\u011bvku m\u016f\u017ee \u010dinit a\u017e 10.000 K\u010d na jednu akci.<\/strong><\/p><\/div><\/article><\/div><div id=\"block_6961\" class=\"page_block individual_font_size_1 text_align_left vertical_align_top special_image_vertical_align_top block_template_901\"><article class=\"block_template_901\"><div class=\"html\"><section class=\"subpages-list\"><ul><li><span style=\"text-decoration: underline;\"><a class=\"\" href=\"\/odpovedna-firma\/sponzoring\/jak-pozadat\/\">Jak po\u017e\u00e1dat<\/a><\/span><\/li><li><span style=\"text-decoration: underline;\"><a class=\"\" href=\"\/odpovedna-firma\/sponzoring\/pravidla-akce\/\">Pravidla akce<\/a><\/span><\/li><li><span style=\"text-decoration: underline;\"><a class=\"\" href=\"https:\/\/spolchemie.two.testovaciverze.cz\/odpovedna-firma\/sponzoring\/terminy-a-komise\/\">Term\u00edny a komise<\/a><\/span><\/li><li><span style=\"text-decoration: underline;\"><a class=\"\" href=\"\/odpovedna-firma\/sponzoring\/prehled-zadosti\/\">P\u0159ehled \u017e\u00e1dost\u00ed<\/a><\/span><\/li><\/ul><\/section><\/div><\/article><\/div>\t\t\t\t\t\t\t\t<\/div>\n\t\t\t\t\t<\/div>\n\t\t\t\t<\/div>\n\t\t\t\t\t<\/div>\n\t\t\t\t<\/div>\n\t\t\t\t<\/div>\n\t\t","protected":false},"excerpt":{"rendered":"<p>Spolchemie MINIGRANTY OD SPOLCHEMIE: Po\u0159\u00e1d\u00e1te akci nebo chyst\u00e1te projekt, kter\u00fd p\u0159inese prosp\u011bch a podporu lidem v \u00dasteck\u00e9m kraji? Pokud Va\u0161e aktivita spad\u00e1 do jedn\u00e9 z n\u00e1sleduj\u00edc\u00edch kategori\u00ed: Zdrav\u00e9 t\u011blo\u00a0(d\u011btsk\u00fd a amat\u00e9rsk\u00fd sport, ozdravn\u00e9 pobyty, seniorsk\u00e9 aktivity, turistika apod.) Bystr\u00fd rozum\u00a0(vzd\u011bl\u00e1v\u00e1n\u00ed, kulturn\u00ed aktivity) \u010cist\u00e1 p\u0159\u00edroda\u00a0(ochrana \u017eivotn\u00edho prost\u0159ed\u00ed) m\u016f\u017eete prost\u0159ednictv\u00edm formul\u00e1\u0159e na na\u0161em webu po\u017e\u00e1dat o finan\u010dn\u00ed [&hellip;]<\/p>\n","protected":false},"author":1,"featured_media":0,"parent":404,"menu_order":0,"comment_status":"closed","ping_status":"closed","template":"","meta":{"_acf_changed":false,"_seopress_robots_primary_cat":"","_seopress_titles_title":"","_seopress_titles_desc":"","_seopress_robots_index":"","footnotes":"","_links_to":"","_links_to_target":""},"class_list":["post-2309","page","type-page","status-publish","hentry"],"acf":[],"_links":{"self":[{"href":"https:\/\/spolchemie.two.testovaciverze.cz\/cs\/wp-json\/wp\/v2\/pages\/2309","targetHints":{"allow":["GET"]}}],"collection":[{"href":"https:\/\/spolchemie.two.testovaciverze.cz\/cs\/wp-json\/wp\/v2\/pages"}],"about":[{"href":"https:\/\/spolchemie.two.testovaciverze.cz\/cs\/wp-json\/wp\/v2\/types\/page"}],"author":[{"embeddable":true,"href":"https:\/\/spolchemie.two.testovaciverze.cz\/cs\/wp-json\/wp\/v2\/users\/1"}],"replies":[{"embeddable":true,"href":"https:\/\/spolchemie.two.testovaciverze.cz\/cs\/wp-json\/wp\/v2\/comments?post=2309"}],"version-history":[{"count":19,"href":"https:\/\/spolchemie.two.testovaciverze.cz\/cs\/wp-json\/wp\/v2\/pages\/2309\/revisions"}],"predecessor-version":[{"id":10110,"href":"https:\/\/spolchemie.two.testovaciverze.cz\/cs\/wp-json\/wp\/v2\/pages\/2309\/revisions\/10110"}],"up":[{"embeddable":true,"href":"https:\/\/spolchemie.two.testovaciverze.cz\/cs\/wp-json\/wp\/v2\/pages\/404"}],"wp:attachment":[{"href":"https:\/\/spolchemie.two.testovaciverze.cz\/cs\/wp-json\/wp\/v2\/media?parent=2309"}],"curies":[{"name":"wp","href":"https:\/\/api.w.org\/{rel}","templated":true}]}}