{"id":204,"date":"2023-03-28T16:32:59","date_gmt":"2023-03-28T14:32:59","guid":{"rendered":"https:\/\/spolchemie.two.testovaciverze.cz\/?page_id=204"},"modified":"2025-05-11T18:22:42","modified_gmt":"2025-05-11T16:22:42","slug":"o-nas","status":"publish","type":"page","link":"https:\/\/spolchemie.two.testovaciverze.cz\/cs\/o-nas\/","title":{"rendered":"O n\u00e1s"},"content":{"rendered":"\t\t<div data-elementor-type=\"wp-page\" data-elementor-id=\"204\" class=\"elementor elementor-204\" data-elementor-post-type=\"page\">\n\t\t\t\t<div data-dce-background-image-url=\"https:\/\/spolchemie.two.testovaciverze.cz\/wp-content\/uploads\/2023\/03\/show-image-9.jpg\" class=\"elementor-element elementor-element-39fdfb46 e-con-full e-flex e-con e-parent\" data-id=\"39fdfb46\" data-element_type=\"container\" data-settings=\"{&quot;background_background&quot;:&quot;classic&quot;}\">\n\t\t\t\t<\/div>\n\t\t<div class=\"elementor-element elementor-element-70308a83 e-flex e-con-boxed e-con e-parent\" data-id=\"70308a83\" data-element_type=\"container\" data-settings=\"{&quot;background_background&quot;:&quot;classic&quot;}\">\n\t\t\t\t\t<div class=\"e-con-inner\">\n\t\t<div class=\"elementor-element elementor-element-3198bddb e-flex e-con-boxed e-con e-child\" data-id=\"3198bddb\" data-element_type=\"container\">\n\t\t\t\t\t<div class=\"e-con-inner\">\n\t\t\t\t<div class=\"elementor-element elementor-element-6e83bc3 elementor-widget elementor-widget-sp-breadcrumbs\" data-id=\"6e83bc3\" data-element_type=\"widget\" data-widget_type=\"sp-breadcrumbs.default\">\n\t\t\t\t<div class=\"elementor-widget-container\">\n\t\t\t\t\t<nav  aria-label=\"breadcrumb\"><ol class=\"breadcrumb\" itemscope itemtype=\"https:\/\/schema.org\/BreadcrumbList\"><li class=\"breadcrumb-item active\" aria-current=\"page\" itemprop=\"itemListElement\" itemscope itemtype=\"https:\/\/schema.org\/ListItem\"><span itemprop=\"name\">Spolchemie<\/span><meta itemprop=\"position\" content=\"1\"><\/li><\/ol><\/nav>\t\t\t\t<\/div>\n\t\t\t\t<\/div>\n\t\t\t\t<div class=\"elementor-element elementor-element-132534f elementor-widget elementor-widget-heading\" data-id=\"132534f\" data-element_type=\"widget\" data-widget_type=\"heading.default\">\n\t\t\t\t\t<h1 class=\"elementor-heading-title elementor-size-default\">O n\u00e1s<\/h1>\t\t\t\t<\/div>\n\t\t\t\t\t<\/div>\n\t\t\t\t<\/div>\n\t\t\t\t\t<\/div>\n\t\t\t\t<\/div>\n\t\t<div class=\"elementor-element elementor-element-19e0c326 e-flex e-con-boxed e-con e-parent\" data-id=\"19e0c326\" data-element_type=\"container\" data-settings=\"{&quot;background_background&quot;:&quot;gradient&quot;}\">\n\t\t\t\t\t<div class=\"e-con-inner\">\n\t\t<div class=\"elementor-element elementor-element-5dc4f488 e-flex e-con-boxed e-con e-child\" data-id=\"5dc4f488\" data-element_type=\"container\">\n\t\t\t\t\t<div class=\"e-con-inner\">\n\t\t\t\t<div class=\"elementor-element elementor-element-3a25f4c3 elementor-widget elementor-widget-heading\" data-id=\"3a25f4c3\" data-element_type=\"widget\" data-widget_type=\"heading.default\">\n\t\t\t\t\t<h2 class=\"elementor-heading-title elementor-size-default\">SPOLCHEMIE<\/h2>\t\t\t\t<\/div>\n\t\t\t\t<div class=\"elementor-element elementor-element-4f72cf84 elementor-widget elementor-widget-text-editor\" data-id=\"4f72cf84\" data-element_type=\"widget\" data-widget_type=\"text-editor.default\">\n\t\t\t\t\t\t\t\t\t<p>je <strong>\u010desk\u00e1 chemick\u00e1 spole\u010dnost<\/strong> s tradic\u00ed sahaj\u00edc\u00ed a\u017e do roku 1856. Dnes pat\u0159\u00edme mezi p\u0159edn\u00ed evropsk\u00e9 v\u00fdrobce <strong>syntetick\u00fdch prysky\u0159ic<\/strong>. N\u00e1\u0161 z\u00e1kladn\u00ed sortiment tvo\u0159\u00ed epoxidov\u00e9 a alkydov\u00e9 prysky\u0159ice, hydroxidy a chlorov\u00e9 deriv\u00e1ty, tvrdidla a rozpou\u0161t\u011bdla. Na\u0161e v\u00fdrobky nach\u00e1z\u00ed uplatn\u011bn\u00ed v automobilov\u00e9m, stavebn\u00edm, energetick\u00e9m, elektrotechnick\u00e9m, farmaceutick\u00e9m pr\u016fmyslu a\u00a0 mnoha dal\u0161\u00edch odv\u011btv\u00edch.<\/p>\t\t\t\t\t\t\t\t<\/div>\n\t\t\t\t\t<\/div>\n\t\t\t\t<\/div>\n\t\t<div class=\"elementor-element elementor-element-14a13f8 e-flex e-con-boxed e-con e-child\" data-id=\"14a13f8\" data-element_type=\"container\">\n\t\t\t\t\t<div class=\"e-con-inner\">\n\t\t\t\t<div class=\"elementor-element elementor-element-2421bdaa elementor-widget elementor-widget-image\" data-id=\"2421bdaa\" data-element_type=\"widget\" id=\"add-mask-left\" data-widget_type=\"image.default\">\n\t\t\t\t\t\t\t\t\t\t\t\t\t\t\t<img fetchpriority=\"high\" decoding=\"async\" width=\"800\" height=\"533\" src=\"https:\/\/spolchemie.two.testovaciverze.cz\/wp-content\/uploads\/2023\/03\/show-image-1-1024x682.jpg\" class=\"attachment-large size-large wp-image-86\" alt=\"\" srcset=\"https:\/\/spolchemie.two.testovaciverze.cz\/wp-content\/uploads\/2023\/03\/show-image-1-1024x682.jpg 1024w, https:\/\/spolchemie.two.testovaciverze.cz\/wp-content\/uploads\/2023\/03\/show-image-1-300x200.jpg 300w, https:\/\/spolchemie.two.testovaciverze.cz\/wp-content\/uploads\/2023\/03\/show-image-1-768x511.jpg 768w, https:\/\/spolchemie.two.testovaciverze.cz\/wp-content\/uploads\/2023\/03\/show-image-1-1536x1022.jpg 1536w, https:\/\/spolchemie.two.testovaciverze.cz\/wp-content\/uploads\/2023\/03\/show-image-1.jpg 2048w\" sizes=\"(max-width: 800px) 100vw, 800px\" \/>\t\t\t\t\t\t\t\t\t\t\t\t\t\t\t<\/div>\n\t\t\t\t\t<\/div>\n\t\t\t\t<\/div>\n\t\t\t\t\t<\/div>\n\t\t\t\t<\/div>\n\t\t<div class=\"elementor-element elementor-element-b24bac4 e-flex e-con-boxed e-con e-parent\" data-id=\"b24bac4\" data-element_type=\"container\">\n\t\t\t\t\t<div class=\"e-con-inner\">\n\t\t<div class=\"elementor-element elementor-element-5bfb8ee e-flex e-con-boxed e-con e-child\" data-id=\"5bfb8ee\" data-element_type=\"container\">\n\t\t\t\t\t<div class=\"e-con-inner\">\n\t\t\t\t<div class=\"elementor-element elementor-element-b9a09ea elementor-widget elementor-widget-image\" data-id=\"b9a09ea\" data-element_type=\"widget\" data-widget_type=\"image.default\">\n\t\t\t\t\t\t\t\t\t\t\t\t\t\t\t\t<a href=\"\/cs\/o-nas\/historie\/\">\n\t\t\t\t\t\t\t<img decoding=\"async\" width=\"800\" height=\"600\" src=\"https:\/\/spolchemie.two.testovaciverze.cz\/wp-content\/uploads\/2023\/03\/show-image-5.jpg\" class=\"attachment-large size-large wp-image-115\" alt=\"\" srcset=\"https:\/\/spolchemie.two.testovaciverze.cz\/wp-content\/uploads\/2023\/03\/show-image-5.jpg 800w, https:\/\/spolchemie.two.testovaciverze.cz\/wp-content\/uploads\/2023\/03\/show-image-5-300x225.jpg 300w, https:\/\/spolchemie.two.testovaciverze.cz\/wp-content\/uploads\/2023\/03\/show-image-5-768x576.jpg 768w\" sizes=\"(max-width: 800px) 100vw, 800px\" \/>\t\t\t\t\t\t\t\t<\/a>\n\t\t\t\t\t\t\t\t\t\t\t\t\t\t\t<\/div>\n\t\t\t\t<div class=\"elementor-element elementor-element-2e36d79 elementor-widget elementor-widget-heading\" data-id=\"2e36d79\" data-element_type=\"widget\" data-widget_type=\"heading.default\">\n\t\t\t\t\t<h2 class=\"elementor-heading-title elementor-size-default\"><a href=\"\/cs\/o-nas\/historie\/\">Historie<\/a><\/h2>\t\t\t\t<\/div>\n\t\t\t\t\t<\/div>\n\t\t\t\t<\/div>\n\t\t<div class=\"elementor-element elementor-element-95b1d80 e-flex e-con-boxed e-con e-child\" data-id=\"95b1d80\" data-element_type=\"container\">\n\t\t\t\t\t<div class=\"e-con-inner\">\n\t\t\t\t<div class=\"elementor-element elementor-element-5c07dbc elementor-widget elementor-widget-image\" data-id=\"5c07dbc\" data-element_type=\"widget\" data-widget_type=\"image.default\">\n\t\t\t\t\t\t\t\t\t\t\t\t\t\t\t\t<a href=\"\/cs\/o-nas\/vyzkum-inovace\/\">\n\t\t\t\t\t\t\t<img decoding=\"async\" width=\"782\" height=\"587\" src=\"https:\/\/spolchemie.two.testovaciverze.cz\/wp-content\/uploads\/2023\/03\/show-image-6.jpg\" class=\"attachment-large size-large wp-image-114\" alt=\"\" srcset=\"https:\/\/spolchemie.two.testovaciverze.cz\/wp-content\/uploads\/2023\/03\/show-image-6.jpg 782w, https:\/\/spolchemie.two.testovaciverze.cz\/wp-content\/uploads\/2023\/03\/show-image-6-300x225.jpg 300w, https:\/\/spolchemie.two.testovaciverze.cz\/wp-content\/uploads\/2023\/03\/show-image-6-768x576.jpg 768w\" sizes=\"(max-width: 782px) 100vw, 782px\" \/>\t\t\t\t\t\t\t\t<\/a>\n\t\t\t\t\t\t\t\t\t\t\t\t\t\t\t<\/div>\n\t\t\t\t<div class=\"elementor-element elementor-element-bdd6cee elementor-widget elementor-widget-heading\" data-id=\"bdd6cee\" data-element_type=\"widget\" data-widget_type=\"heading.default\">\n\t\t\t\t\t<h2 class=\"elementor-heading-title elementor-size-default\"><a href=\"\/cs\/o-nas\/vyzkum-inovace\/\">V\u00fdzkum &amp; Inovace<\/a><\/h2>\t\t\t\t<\/div>\n\t\t\t\t\t<\/div>\n\t\t\t\t<\/div>\n\t\t<div class=\"elementor-element elementor-element-d2c8246 e-flex e-con-boxed e-con e-child\" data-id=\"d2c8246\" data-element_type=\"container\">\n\t\t\t\t\t<div class=\"e-con-inner\">\n\t\t\t\t<div class=\"elementor-element elementor-element-22c63c9 elementor-widget elementor-widget-image\" data-id=\"22c63c9\" data-element_type=\"widget\" data-widget_type=\"image.default\">\n\t\t\t\t\t\t\t\t\t\t\t\t\t\t\t\t<a href=\"\/cs\/odpovedna-firma\/udrzitelny-rozvoj\/\">\n\t\t\t\t\t\t\t<img loading=\"lazy\" decoding=\"async\" width=\"800\" height=\"600\" src=\"https:\/\/spolchemie.two.testovaciverze.cz\/wp-content\/uploads\/2023\/03\/show-image-7.jpg\" class=\"attachment-large size-large wp-image-113\" alt=\"\" srcset=\"https:\/\/spolchemie.two.testovaciverze.cz\/wp-content\/uploads\/2023\/03\/show-image-7.jpg 800w, https:\/\/spolchemie.two.testovaciverze.cz\/wp-content\/uploads\/2023\/03\/show-image-7-300x225.jpg 300w, https:\/\/spolchemie.two.testovaciverze.cz\/wp-content\/uploads\/2023\/03\/show-image-7-768x576.jpg 768w\" sizes=\"(max-width: 800px) 100vw, 800px\" \/>\t\t\t\t\t\t\t\t<\/a>\n\t\t\t\t\t\t\t\t\t\t\t\t\t\t\t<\/div>\n\t\t\t\t<div class=\"elementor-element elementor-element-14b77bc elementor-widget elementor-widget-heading\" data-id=\"14b77bc\" data-element_type=\"widget\" data-widget_type=\"heading.default\">\n\t\t\t\t\t<h2 class=\"elementor-heading-title elementor-size-default\"><a href=\"\/cs\/odpovedna-firma\/udrzitelny-rozvoj\/\">Udr\u017eiteln\u00fd rozvoj<\/a><\/h2>\t\t\t\t<\/div>\n\t\t\t\t\t<\/div>\n\t\t\t\t<\/div>\n\t\t<div class=\"elementor-element elementor-element-1fb2d25 e-flex e-con-boxed e-con e-child\" data-id=\"1fb2d25\" data-element_type=\"container\">\n\t\t\t\t\t<div class=\"e-con-inner\">\n\t\t\t\t<div class=\"elementor-element elementor-element-5bf3e4a elementor-widget elementor-widget-image\" data-id=\"5bf3e4a\" data-element_type=\"widget\" data-widget_type=\"image.default\">\n\t\t\t\t\t\t\t\t\t\t\t\t\t\t\t\t<a href=\"\/cs\/o-nas\/clenstvi-v-asociacich\/\">\n\t\t\t\t\t\t\t<img loading=\"lazy\" decoding=\"async\" width=\"781\" height=\"586\" src=\"https:\/\/spolchemie.two.testovaciverze.cz\/wp-content\/uploads\/2023\/03\/show-image-8.jpg\" class=\"attachment-large size-large wp-image-112\" alt=\"\" srcset=\"https:\/\/spolchemie.two.testovaciverze.cz\/wp-content\/uploads\/2023\/03\/show-image-8.jpg 781w, https:\/\/spolchemie.two.testovaciverze.cz\/wp-content\/uploads\/2023\/03\/show-image-8-300x225.jpg 300w, https:\/\/spolchemie.two.testovaciverze.cz\/wp-content\/uploads\/2023\/03\/show-image-8-768x576.jpg 768w\" sizes=\"(max-width: 781px) 100vw, 781px\" \/>\t\t\t\t\t\t\t\t<\/a>\n\t\t\t\t\t\t\t\t\t\t\t\t\t\t\t<\/div>\n\t\t\t\t<div class=\"elementor-element elementor-element-ae819fd elementor-widget elementor-widget-heading\" data-id=\"ae819fd\" data-element_type=\"widget\" data-widget_type=\"heading.default\">\n\t\t\t\t\t<h2 class=\"elementor-heading-title elementor-size-default\"><a href=\"\/cs\/o-nas\/clenstvi-v-asociacich\/\">\u010clenstv\u00ed v asociac\u00edch<\/a><\/h2>\t\t\t\t<\/div>\n\t\t\t\t\t<\/div>\n\t\t\t\t<\/div>\n\t\t\t\t\t<\/div>\n\t\t\t\t<\/div>\n\t\t<div class=\"elementor-element elementor-element-f513ee7 e-flex e-con-boxed e-con e-parent\" data-id=\"f513ee7\" data-element_type=\"container\" data-settings=\"{&quot;background_background&quot;:&quot;gradient&quot;}\">\n\t\t\t\t\t<div class=\"e-con-inner\">\n\t\t<div class=\"elementor-element elementor-element-5f1b015 e-flex e-con-boxed e-con e-child\" data-id=\"5f1b015\" data-element_type=\"container\">\n\t\t\t\t\t<div class=\"e-con-inner\">\n\t\t\t\t<div class=\"elementor-element elementor-element-0e48794 elementor-widget elementor-widget-heading\" data-id=\"0e48794\" data-element_type=\"widget\" data-widget_type=\"heading.default\">\n\t\t\t\t\t<h2 class=\"elementor-heading-title elementor-size-default\">Budoucnost d\u00edky inovac\u00edm,<br>\ninovace d\u00edky zku\u0161enostem<\/h2>\t\t\t\t<\/div>\n\t\t\t\t<div class=\"elementor-element elementor-element-2cc120f elementor-widget elementor-widget-text-editor\" data-id=\"2cc120f\" data-element_type=\"widget\" data-widget_type=\"text-editor.default\">\n\t\t\t\t\t\t\t\t\t<p><span style=\"text-decoration: underline;\">150 expert\u016f ve v\u00fdzkumu a v\u00fdvoji<\/span> pro na\u0161e z\u00e1kazn\u00edky vytv\u00e1\u0159\u00ed inovativn\u00ed \u0159e\u0161en\u00ed, kter\u00e1 respektuj\u00ed nejnov\u011bj\u0161\u00ed trendy a n\u00e1ro\u010dn\u00e9 environment\u00e1ln\u00ed po\u017eadavky.<\/p>\t\t\t\t\t\t\t\t<\/div>\n\t\t\t\t\t<\/div>\n\t\t\t\t<\/div>\n\t\t<div class=\"elementor-element elementor-element-4ea520d e-flex e-con-boxed e-con e-child\" data-id=\"4ea520d\" data-element_type=\"container\" id=\"add-mask\">\n\t\t\t\t\t<div class=\"e-con-inner\">\n\t\t\t\t<div class=\"elementor-element elementor-element-85ac0dc elementor-widget elementor-widget-image\" data-id=\"85ac0dc\" data-element_type=\"widget\" data-widget_type=\"image.default\">\n\t\t\t\t\t\t\t\t\t\t\t\t\t\t\t<img loading=\"lazy\" decoding=\"async\" width=\"800\" height=\"447\" src=\"https:\/\/spolchemie.two.testovaciverze.cz\/wp-content\/uploads\/2023\/03\/show-image-1-1.jpg\" class=\"attachment-large size-large wp-image-208\" alt=\"\" srcset=\"https:\/\/spolchemie.two.testovaciverze.cz\/wp-content\/uploads\/2023\/03\/show-image-1-1.jpg 999w, https:\/\/spolchemie.two.testovaciverze.cz\/wp-content\/uploads\/2023\/03\/show-image-1-1-300x168.jpg 300w, https:\/\/spolchemie.two.testovaciverze.cz\/wp-content\/uploads\/2023\/03\/show-image-1-1-768x429.jpg 768w\" sizes=\"(max-width: 800px) 100vw, 800px\" \/>\t\t\t\t\t\t\t\t\t\t\t\t\t\t\t<\/div>\n\t\t\t\t\t<\/div>\n\t\t\t\t<\/div>\n\t\t\t\t\t<\/div>\n\t\t\t\t<\/div>\n\t\t\t\t<\/div>\n\t\t","protected":false},"excerpt":{"rendered":"<p>Spolchemie SPOLCHEMIE je \u010desk\u00e1 chemick\u00e1 spole\u010dnost s tradic\u00ed sahaj\u00edc\u00ed a\u017e do roku 1856. Dnes pat\u0159\u00edme mezi p\u0159edn\u00ed evropsk\u00e9 v\u00fdrobce syntetick\u00fdch prysky\u0159ic. N\u00e1\u0161 z\u00e1kladn\u00ed sortiment tvo\u0159\u00ed epoxidov\u00e9 a alkydov\u00e9 prysky\u0159ice, hydroxidy a chlorov\u00e9 deriv\u00e1ty, tvrdidla a rozpou\u0161t\u011bdla. Na\u0161e v\u00fdrobky nach\u00e1z\u00ed uplatn\u011bn\u00ed v automobilov\u00e9m, stavebn\u00edm, energetick\u00e9m, elektrotechnick\u00e9m, farmaceutick\u00e9m pr\u016fmyslu a\u00a0 mnoha dal\u0161\u00edch odv\u011btv\u00edch. Historie V\u00fdzkum &amp; Inovace [&hellip;]<\/p>\n","protected":false},"author":1,"featured_media":0,"parent":0,"menu_order":0,"comment_status":"closed","ping_status":"closed","template":"","meta":{"_acf_changed":false,"_seopress_robots_primary_cat":"","_seopress_titles_title":"","_seopress_titles_desc":"","_seopress_robots_index":"","footnotes":"","_links_to":"","_links_to_target":""},"class_list":["post-204","page","type-page","status-publish","hentry"],"acf":[],"_links":{"self":[{"href":"https:\/\/spolchemie.two.testovaciverze.cz\/cs\/wp-json\/wp\/v2\/pages\/204","targetHints":{"allow":["GET"]}}],"collection":[{"href":"https:\/\/spolchemie.two.testovaciverze.cz\/cs\/wp-json\/wp\/v2\/pages"}],"about":[{"href":"https:\/\/spolchemie.two.testovaciverze.cz\/cs\/wp-json\/wp\/v2\/types\/page"}],"author":[{"embeddable":true,"href":"https:\/\/spolchemie.two.testovaciverze.cz\/cs\/wp-json\/wp\/v2\/users\/1"}],"replies":[{"embeddable":true,"href":"https:\/\/spolchemie.two.testovaciverze.cz\/cs\/wp-json\/wp\/v2\/comments?post=204"}],"version-history":[{"count":49,"href":"https:\/\/spolchemie.two.testovaciverze.cz\/cs\/wp-json\/wp\/v2\/pages\/204\/revisions"}],"predecessor-version":[{"id":95139,"href":"https:\/\/spolchemie.two.testovaciverze.cz\/cs\/wp-json\/wp\/v2\/pages\/204\/revisions\/95139"}],"wp:attachment":[{"href":"https:\/\/spolchemie.two.testovaciverze.cz\/cs\/wp-json\/wp\/v2\/media?parent=204"}],"curies":[{"name":"wp","href":"https:\/\/api.w.org\/{rel}","templated":true}]}}