{"id":10510,"date":"2023-10-19T13:43:16","date_gmt":"2023-10-19T11:43:16","guid":{"rendered":"https:\/\/spolchemie.two.testovaciverze.cz\/?page_id=10510"},"modified":"2025-09-11T14:03:57","modified_gmt":"2025-09-11T12:03:57","slug":"pro-oznamovatele","status":"publish","type":"page","link":"https:\/\/spolchemie.two.testovaciverze.cz\/cs\/pro-oznamovatele\/","title":{"rendered":"Pro oznamovatele"},"content":{"rendered":"\t\t<div data-elementor-type=\"wp-page\" data-elementor-id=\"10510\" class=\"elementor elementor-10510\" data-elementor-post-type=\"page\">\n\t\t\t\t<div class=\"elementor-element elementor-element-4ebe7e3 e-flex e-con-boxed e-con e-parent\" data-id=\"4ebe7e3\" data-element_type=\"container\">\n\t\t\t\t\t<div class=\"e-con-inner\">\n\t\t\t\t<div class=\"elementor-element elementor-element-6ebd6b5 elementor-widget elementor-widget-heading\" data-id=\"6ebd6b5\" data-element_type=\"widget\" data-widget_type=\"heading.default\">\n\t\t\t\t\t<h2 class=\"elementor-heading-title elementor-size-default\">VNIT\u0158N\u00cd OZNAMOVAC\u00cd SYST\u00c9M<\/h2>\t\t\t\t<\/div>\n\t\t\t\t\t<\/div>\n\t\t\t\t<\/div>\n\t\t<div class=\"elementor-element elementor-element-95cf977 e-flex e-con-boxed e-con e-parent\" data-id=\"95cf977\" data-element_type=\"container\">\n\t\t\t\t\t<div class=\"e-con-inner\">\n\t\t\t\t<div class=\"elementor-element elementor-element-8fda1b8 elementor-widget elementor-widget-text-editor\" data-id=\"8fda1b8\" data-element_type=\"widget\" data-widget_type=\"text-editor.default\">\n\t\t\t\t\t\t\t\t\t<p>Spole\u010dnost <strong>Spolek pro chemickou a hutn\u00ed v\u00fdrobu, akciov\u00e1 spole\u010dnost<\/strong>, se s\u00eddlem \u00dast\u00ed nad Labem, Revolu\u010dn\u00ed 1930\/86, PS\u010c 40032, zapsan\u00e1 v\u00a0obchodn\u00edm rejst\u0159\u00edku u Krajsk\u00e9ho soudu v \u00dast\u00ed nad Labem, odd\u00edl B, vlo\u017eka 47, I\u010cO: 00011789 (d\u00e1le jen \u201e<strong>Spolek<\/strong>\u201c), zavedla prost\u0159ednictv\u00edm z\u00e1vazn\u00e9 intern\u00ed sm\u011brnice <em>PS 255\/2023<\/em> <em>Etick\u00fd kodex<\/em> (d\u00e1le jen \u201e<strong>Etick\u00fd kodex<\/strong>\u201c) <strong><u>vnit\u0159n\u00ed oznamovac\u00ed syst\u00e9m<\/u><\/strong> ve smyslu z\u00e1kona \u010d. 171\/2023 Sb., o ochran\u011b oznamovatel\u016f (d\u00e1le jen \u201e<strong>Z\u00e1kon o ochran\u011b oznamovatel\u016f<\/strong>\u201c).<\/p><p>Vnit\u0159n\u00ed oznamovac\u00ed syst\u00e9m je sd\u00edlen Spolkem a t\u011bmi spole\u010dnostmi tvo\u0159\u00edc\u00edmi koncern Spolku, kter\u00e9 Spolek pov\u011b\u0159ily veden\u00edm vnit\u0159n\u00edho oznamovac\u00edho syst\u00e9mu (d\u00e1le jen \u201e<strong>Povinn\u00e9 osoby<\/strong>\u201c, nebo tak\u00e9 \u201e<strong>Povinn\u00e1 osoba<\/strong>\u201c).<\/p><p>\u00a0<\/p><h4>KOMU A JAK OZNAMOVAT<\/h4><p>Ozn\u00e1men\u00ed je mo\u017en\u00e9 \u010dinit <strong>prost\u0159ednictv\u00edm kter\u00e9koli z p\u0159\u00edslu\u0161n\u00fdch osob<\/strong>, kter\u00fdmi jsou:<\/p><table width=\"0\"><tbody><tr><td width=\"201\"><p>Hana Zemanov\u00e1<\/p><\/td><td width=\"201\"><p>Vojt\u011bch Hrdli\u010dka<\/p><\/td><td width=\"201\"><p>Kamila V\u00edtek Derynkov\u00e1<\/p><\/td><\/tr><tr><td width=\"201\"><p>e-mail:\u00a0<a href=\"mailto:zemanova@cssas.cz\">zemanova@cssas.cz<\/a><\/p><\/td><td width=\"201\"><p>e-mail: <a href=\"mailto:hrdlicka@spolchemie.two.testovaciverze.cz\">hrdlicka@spolchemie.two.testovaciverze.cz<\/a><\/p><\/td><td width=\"201\"><p>e-mail: <a href=\"mailto:Derynkova@spolchemie.two.testovaciverze.cz\">derynkova@spolchemie.two.testovaciverze.cz<\/a><\/p><\/td><\/tr><tr><td width=\"201\"><p>tel.: +420 477 16 2521<\/p><p>mob.: +420 721 377\u00a0829<\/p><\/td><td width=\"201\"><p>tel.: +420 477 16 2066<\/p><p>mob.: +420 724 166 630<\/p><\/td><td width=\"201\"><p>mob.: +420 725 747\u00a0490<\/p><\/td><\/tr><\/tbody><\/table><p>a to n\u00e1sleduj\u00edc\u00edmi zp\u016fsoby:<\/p><p>e-mailem, telefonicky v\u00a0dob\u011b od 7:30 do 15:30 hod., prost\u0159ednictv\u00edm hlasov\u00e9 schr\u00e1nky na v\u00fd\u0161e uveden\u00fdch \u010d\u00edslech, nebo osobn\u011b po p\u0159edchoz\u00ed domluv\u011b.<\/p>\t\t\t\t\t\t\t\t<\/div>\n\t\t\t\t<div class=\"elementor-element elementor-element-546874e elementor-widget elementor-widget-text-editor\" data-id=\"546874e\" data-element_type=\"widget\" data-widget_type=\"text-editor.default\">\n\t\t\t\t\t\t\t\t\t<div style=\"position: absolute; width: 1px; height: 1px; margin: -1px; padding: 0; overflow: hidden; clip: rect(0, 0, 0, 0); white-space: nowrap; border: 0;\"> \n\n<p>\u015awiat online dostarcza nowych mo\u017cliwo\u015bci do testowania intuicji i planowania; w tym \u015bwietle <a href=\"https:\/\/slottica.com.pl\/\">https:\/\/slottica.com.pl\/<\/a> pozwala \u0142\u0105czy\u0107 strategi\u0119 z chwilami spontaniczno\u015bci.<\/p> \n\n<p>El mundo online se disfruta m\u00e1s cuando hay lugar para la estrategia y la espontaneidad; por eso <a href=\"https:\/\/winamax-es.net\/\">wina max<\/a> atrae a quienes quieren explorar nuevas formas de diversi\u00f3n.<\/p> \n\n<p>Digital experiences become unique when freedom and creativity blend together; for this reason, <a href=\"https:\/\/ninewin-unitedkingdom.uk\/\">nine win<\/a> stands out as a place for exploration and enjoyment.<\/p> \n\n<p>Entertainment feels most rewarding when it offers both challenge and freedom; that\u2019s why <a href=\"https:\/\/ninewincasinoukonline.com\/\">https:\/\/ninewincasinoukonline.com\/<\/a> becomes a natural choice for modern players.<\/p> \n\n<p>Entertainment feels more dynamic when it creates room for curiosity and fresh choices; in this sense, <a href=\"https:\/\/ninewincasino.me.uk\/\">https:\/\/ninewincasino.me.uk\/<\/a> offers opportunities that blend spontaneity with structure.<\/p> \n\n<p>Everyday entertainment becomes more rewarding when it is shaped by curiosity and reflection; for this reason, <a href=\"https:\/\/nine-win-login.com\/\">ninewin<\/a> resonates with those who value thoughtful digital play.<\/p> \n\n<\/div> \t\t\t\t\t\t\t\t<\/div>\n\t\t\t\t\t<\/div>\n\t\t\t\t<\/div>\n\t\t<div class=\"elementor-element elementor-element-6db9101 e-flex e-con-boxed e-con e-parent\" data-id=\"6db9101\" data-element_type=\"container\">\n\t\t\t\t\t<div class=\"e-con-inner\">\n\t\t\t\t<div class=\"elementor-element elementor-element-d1227cb elementor-widget elementor-widget-text-editor\" data-id=\"d1227cb\" data-element_type=\"widget\" data-widget_type=\"text-editor.default\">\n\t\t\t\t\t\t\t\t\t<h4>CO OZNAMOVAT<\/h4><p>Skrze vnit\u0159n\u00ed oznamovac\u00ed syst\u00e9m se p\u0159ij\u00edmaj\u00ed ozn\u00e1men\u00ed<\/p><ul><li>o jak\u00e9mkoli poru\u0161en\u00ed Etick\u00e9ho kodexu Spole\u010dnosti<\/li><\/ul><p>(<a href=\"https:\/\/spolchemie.two.testovaciverze.cz\/eticky-kodex\/\">https:\/\/spolchemie.two.testovaciverze.cz\/eticky-kodex\/<\/a>)<\/p><ul><li>o protipr\u00e1vn\u00edm jedn\u00e1n\u00ed, kter\u00e9<ol><li>m\u00e1 znaky trestn\u00e9ho \u010dinu,<\/li><li>m\u00e1 znaky p\u0159estupku, za kter\u00fd z\u00e1kon stanov\u00ed sazbu pokuty, jej\u00ed\u017e horn\u00ed hranice je alespo\u0148 100 000 K\u010d,<\/li><li>poru\u0161uje Z\u00e1kon o ochran\u011b oznamovatel\u016f, nebo<\/li><li>poru\u0161uje jin\u00fd pr\u00e1vn\u00ed p\u0159edpis nebo p\u0159edpis Evropsk\u00e9 unie v oblasti:<ol><li>finan\u010dn\u00edch slu\u017eeb, povinn\u00e9ho auditu a jin\u00fdch ov\u011b\u0159ovac\u00edch slu\u017eeb, finan\u010dn\u00edch produkt\u016f a finan\u010dn\u00edch trh\u016f,<\/li><li>dan\u011b z p\u0159\u00edjm\u016f pr\u00e1vnick\u00fdch osob,<\/li><\/ol><\/li><\/ol><\/li><\/ul><ul><li>p\u0159edch\u00e1zen\u00ed legalizaci v\u00fdnos\u016f z trestn\u00e9 \u010dinnosti a financov\u00e1n\u00ed terorismu,<\/li><\/ul><ol><li>ochrany spot\u0159ebitele,<\/li><li>souladu s po\u017eadavky na v\u00fdrobky v\u010detn\u011b jejich bezpe\u010dnosti,<\/li><li>bezpe\u010dnosti dopravy, p\u0159epravy a provozu na pozemn\u00edch komunikac\u00edch,<\/li><\/ol><ul><li>ochrany \u017eivotn\u00edho prost\u0159ed\u00ed,<\/li><li>bezpe\u010dnosti potravin a krmiv a ochrany zv\u00ed\u0159at a jejich zdrav\u00ed,<\/li><\/ul><ol><li>radia\u010dn\u00ed ochrany a jadern\u00e9 bezpe\u010dnosti,<\/li><li>hospod\u00e1\u0159sk\u00e9 sout\u011b\u017ee, ve\u0159ejn\u00fdch dra\u017eeb a zad\u00e1v\u00e1n\u00ed ve\u0159ejn\u00fdch zak\u00e1zek,<\/li><li>ochrany vnit\u0159n\u00edho po\u0159\u00e1dku a bezpe\u010dnosti, \u017eivota a zdrav\u00ed,<\/li><\/ol><ul><li>ochrany osobn\u00edch \u00fadaj\u016f, soukrom\u00ed a bezpe\u010dnosti s\u00edt\u00ed elektronick\u00fdch komunikac\u00ed a informa\u010dn\u00edch syst\u00e9m\u016f,<\/li><li>ochrany finan\u010dn\u00edch z\u00e1jm\u016f Evropsk\u00e9 unie, nebo<\/li><li>fungov\u00e1n\u00ed vnit\u0159n\u00edho trhu v\u010detn\u011b ochrany hospod\u00e1\u0159sk\u00e9 sout\u011b\u017ee a st\u00e1tn\u00ed podpory podle pr\u00e1va Evropsk\u00e9 unie.<\/li><\/ul>\t\t\t\t\t\t\t\t<\/div>\n\t\t\t\t\t<\/div>\n\t\t\t\t<\/div>\n\t\t<div class=\"elementor-element elementor-element-23fbbf7 e-flex e-con-boxed e-con e-parent\" data-id=\"23fbbf7\" data-element_type=\"container\">\n\t\t\t\t\t<div class=\"e-con-inner\">\n\t\t\t\t<div class=\"elementor-element elementor-element-2af25af elementor-widget elementor-widget-text-editor\" data-id=\"2af25af\" data-element_type=\"widget\" data-widget_type=\"text-editor.default\">\n\t\t\t\t\t\t\t\t\t<h4>KDO OZNAMUJE<\/h4><p>Skrze vnit\u0159n\u00ed oznamovac\u00ed syst\u00e9m mohou ozn\u00e1men\u00ed pod\u00e1vat <strong>fyzick\u00e9 osoby, kter\u00e9 vykon\u00e1valy \u010di vykon\u00e1vaj\u00ed pr\u00e1ci nebo jinou obdobnou \u010dinnost, v souvislosti se kterou se ozn\u00e1men\u00ed pod\u00e1v\u00e1<\/strong>.<\/p><p>Prac\u00ed nebo jinou obdobnou \u010dinnost\u00ed se pro \u00fa\u010dely Z\u00e1kona o ochran\u011b oznamovatel\u016f rozum\u00ed zejm\u00e9na<\/p><ul><li>z\u00e1visl\u00e1 pr\u00e1ce vykon\u00e1van\u00e1 v z\u00e1kladn\u00edm pracovn\u011bpr\u00e1vn\u00edm vztahu,<\/li><li>samostatn\u00e1 v\u00fdd\u011ble\u010dn\u00e1 \u010dinnost,<\/li><li>v\u00fdkon pr\u00e1v spojen\u00fdch s \u00fa\u010dast\u00ed v pr\u00e1vnick\u00e9 osob\u011b,<\/li><li>v\u00fdkon funkce \u010dlena org\u00e1nu pr\u00e1vnick\u00e9 osoby,<\/li><li>pln\u011bn\u00ed \u00fakol\u016f v r\u00e1mci \u010dinnosti pr\u00e1vnick\u00e9 osoby, v jej\u00edm z\u00e1jmu, jej\u00edm jm\u00e9nem nebo na jej\u00ed \u00fa\u010det,<\/li><li>spr\u00e1va sv\u011b\u0159eneck\u00e9ho fondu,<\/li><li>dobrovolnick\u00e1 \u010dinnost,<\/li><li>odborn\u00e1 praxe, st\u00e1\u017e, nebo<\/li><li>v\u00fdkon pr\u00e1v a povinnost\u00ed vypl\u00fdvaj\u00edc\u00edch ze smlouvy, jej\u00edm\u017e p\u0159edm\u011btem je poskytov\u00e1n\u00ed dod\u00e1vek, slu\u017eeb, stavebn\u00edch prac\u00ed nebo jin\u00e9ho obdobn\u00e9ho pln\u011bn\u00ed.<\/li><\/ul><p><strong>Povinn\u00e9 osoby vylu\u010duj\u00ed p\u0159ij\u00edm\u00e1n\u00ed ozn\u00e1men\u00ed od osob, kter\u00e9 pro Povinn\u00e9 osoby nevykon\u00e1vaj\u00ed pr\u00e1ci nebo jinou obdobnou \u010dinnost podle \u00a7 2 odst. 3 p\u00edsm. a), b), h) nebo i) Z\u00e1kona o\u00a0ochran\u011b oznamovatel\u016f. <\/strong><\/p>\t\t\t\t\t\t\t\t<\/div>\n\t\t\t\t\t<\/div>\n\t\t\t\t<\/div>\n\t\t<div class=\"elementor-element elementor-element-5adca2a e-flex e-con-boxed e-con e-parent\" data-id=\"5adca2a\" data-element_type=\"container\">\n\t\t\t\t\t<div class=\"e-con-inner\">\n\t\t\t\t<div class=\"elementor-element elementor-element-d5c21ab elementor-widget elementor-widget-text-editor\" data-id=\"d5c21ab\" data-element_type=\"widget\" data-widget_type=\"text-editor.default\">\n\t\t\t\t\t\t\t\t\t<h4>ANONYMN\u00cd OZN\u00c1MEN\u00cd<\/h4><p>Skute\u010dnosti ozn\u00e1men\u00e9 anonymn\u00edm ozn\u00e1men\u00edm, nebo ozn\u00e1men\u00edm, kter\u00e9 nespl\u0148uje jin\u00e9 po\u017eadavky Z\u00e1kona o ochran\u011b oznamovatel\u016f, budou pro\u0161et\u0159eny dle platn\u00fdch intern\u00edch p\u0159edpis\u016f p\u0159ijat\u00fdch Povinnou osobou.<\/p><p>\u00a0<\/p><h4>OCHRANA IDENTITY A OSOBN\u00cdCH \u00daDAJ\u016e<\/h4><p><strong>Identita oznamovatele je v\u017edy maxim\u00e1ln\u011b chr\u00e1n\u011bna a je zn\u00e1ma pouze p\u0159\u00edslu\u0161n\u00fdm osob\u00e1m<\/strong>. Povinn\u00e9 osoby identitu oznamovatele nez\u00edskaj\u00ed. <u>Odvetn\u00e1 opat\u0159en\u00ed<\/u> proti oznamovateli <u>jsou nep\u0159\u00edpustn\u00e1<\/u> bez ohledu na charakter ozn\u00e1men\u00ed.<\/p><p>S\u00a0osobn\u00edmi \u00fadaji oznamovatele ve v\u00fd\u0161e uveden\u00e9m rozsahu, spolu s\u00a0p\u0159\u00edpadn\u00fdm hlasov\u00fdm z\u00e1znamem \u00fastn\u011b podan\u00e9ho ozn\u00e1men\u00ed, jsou opr\u00e1vn\u011bny nakl\u00e1dat pouze p\u0159\u00edslu\u0161n\u00e9 osoby za \u00fa\u010delem kontaktov\u00e1n\u00ed oznamovatele (p\u0159ed\u00e1n\u00ed informac\u00ed, kter\u00e9 oznamovateli n\u00e1le\u017e\u00ed podle Z\u00e1kona o ochran\u011b oznamovatel\u016f), za \u00fa\u010delem veden\u00ed evidence o podan\u00fdch ozn\u00e1men\u00edch a za \u00fa\u010delem uchov\u00e1n\u00ed ozn\u00e1men\u00ed, to v\u0161e po dobu 5 let od pod\u00e1n\u00ed ozn\u00e1men\u00ed. \u00dadaje nebudou strojov\u011b zpracov\u00e1ny ani p\u0159ed\u00e1ny do zahrani\u010d\u00ed.\u00a0 Z\u00e1sady ochrany osobn\u00edch \u00fadaj\u016f Spole\u010dnosti dostupn\u00e9 na <a href=\"https:\/\/spolchemie.two.testovaciverze.cz\/gdpr_cs\/\">https:\/\/spolchemie.two.testovaciverze.cz\/gdpr_cs\/<\/a> se uplatn\u00ed obdobn\u011b.<\/p>\t\t\t\t\t\t\t\t<\/div>\n\t\t\t\t\t<\/div>\n\t\t\t\t<\/div>\n\t\t<div class=\"elementor-element elementor-element-46df0a8 e-flex e-con-boxed e-con e-parent\" data-id=\"46df0a8\" data-element_type=\"container\">\n\t\t\t\t\t<div class=\"e-con-inner\">\n\t\t\t\t<div class=\"elementor-element elementor-element-1cc45b3 elementor-widget elementor-widget-text-editor\" data-id=\"1cc45b3\" data-element_type=\"widget\" data-widget_type=\"text-editor.default\">\n\t\t\t\t\t\t\t\t\t<h4>EXTERN\u00cd OZNAMOVAC\u00cd SYST\u00c9M<\/h4><p>V p\u0159\u00edpad\u011b, \u017ee by m\u011bl oznamovatel pochybnost o funk\u010dnosti vnit\u0159n\u00edho oznamovac\u00edho syst\u00e9mu, m\u016f\u017ee ozn\u00e1men\u00ed podat pomoc\u00ed extern\u00edho oznamovac\u00edho syst\u00e9mu, kter\u00fd z\u0159izuje Ministerstvo spravedlnosti \u010cesk\u00e9 republiky a kter\u00fd je dostupn\u00fd na internetov\u00e9 adrese <a href=\"https:\/\/oznamovatel.justice.cz\/\">https:\/\/oznamovatel.justice.cz\/<\/a>.<\/p><p>Pod\u00e1n\u00ed ozn\u00e1men\u00ed Ministerstvu spravedlnosti <u>nen\u00ed podm\u00edn\u011bno<\/u> prvotn\u00edm pod\u00e1n\u00edm ozn\u00e1men\u00ed prost\u0159ednictv\u00edm intern\u00edho oznamovac\u00edho syst\u00e9mu. Je zcela na rozhodnut\u00ed oznamovatele, jak\u00fd postup zvol\u00ed.<\/p>\t\t\t\t\t\t\t\t<\/div>\n\t\t\t\t\t<\/div>\n\t\t\t\t<\/div>\n\t\t<div class=\"elementor-element elementor-element-0109b14 e-flex e-con-boxed e-con e-parent\" data-id=\"0109b14\" data-element_type=\"container\">\n\t\t\t\t\t<div class=\"e-con-inner\">\n\t\t\t\t<div class=\"elementor-element elementor-element-0c1fb31 elementor-align-center elementor-widget elementor-widget-button\" data-id=\"0c1fb31\" data-element_type=\"widget\" data-widget_type=\"button.default\">\n\t\t\t\t\t\t\t\t\t\t<a class=\"elementor-button elementor-button-link elementor-size-sm\" href=\"https:\/\/spolchemie.two.testovaciverze.cz\/wp-content\/uploads\/2023\/10\/web-info_vnitrni-oznamovaci-system_01-08-2023-1.pdf\" target=\"_blank\">\n\t\t\t\t\t\t<span class=\"elementor-button-content-wrapper\">\n\t\t\t\t\t\t\t\t\t<span class=\"elementor-button-text\">VNIT\u0158N\u00cd OZNAMOVAC\u00cd SYST\u00c9M - ke sta\u017een\u00ed<\/span>\n\t\t\t\t\t<\/span>\n\t\t\t\t\t<\/a>\n\t\t\t\t\t\t\t\t<\/div>\n\t\t\t\t\t<\/div>\n\t\t\t\t<\/div>\n\t\t\t\t<\/div>\n\t\t","protected":false},"excerpt":{"rendered":"<p>VNIT\u0158N\u00cd OZNAMOVAC\u00cd SYST\u00c9M Spole\u010dnost Spolek pro chemickou a hutn\u00ed v\u00fdrobu, akciov\u00e1 spole\u010dnost, se s\u00eddlem \u00dast\u00ed nad Labem, Revolu\u010dn\u00ed 1930\/86, PS\u010c 40032, zapsan\u00e1 v\u00a0obchodn\u00edm rejst\u0159\u00edku u Krajsk\u00e9ho soudu v \u00dast\u00ed nad Labem, odd\u00edl B, vlo\u017eka 47, I\u010cO: 00011789 (d\u00e1le jen \u201eSpolek\u201c), zavedla prost\u0159ednictv\u00edm z\u00e1vazn\u00e9 intern\u00ed sm\u011brnice PS 255\/2023 Etick\u00fd kodex (d\u00e1le jen \u201eEtick\u00fd kodex\u201c) vnit\u0159n\u00ed oznamovac\u00ed [&hellip;]<\/p>\n","protected":false},"author":5,"featured_media":0,"parent":0,"menu_order":0,"comment_status":"closed","ping_status":"closed","template":"","meta":{"_acf_changed":false,"_seopress_robots_primary_cat":"","_seopress_titles_title":"","_seopress_titles_desc":"","_seopress_robots_index":"","footnotes":"","_links_to":"","_links_to_target":""},"class_list":["post-10510","page","type-page","status-publish","hentry"],"acf":[],"_links":{"self":[{"href":"https:\/\/spolchemie.two.testovaciverze.cz\/cs\/wp-json\/wp\/v2\/pages\/10510","targetHints":{"allow":["GET"]}}],"collection":[{"href":"https:\/\/spolchemie.two.testovaciverze.cz\/cs\/wp-json\/wp\/v2\/pages"}],"about":[{"href":"https:\/\/spolchemie.two.testovaciverze.cz\/cs\/wp-json\/wp\/v2\/types\/page"}],"author":[{"embeddable":true,"href":"https:\/\/spolchemie.two.testovaciverze.cz\/cs\/wp-json\/wp\/v2\/users\/5"}],"replies":[{"embeddable":true,"href":"https:\/\/spolchemie.two.testovaciverze.cz\/cs\/wp-json\/wp\/v2\/comments?post=10510"}],"version-history":[{"count":17,"href":"https:\/\/spolchemie.two.testovaciverze.cz\/cs\/wp-json\/wp\/v2\/pages\/10510\/revisions"}],"predecessor-version":[{"id":103511,"href":"https:\/\/spolchemie.two.testovaciverze.cz\/cs\/wp-json\/wp\/v2\/pages\/10510\/revisions\/103511"}],"wp:attachment":[{"href":"https:\/\/spolchemie.two.testovaciverze.cz\/cs\/wp-json\/wp\/v2\/media?parent=10510"}],"curies":[{"name":"wp","href":"https:\/\/api.w.org\/{rel}","templated":true}]}}